{"id":10844,"date":"2020-05-07T11:39:39","date_gmt":"2020-05-07T08:39:39","guid":{"rendered":"https:\/\/www.kartes.lv\/?page_id=10844"},"modified":"2021-10-27T10:23:40","modified_gmt":"2021-10-27T07:23:40","slug":"karsu-automats","status":"publish","type":"page","link":"https:\/\/www.kartes.lv\/en\/karsu-automats\/","title":{"rendered":"Map Machine"},"content":{"rendered":"<p><\/p>\n<h3><\/h3>\n<section id=\"sec1\" class=\"section-padding onepage-section\">\n<div class=\"container\">\n<div class=\"section-title-area\" style=\"text-align: left;\">\n<h2 class=\"section-title\" style=\"font-size: 24px;\">MAP MACHINE\u00a0\u2013 TOURIST INFORMATION POINT 24\/7<\/h2>\n<\/div>\n<div class=\"row\">\n<div class=\"col-lg-12 col-sm-12 wow slideInUp\" style=\"visibility: visible; animation-name: slideInUp;\">\n<div class=\"col-lg-4 col-sm-4\" style=\"text-align: center;\"><img loading=\"lazy\" decoding=\"async\" class=\"alignnone wp-image-10890 size-medium\" src=\"https:\/\/www.kartes.lv\/wp-content\/uploads\/2020\/05\/map-machine-1-300x150.png\" alt=\"\" width=\"300\" height=\"150\" srcset=\"https:\/\/www.kartes.lv\/wp-content\/uploads\/2020\/05\/map-machine-1-300x150.png 300w, https:\/\/www.kartes.lv\/wp-content\/uploads\/2020\/05\/map-machine-1.png 400w\" sizes=\"auto, (max-width: 300px) 100vw, 300px\" \/><\/div>\n<div class=\"col-lg-8 col-sm-8\">\n<p>\u00b7\u00a0When traveling around the region, where the Tourist Information Center is not located or outside working hours, the traveler can get an up-to-date and useful information in one place \u2013 on a map<br \/>\n\u00b7\u00a024\/7 distribution, free for travelers<br \/>\n\u00b7\u00a0Information updated on the map by the Tourist Information Center<br \/>\n\u00b7\u00a0No need for electricity network; battery inside the Map Machine<br \/>\n\u00b7\u00a0Durable steel construction.<\/p>\n<\/div>\n<\/div>\n<\/div>\n<\/div>\n<\/section>\n<section id=\"sec2\" class=\"section-padding onepage-section\">\n<div class=\"container\">\n<div class=\"section-title-area\" style=\"text-align: left;\">\n<h2 class=\"section-title\" style=\"font-size: 24px;\">FOLDED MAPS<\/h2>\n<\/div>\n<div class=\"row\">\n<div class=\"col-lg-12 col-sm-12 wow slideInUp\" style=\"visibility: visible; animation-name: slideInUp;\">\n<div class=\"col-lg-4 col-sm-4\" style=\"text-align: center;\"><img loading=\"lazy\" decoding=\"async\" class=\"alignnone wp-image-10889 size-medium\" src=\"https:\/\/www.kartes.lv\/wp-content\/uploads\/2020\/05\/map-machine-3-300x150.png\" alt=\"\" width=\"300\" height=\"150\" srcset=\"https:\/\/www.kartes.lv\/wp-content\/uploads\/2020\/05\/map-machine-3-300x150.png 300w, https:\/\/www.kartes.lv\/wp-content\/uploads\/2020\/05\/map-machine-3.png 400w\" sizes=\"auto, (max-width: 300px) 100vw, 300px\" \/><\/div>\n<div class=\"col-lg-8 col-sm-8\">\u00b7\u00a0High quality map printing<br \/>\n\u00b7\u00a0Convenient map size when folded<br \/>\n\u00b7\u00a0Three standardized map sizes (612\u00d7420 mm, 700\u00d7500 mm, 840\u00d7550 mm)<br \/>\n\u00b7\u00a0Standardized map layout for easy and fast updating of information<\/div>\n<\/div>\n<\/div>\n<\/div>\n<\/section>\n<section id=\"sec3\" class=\"section-padding onepage-section\">\n<div class=\"container\">\n<div class=\"section-title-area\" style=\"text-align: left;\">\n<h2 class=\"section-title\" style=\"font-size: 24px;\">About Map Machine<\/h2>\n<\/div>\n<div class=\"row\">\n<div class=\"col-lg-12 col-sm-12 wow slideInUp\" style=\"visibility: visible; animation-name: slideInUp;\">\n<div class=\"col-lg-4 col-sm-4\" style=\"text-align: center;\"><img loading=\"lazy\" decoding=\"async\" class=\"alignnone wp-image-10888 size-medium\" src=\"https:\/\/www.kartes.lv\/wp-content\/uploads\/2020\/05\/map-machine-2-300x150.png\" alt=\"\" width=\"300\" height=\"150\" srcset=\"https:\/\/www.kartes.lv\/wp-content\/uploads\/2020\/05\/map-machine-2-300x150.png 300w, https:\/\/www.kartes.lv\/wp-content\/uploads\/2020\/05\/map-machine-2.png 400w\" sizes=\"auto, (max-width: 300px) 100vw, 300px\" \/><\/div>\n<div class=\"col-lg-8 col-sm-8\">\n<p>\u00b7\u00a0Can be placed indoors and outdoors<br \/>\n\u00b7\u00a0Positioning in two possible ways \u2013 freestanding or fixed to a vertical plane, such as wall<br \/>\n\u00b7\u00a0No need for electricity \u2013 Map Machine runs on battery<br \/>\n\u00b7\u00a0Durable steel construction<br \/>\n\u00b7\u00a0Possibility to personalize the design of Map Machine<\/p>\n<\/div>\n<\/div>\n<\/div>\n<\/div>\n<\/section>\n<p>The Map Machines are familiar in Finland, where, in cooperation with the local municipalities, the Map Machines are set up and provide tourists with free maps 24\/7 in more than 110 municipalities. Maps with current tourist information are always available in places where the Tourist Information Center is not available or after its working hours. In cooperation with municipalities, we provide accurate maps and accessible information for tourists.<\/p>\n<div class=\"container\"><video controls=\"controls\" width=\"445\" height=\"445\"><source src=\"\/\/kartes.lv\/video\/Kartes_Map_Machine.mp4\" type=\"video\/mp4\" \/><\/video><\/div>\n<p>NB! Kar\u0161u izdevniec\u012bba J\u0101\u0146a s\u0113ta \/ Jana seta Map Publishers\/\u00a0guarantees the right for using the maps.<\/p>\n<p style=\"text-align: right;\"><span class=\"JsGRdQ\">\u00a0<\/span><\/p>\n<div class=\"section-title-area\" style=\"text-align: left;\">\n<h2 class=\"section-title\" style=\"font-size: 24px;\">CONTACT US<\/h2>\n<\/div>\n<div class=\"row\">\n<div class=\"col-lg-12 col-sm-12 wow slideInUp\" style=\"visibility: visible; animation-name: slideInUp;\">\n<div class=\"col-lg-5 col-sm-5\">\n<p><img loading=\"lazy\" decoding=\"async\" class=\"alignnone wp-image-4969 size-medium\" src=\"https:\/\/www.kartes.lv\/wp-content\/uploads\/2016\/08\/ValdisS_labots_800x400-300x150.jpg\" alt=\"\" width=\"300\" height=\"150\" srcset=\"https:\/\/www.kartes.lv\/wp-content\/uploads\/2016\/08\/ValdisS_labots_800x400-300x150.jpg 300w, https:\/\/www.kartes.lv\/wp-content\/uploads\/2016\/08\/ValdisS_labots_800x400-400x200.jpg 400w, https:\/\/www.kartes.lv\/wp-content\/uploads\/2016\/08\/ValdisS_labots_800x400-600x300.jpg 600w, https:\/\/www.kartes.lv\/wp-content\/uploads\/2016\/08\/ValdisS_labots_800x400-768x384.jpg 768w, https:\/\/www.kartes.lv\/wp-content\/uploads\/2016\/08\/ValdisS_labots_800x400.jpg 800w\" sizes=\"auto, (max-width: 300px) 100vw, 300px\" \/><\/p>\n<h5 style=\"font-weight: 800; letter-spacing: 1px;\">MR.\u00a0VALDIS \u0160MITS<\/h5>\n<hr \/>\n<p><strong>Head of Sales<\/strong><\/p>\n<hr \/>\n<p><strong>Phone:<\/strong>\u00a0+371 22019364<br \/>\n<strong>E-mail:<\/strong>\u00a0<a href=\"mailto:valdis.smits@kartes.lv\">valdis.smits@kartes.lv<\/a><\/p>\n<\/div>\n<div class=\"col-lg-7 col-sm-7\">\n<div class=\"contact-form wow\" style=\"visibility: visible;\">\n<div id=\"wpcf7-f14-o1\" class=\"wpcf7\" dir=\"ltr\" lang=\"en-US\">\n<div class=\"screen-reader-response\"><\/div>\n<p style=\"text-align: left;\">Please contact us to get an offer!<\/p>\n<form class=\"wpcf7-form\" action=\"https:\/\/www.kartes.lv\/en\/#wpcf7-f14-o1\" method=\"post\" novalidate=\"novalidate\"><label>Your e-mail (REQUIRED)<br \/>\n<span class=\"wpcf7-form-control-wrap your-email\"><input class=\"wpcf7-form-control wpcf7-text wpcf7-email wpcf7-validates-as-required wpcf7-validates-as-email\" name=\"your-email\" size=\"40\" type=\"email\" value=\"\" \/><\/span><\/label><label>Subject<br \/>\n<span class=\"wpcf7-form-control-wrap your-subject\"><input class=\"wpcf7-form-control wpcf7-text\" name=\"your-subject\" size=\"40\" type=\"text\" value=\"\" \/><\/span><\/label><label>Your Message<br \/>\n<span class=\"wpcf7-form-control-wrap your-message\"><textarea class=\"wpcf7-form-control wpcf7-textarea\" cols=\"40\" name=\"your-message\" rows=\"10\"><\/textarea><\/span><\/label><input class=\"wpcf7-form-control wpcf7-submit\" type=\"submit\" value=\"Send\" \/><img decoding=\"async\" class=\"ajax-loader\" style=\"visibility: hidden;\" src=\"https:\/\/www.kartes.lv\/wp-content\/plugins\/contact-form-7\/images\/ajax-loader.gif\" alt=\"Sending ...\" \/><\/p>\n<div class=\"wpcf7-response-output wpcf7-display-none\"><\/div>\n<\/form>\n<\/div>\n<\/div>\n<\/div>\n<\/div>\n<\/div>\n<p style=\"text-align: right;\">\n<p><\/p>","protected":false},"excerpt":{"rendered":"<p>MAP MACHINE\u00a0\u2013 TOURIST INFORMATION POINT 24\/7 \u00b7\u00a0When traveling around the region, where the Tourist Information Center is not located or outside working hours, the traveler can get an up-to-date and &#8230;<\/p>\n","protected":false},"author":45,"featured_media":0,"parent":0,"menu_order":0,"comment_status":"closed","ping_status":"closed","template":"","meta":{"footnotes":""},"class_list":["post-10844","page","type-page","status-publish","hentry"],"_links":{"self":[{"href":"https:\/\/www.kartes.lv\/en\/wp-json\/wp\/v2\/pages\/10844","targetHints":{"allow":["GET"]}}],"collection":[{"href":"https:\/\/www.kartes.lv\/en\/wp-json\/wp\/v2\/pages"}],"about":[{"href":"https:\/\/www.kartes.lv\/en\/wp-json\/wp\/v2\/types\/page"}],"author":[{"embeddable":true,"href":"https:\/\/www.kartes.lv\/en\/wp-json\/wp\/v2\/users\/45"}],"replies":[{"embeddable":true,"href":"https:\/\/www.kartes.lv\/en\/wp-json\/wp\/v2\/comments?post=10844"}],"version-history":[{"count":51,"href":"https:\/\/www.kartes.lv\/en\/wp-json\/wp\/v2\/pages\/10844\/revisions"}],"predecessor-version":[{"id":12525,"href":"https:\/\/www.kartes.lv\/en\/wp-json\/wp\/v2\/pages\/10844\/revisions\/12525"}],"wp:attachment":[{"href":"https:\/\/www.kartes.lv\/en\/wp-json\/wp\/v2\/media?parent=10844"}],"curies":[{"name":"wp","href":"https:\/\/api.w.org\/{rel}","templated":true}]}}