{"id":12,"date":"2016-08-19T14:23:05","date_gmt":"2016-08-19T12:23:05","guid":{"rendered":"http:\/\/wp4.kartes.lv\/?page_id=12"},"modified":"2021-09-26T15:15:56","modified_gmt":"2021-09-26T12:15:56","slug":"about-us","status":"publish","type":"page","link":"https:\/\/www.kartes.lv\/en\/par-mums\/about-us\/","title":{"rendered":""},"content":{"rendered":"<p>\u201cJ\u0101\u0146a s\u0113ta\u201d Ltd is a leading company in the market of cartography related services\u00a0in the Baltic States since 1992. <em>\u00a0J\u0101\u0146a s\u0113ta<\/em>\u00a0offers a wide range of cartographical editions as well as services of various kinds including polygraphy works, GIS and software development.<\/p>\n<p>Thanks to its professional\u00a0and enthusiastic team of cartographers, GIS engineers and experts, <em>J\u0101\u0146a s\u0113ta<\/em> have created wide range of cartographical editions, from detailed maps covered all territory of Latvia till great geographic atlases in several languages.<\/p>\n<p>Printed maps and atlas is not the only thing the company does. Increasingly larger significance in <em>J\u0101\u0146a s\u0113ta <\/em>service list fills information technology products which are based on geospatially smart solutions.<\/p>","protected":false},"excerpt":{"rendered":"<p>\u201cJ\u0101\u0146a s\u0113ta\u201d Ltd is a leading company in the market of cartography related services\u00a0in the Baltic States since 1992. \u00a0J\u0101\u0146a s\u0113ta\u00a0offers a wide range of cartographical editions as well as &#8230;<\/p>\n","protected":false},"author":4,"featured_media":0,"parent":51,"menu_order":0,"comment_status":"closed","ping_status":"closed","template":"","meta":{"footnotes":""},"class_list":["post-12","page","type-page","status-publish","hentry"],"_links":{"self":[{"href":"https:\/\/www.kartes.lv\/en\/wp-json\/wp\/v2\/pages\/12","targetHints":{"allow":["GET"]}}],"collection":[{"href":"https:\/\/www.kartes.lv\/en\/wp-json\/wp\/v2\/pages"}],"about":[{"href":"https:\/\/www.kartes.lv\/en\/wp-json\/wp\/v2\/types\/page"}],"author":[{"embeddable":true,"href":"https:\/\/www.kartes.lv\/en\/wp-json\/wp\/v2\/users\/4"}],"replies":[{"embeddable":true,"href":"https:\/\/www.kartes.lv\/en\/wp-json\/wp\/v2\/comments?post=12"}],"version-history":[{"count":10,"href":"https:\/\/www.kartes.lv\/en\/wp-json\/wp\/v2\/pages\/12\/revisions"}],"predecessor-version":[{"id":13035,"href":"https:\/\/www.kartes.lv\/en\/wp-json\/wp\/v2\/pages\/12\/revisions\/13035"}],"up":[{"embeddable":true,"href":"https:\/\/www.kartes.lv\/en\/wp-json\/wp\/v2\/pages\/51"}],"wp:attachment":[{"href":"https:\/\/www.kartes.lv\/en\/wp-json\/wp\/v2\/media?parent=12"}],"curies":[{"name":"wp","href":"https:\/\/api.w.org\/{rel}","templated":true}]}}