{"id":16284,"date":"2023-03-22T14:18:51","date_gmt":"2023-03-22T12:18:51","guid":{"rendered":"https:\/\/www.kartes.lv\/?page_id=16284"},"modified":"2023-06-27T09:56:46","modified_gmt":"2023-06-27T06:56:46","slug":"balticmaps","status":"publish","type":"page","link":"https:\/\/www.kartes.lv\/en\/balticmaps\/","title":{"rendered":"Balticmaps"},"content":{"rendered":"<p><\/p>\n<div class=\"row\">\n<div class=\"feature-item col-lg-4 col-sm-6 wow slideInUp\" style=\"visibility: visible; animation-name: slideInUp;\">\n<div class=\"feature-media\"><a href=\"https:\/\/balticmaps.eu\/\" target=\"_blank\" rel=\"noopener\"><br \/>\n<span class=\"icon-image\"><\/p>\n<p><\/span><br \/>\n<\/a><\/div>\n<h4><a href=\"https:\/\/balticmaps.eu\/\" target=\"_blank\" rel=\"noopener\">Baltic Maps<\/a><\/h4>\n<div class=\"feature-item-content\">\n<p style=\"text-align: center;\">One of the most comprehensive web map browsers in the Baltic States. You can see multiple maps (including orthophoto and historical topographic ones), search for addresses or places, plan a route, view real-time traffic data and get more details about points of interest. The page allows you to measure distances on the map, mark points, and send a map link via e-mail. Also, you can import your geometry files in multiple formats and view information such as your run on the map.<\/p>\n<\/div>\n<\/div>\n<div class=\"feature-item col-lg-4 col-sm-6 wow slideInUp\" style=\"visibility: visible; animation-name: slideInUp;\">\n<div class=\"feature-media\"><a href=\"https:\/\/my.balticmaps.eu\/\" target=\"_blank\" rel=\"noopener\"><br \/>\n<span class=\"icon-image\"><\/p>\n<p><\/span><br \/>\n<\/a><\/div>\n<h4><a href=\"https:\/\/my.balticmaps.eu\/\" target=\"_blank\" rel=\"noopener\">My Baltic Maps<\/a><\/h4>\n<div class=\"feature-item-content\">\n<p style=\"text-align: center;\">A self\u2013service map browser offers to create a personalized map for any place in the Baltics and order its original print. You can get a high-resolution print of either the J\u0101\u0146a s\u0113ta traditional map or an orthophoto map.<\/p>\n<\/div>\n<\/div>\n<div class=\"feature-item col-lg-4 col-sm-6 wow slideInUp\" style=\"visibility: visible; animation-name: slideInUp;\">\n<div class=\"feature-media\"><a href=\"https:\/\/manakarte.kartes.lv\" target=\"_blank\" rel=\"noopener\"><br \/>\n<span class=\"icon-image\"><\/p>\n<p><\/span><br \/>\n<\/a><\/div>\n<h4><a href=\"https:\/\/manakarte.kartes.lv\" target=\"_blank\" rel=\"noopener\">Mana karte<\/a><\/h4>\n<div class=\"feature-item-content\">\n<p style=\"text-align: center;\">The Manakarte portal offers an easy way how to make a basic dynamic web map, by placing your marker on the \u2018J\u0101\u0146a s\u0113ta\u2019 base map. You can use it to display your location, for instance, on your website\u2019s contacts page. For publishing it, we offer a ready-to-use embedded code.<\/p>\n<\/div>\n<\/div>\n<\/div>\n<p><\/p>","protected":false},"excerpt":{"rendered":"<p>Baltic Maps One of the most comprehensive web map browsers in the Baltic States. You can see multiple maps (including orthophoto and historical topographic ones), search for addresses or places, &#8230;<\/p>\n","protected":false},"author":4,"featured_media":0,"parent":0,"menu_order":0,"comment_status":"closed","ping_status":"closed","template":"","meta":{"footnotes":""},"class_list":["post-16284","page","type-page","status-publish","hentry"],"_links":{"self":[{"href":"https:\/\/www.kartes.lv\/en\/wp-json\/wp\/v2\/pages\/16284","targetHints":{"allow":["GET"]}}],"collection":[{"href":"https:\/\/www.kartes.lv\/en\/wp-json\/wp\/v2\/pages"}],"about":[{"href":"https:\/\/www.kartes.lv\/en\/wp-json\/wp\/v2\/types\/page"}],"author":[{"embeddable":true,"href":"https:\/\/www.kartes.lv\/en\/wp-json\/wp\/v2\/users\/4"}],"replies":[{"embeddable":true,"href":"https:\/\/www.kartes.lv\/en\/wp-json\/wp\/v2\/comments?post=16284"}],"version-history":[{"count":17,"href":"https:\/\/www.kartes.lv\/en\/wp-json\/wp\/v2\/pages\/16284\/revisions"}],"predecessor-version":[{"id":16664,"href":"https:\/\/www.kartes.lv\/en\/wp-json\/wp\/v2\/pages\/16284\/revisions\/16664"}],"wp:attachment":[{"href":"https:\/\/www.kartes.lv\/en\/wp-json\/wp\/v2\/media?parent=16284"}],"curies":[{"name":"wp","href":"https:\/\/api.w.org\/{rel}","templated":true}]}}