{"id":18618,"date":"2024-06-13T13:45:36","date_gmt":"2024-06-13T10:45:36","guid":{"rendered":"https:\/\/www.kartes.lv\/?page_id=18618"},"modified":"2024-06-13T16:10:50","modified_gmt":"2024-06-13T13:10:50","slug":"ainavu-vertesana","status":"publish","type":"page","link":"https:\/\/www.kartes.lv\/en\/ainavu-vertesana\/","title":{"rendered":"Landscape Impact Assessment in the EIA Process"},"content":{"rendered":"<p>Environmental Impact Assessment (EIA) is a key environmental protection policy instrument that encompasses and influences a wide variety of areas related to the environment, including the impact of proposed activities on the landscape.<\/p>\n<p>Assessing the impact of potential changes on the landscape and cultural-historical objects is a complex task. It requires an in-depth understanding of existing regulatory frameworks and planning documents, surveying the area, assessing the impact of planned activities, modeling various scenarios, and providing recommendations.<\/p>\n<p>J\u0101\u0146a s\u0113ta offers to conduct a landscape impact assessment, ensuring a comprehensive analysis of the planned object&#8217;s impact. Our assessments include both qualitative and quantitative analyses, leveraging our team&#8217;s extensive experience, geographical knowledge, available geospatial data, and expertise in performing geospatial analyses using data from various sources.<\/p>\n<h5><b><span data-contrast=\"none\"><span class=\"TextRun Highlight SCXW68572412 BCX2\" lang=\"LV-LV\" xml:lang=\"LV-LV\" data-contrast=\"none\"><span class=\"NormalTextRun SCXW68572412 BCX2\">Stages of the Landscape Impact Assessment<\/span><\/span><\/span><\/b><\/h5>\n<ul>\n<li data-leveltext=\"-\" data-font=\"RobustaTLPro-Regular\" data-listid=\"1\" data-list-defn-props=\"{&quot;335551500&quot;:2172201,&quot;335551671&quot;:0,&quot;335552541&quot;:1,&quot;335559685&quot;:720,&quot;335559991&quot;:360,&quot;469769226&quot;:&quot;RobustaTLPro-Regular&quot;,&quot;469769242&quot;:[8226],&quot;469777803&quot;:&quot;left&quot;,&quot;469777804&quot;:&quot;-&quot;,&quot;469777815&quot;:&quot;hybridMultilevel&quot;}\" aria-setsize=\"-1\" data-aria-posinset=\"0\" data-aria-level=\"1\"><span data-ccp-props=\"{&quot;201341983&quot;:0,&quot;335551550&quot;:6,&quot;335551620&quot;:6,&quot;335559739&quot;:160,&quot;335559740&quot;:259}\"><strong>Qualitative Approach<\/strong> <\/span><\/li>\n<\/ul>\n<p>In the assessment process, the area is surveyed on-site, with special attention given to significant locations such as cultural-historical and tourism sites, densely populated areas, and particularly valuable viewpoints.<\/p>\n<p>A critical aspect of the assessment is analyzing existing planning documents, focusing on landscape values mentioned in these plans and the compatibility of the proposed activity with these documents, while also considering international experience in landscape impact assessments for similar projects.<\/p>\n<p>Unconventional data sources, such as human movement data in potentially affected areas, are also evaluated.<\/p>\n<ul>\n<li data-leveltext=\"-\" data-font=\"RobustaTLPro-Regular\" data-listid=\"1\" data-list-defn-props=\"{&quot;335551500&quot;:2172201,&quot;335551671&quot;:0,&quot;335552541&quot;:1,&quot;335559685&quot;:720,&quot;335559991&quot;:360,&quot;469769226&quot;:&quot;RobustaTLPro-Regular&quot;,&quot;469769242&quot;:[8226],&quot;469777803&quot;:&quot;left&quot;,&quot;469777804&quot;:&quot;-&quot;,&quot;469777815&quot;:&quot;hybridMultilevel&quot;}\" aria-setsize=\"-1\" data-aria-posinset=\"0\" data-aria-level=\"1\"><b><\/b><strong>Quantitative Approach<\/strong><\/li>\n<\/ul>\n<p><span data-ccp-props=\"{&quot;201341983&quot;:0,&quot;335551550&quot;:6,&quot;335551620&quot;:6,&quot;335559685&quot;:720,&quot;335559739&quot;:160,&quot;335559740&quot;:259}\">To evaluate the concept of the planned activity, it is important to conduct a quantitative analysis that assesses the visual impact of the object on the landscape. This is especially crucial for the impact assessment of wind power stations (WPS), as the visibility distance of these objects can exceed 10 kilometers. In the landscape assessment process, we perform calculations to identify visibility zones around the planned object and assess the population density in the area surrounding the proposed activity. <\/span><\/p>\n<ul>\n<li data-leveltext=\"-\" data-font=\"RobustaTLPro-Regular\" data-listid=\"1\" data-list-defn-props=\"{&quot;335551500&quot;:2172201,&quot;335551671&quot;:0,&quot;335552541&quot;:1,&quot;335559685&quot;:720,&quot;335559991&quot;:360,&quot;469769226&quot;:&quot;RobustaTLPro-Regular&quot;,&quot;469769242&quot;:[8226],&quot;469777803&quot;:&quot;left&quot;,&quot;469777804&quot;:&quot;-&quot;,&quot;469777815&quot;:&quot;hybridMultilevel&quot;}\" aria-setsize=\"-1\" data-aria-posinset=\"0\" data-aria-level=\"1\"><b><\/b><strong>3D Modeling and Visualization Development<\/strong><\/li>\n<\/ul>\n<p>Using GIS solutions, we accurately model how the planned objects will integrate into the landscape. We use precise surface models of the earth to simulate the visibility of specific turbines from surrounding areas. We utilize the latest data on land vegetation and can also model its near-future changes.<\/p>\n<ul>\n<li><strong>Documentation development, recommendations<\/strong><\/li>\n<\/ul>\n<p><span data-contrast=\"auto\">The work of landscape experts and GIS specialists is summarized in a landscape impact assessment report. The report compiles all the conclusions drawn from the conducted assessment and includes modeled views from the most significant viewpoints. The report also contains recommendations for changes in the location or technical parameters of specific objects, or for other measures to mitigate the impact.<br \/>\n<\/span><\/p>\n<section id=\"sec5\" class=\" section-padding onepage-section\">\n<div class=\"container\">\n<div class=\"section-title-area\" style=\"text-align: left;\">\n<h2 class=\"section-title\" style=\"font-size: 24px;\">Examples<\/h2>\n<\/div>\n<div class=\"section-content\">\n<div class=\"row\">\n<div class=\"feature-item col-lg-12 col-sm-12 wow slideInUp\" style=\"visibility: visible; animation-name: slideInUp;\">\n<div class=\"feature-media\" style=\"text-align: initial;\"><img loading=\"lazy\" decoding=\"async\" class=\"wp-image-18629 aligncenter\" src=\"https:\/\/www.kartes.lv\/wp-content\/uploads\/2024\/06\/obj_redz-300x179.png\" alt=\"\" width=\"784\" height=\"468\" srcset=\"https:\/\/www.kartes.lv\/wp-content\/uploads\/2024\/06\/obj_redz-300x179.png 300w, https:\/\/www.kartes.lv\/wp-content\/uploads\/2024\/06\/obj_redz-1024x611.png 1024w, https:\/\/www.kartes.lv\/wp-content\/uploads\/2024\/06\/obj_redz-768x458.png 768w, https:\/\/www.kartes.lv\/wp-content\/uploads\/2024\/06\/obj_redz-400x239.png 400w, https:\/\/www.kartes.lv\/wp-content\/uploads\/2024\/06\/obj_redz-600x358.png 600w, https:\/\/www.kartes.lv\/wp-content\/uploads\/2024\/06\/obj_redz.png 1266w\" sizes=\"auto, (max-width: 784px) 100vw, 784px\" \/><\/div>\n<div><img loading=\"lazy\" decoding=\"async\" class=\" wp-image-18628 aligncenter\" src=\"https:\/\/www.kartes.lv\/wp-content\/uploads\/2024\/06\/obj_redz2-300x157.png\" alt=\"\" width=\"774\" height=\"405\" srcset=\"https:\/\/www.kartes.lv\/wp-content\/uploads\/2024\/06\/obj_redz2-300x157.png 300w, https:\/\/www.kartes.lv\/wp-content\/uploads\/2024\/06\/obj_redz2-400x209.png 400w, https:\/\/www.kartes.lv\/wp-content\/uploads\/2024\/06\/obj_redz2-600x314.png 600w, https:\/\/www.kartes.lv\/wp-content\/uploads\/2024\/06\/obj_redz2.png 738w\" sizes=\"auto, (max-width: 774px) 100vw, 774px\" \/><\/div>\n<h4><\/h4>\n<h4 style=\"text-align: center;\">Example of object visibility analysis<\/h4>\n<\/div>\n<\/div>\n<p>&nbsp;<\/p>\n<div class=\"row\">\n<div class=\"feature-item col-lg-12 col-sm-12 wow slideInUp\" style=\"visibility: visible; animation-name: slideInUp;\">\n<p><img loading=\"lazy\" decoding=\"async\" class=\"wp-image-18627 aligncenter\" src=\"https:\/\/www.kartes.lv\/wp-content\/uploads\/2024\/06\/iedz1-213x300.jpg\" alt=\"\" width=\"547\" height=\"770\" srcset=\"https:\/\/www.kartes.lv\/wp-content\/uploads\/2024\/06\/iedz1-213x300.jpg 213w, https:\/\/www.kartes.lv\/wp-content\/uploads\/2024\/06\/iedz1-728x1024.jpg 728w, https:\/\/www.kartes.lv\/wp-content\/uploads\/2024\/06\/iedz1-768x1080.jpg 768w, https:\/\/www.kartes.lv\/wp-content\/uploads\/2024\/06\/iedz1-1092x1536.jpg 1092w, https:\/\/www.kartes.lv\/wp-content\/uploads\/2024\/06\/iedz1-400x562.jpg 400w, https:\/\/www.kartes.lv\/wp-content\/uploads\/2024\/06\/iedz1-600x844.jpg 600w, https:\/\/www.kartes.lv\/wp-content\/uploads\/2024\/06\/iedz1.jpg 1145w\" sizes=\"auto, (max-width: 547px) 100vw, 547px\" \/><\/p>\n<h4 style=\"text-align: center;\">Example of population density analysis<\/h4>\n<\/div>\n<p>&nbsp;<\/p>\n<\/div>\n<div class=\"section-content\">\n<div class=\"row\">\n<div class=\"feature-item col-lg-12 col-sm-12 wow slideInUp\" style=\"visibility: visible; animation-name: slideInUp;\">\n<div class=\"feature-media\" style=\"text-align: initial;\"><img loading=\"lazy\" decoding=\"async\" class=\"wp-image-18626 aligncenter\" src=\"https:\/\/www.kartes.lv\/wp-content\/uploads\/2024\/06\/ves-300x148.png\" alt=\"\" width=\"783\" height=\"386\" srcset=\"https:\/\/www.kartes.lv\/wp-content\/uploads\/2024\/06\/ves-300x148.png 300w, https:\/\/www.kartes.lv\/wp-content\/uploads\/2024\/06\/ves-1024x506.png 1024w, https:\/\/www.kartes.lv\/wp-content\/uploads\/2024\/06\/ves-768x379.png 768w, https:\/\/www.kartes.lv\/wp-content\/uploads\/2024\/06\/ves-400x198.png 400w, https:\/\/www.kartes.lv\/wp-content\/uploads\/2024\/06\/ves-600x296.png 600w, https:\/\/www.kartes.lv\/wp-content\/uploads\/2024\/06\/ves.png 1364w\" sizes=\"auto, (max-width: 783px) 100vw, 783px\" \/><\/div>\n<div><img loading=\"lazy\" decoding=\"async\" class=\" wp-image-18625 aligncenter\" src=\"https:\/\/www.kartes.lv\/wp-content\/uploads\/2024\/06\/ves2-300x171.jpg\" alt=\"\" width=\"782\" height=\"446\" srcset=\"https:\/\/www.kartes.lv\/wp-content\/uploads\/2024\/06\/ves2-300x171.jpg 300w, https:\/\/www.kartes.lv\/wp-content\/uploads\/2024\/06\/ves2-1024x584.jpg 1024w, https:\/\/www.kartes.lv\/wp-content\/uploads\/2024\/06\/ves2-768x438.jpg 768w, https:\/\/www.kartes.lv\/wp-content\/uploads\/2024\/06\/ves2-400x228.jpg 400w, https:\/\/www.kartes.lv\/wp-content\/uploads\/2024\/06\/ves2-600x342.jpg 600w, https:\/\/www.kartes.lv\/wp-content\/uploads\/2024\/06\/ves2.jpg 1265w\" sizes=\"auto, (max-width: 782px) 100vw, 782px\" \/><\/div>\n<h4><\/h4>\n<h4 style=\"text-align: center;\">3D Modeling<\/h4>\n<p>&nbsp;<\/p>\n<\/div>\n<div class=\"feature-item col-lg-12 col-sm-12 wow slideInUp\" style=\"visibility: visible; animation-name: slideInUp;\">\n<p><img loading=\"lazy\" decoding=\"async\" class=\"wp-image-18624 aligncenter\" src=\"https:\/\/www.kartes.lv\/wp-content\/uploads\/2024\/06\/ain1-300x138.jpg\" alt=\"\" width=\"778\" height=\"358\" srcset=\"https:\/\/www.kartes.lv\/wp-content\/uploads\/2024\/06\/ain1-300x138.jpg 300w, https:\/\/www.kartes.lv\/wp-content\/uploads\/2024\/06\/ain1-1024x472.jpg 1024w, https:\/\/www.kartes.lv\/wp-content\/uploads\/2024\/06\/ain1-768x354.jpg 768w, https:\/\/www.kartes.lv\/wp-content\/uploads\/2024\/06\/ain1-400x185.jpg 400w, https:\/\/www.kartes.lv\/wp-content\/uploads\/2024\/06\/ain1-600x277.jpg 600w, https:\/\/www.kartes.lv\/wp-content\/uploads\/2024\/06\/ain1.jpg 1270w\" sizes=\"auto, (max-width: 778px) 100vw, 778px\" \/><\/p>\n<p><img loading=\"lazy\" decoding=\"async\" class=\" wp-image-18623 aligncenter\" src=\"https:\/\/www.kartes.lv\/wp-content\/uploads\/2024\/06\/ain2-300x138.jpg\" alt=\"\" width=\"774\" height=\"356\" srcset=\"https:\/\/www.kartes.lv\/wp-content\/uploads\/2024\/06\/ain2-300x138.jpg 300w, https:\/\/www.kartes.lv\/wp-content\/uploads\/2024\/06\/ain2-1024x472.jpg 1024w, https:\/\/www.kartes.lv\/wp-content\/uploads\/2024\/06\/ain2-768x354.jpg 768w, https:\/\/www.kartes.lv\/wp-content\/uploads\/2024\/06\/ain2-400x185.jpg 400w, https:\/\/www.kartes.lv\/wp-content\/uploads\/2024\/06\/ain2-600x277.jpg 600w, https:\/\/www.kartes.lv\/wp-content\/uploads\/2024\/06\/ain2.jpg 1268w\" sizes=\"auto, (max-width: 774px) 100vw, 774px\" \/><\/p>\n<p><img loading=\"lazy\" decoding=\"async\" class=\" wp-image-18622 aligncenter\" src=\"https:\/\/www.kartes.lv\/wp-content\/uploads\/2024\/06\/ain3-300x138.jpg\" alt=\"\" width=\"773\" height=\"356\" srcset=\"https:\/\/www.kartes.lv\/wp-content\/uploads\/2024\/06\/ain3-300x138.jpg 300w, https:\/\/www.kartes.lv\/wp-content\/uploads\/2024\/06\/ain3-1024x472.jpg 1024w, https:\/\/www.kartes.lv\/wp-content\/uploads\/2024\/06\/ain3-768x354.jpg 768w, https:\/\/www.kartes.lv\/wp-content\/uploads\/2024\/06\/ain3-400x184.jpg 400w, https:\/\/www.kartes.lv\/wp-content\/uploads\/2024\/06\/ain3-600x277.jpg 600w, https:\/\/www.kartes.lv\/wp-content\/uploads\/2024\/06\/ain3.jpg 1269w\" sizes=\"auto, (max-width: 773px) 100vw, 773px\" \/><\/p>\n<h4 style=\"text-align: center;\">Modeling the placement of turbines in nature<\/h4>\n<\/div>\n<\/div>\n<\/div>\n<\/div>\n<\/div>\n<\/section>\n<p><\/p>","protected":false},"excerpt":{"rendered":"<p>Environmental Impact Assessment (EIA) is a key environmental protection policy instrument that encompasses and influences a wide variety of areas related to the environment, including the impact of proposed activities &#8230;<\/p>\n","protected":false},"author":4,"featured_media":0,"parent":0,"menu_order":0,"comment_status":"closed","ping_status":"closed","template":"","meta":{"footnotes":""},"class_list":["post-18618","page","type-page","status-publish","hentry"],"_links":{"self":[{"href":"https:\/\/www.kartes.lv\/en\/wp-json\/wp\/v2\/pages\/18618","targetHints":{"allow":["GET"]}}],"collection":[{"href":"https:\/\/www.kartes.lv\/en\/wp-json\/wp\/v2\/pages"}],"about":[{"href":"https:\/\/www.kartes.lv\/en\/wp-json\/wp\/v2\/types\/page"}],"author":[{"embeddable":true,"href":"https:\/\/www.kartes.lv\/en\/wp-json\/wp\/v2\/users\/4"}],"replies":[{"embeddable":true,"href":"https:\/\/www.kartes.lv\/en\/wp-json\/wp\/v2\/comments?post=18618"}],"version-history":[{"count":32,"href":"https:\/\/www.kartes.lv\/en\/wp-json\/wp\/v2\/pages\/18618\/revisions"}],"predecessor-version":[{"id":18659,"href":"https:\/\/www.kartes.lv\/en\/wp-json\/wp\/v2\/pages\/18618\/revisions\/18659"}],"wp:attachment":[{"href":"https:\/\/www.kartes.lv\/en\/wp-json\/wp\/v2\/media?parent=18618"}],"curies":[{"name":"wp","href":"https:\/\/api.w.org\/{rel}","templated":true}]}}