{"id":59,"date":"2016-08-24T13:27:47","date_gmt":"2016-08-24T11:27:47","guid":{"rendered":"http:\/\/wp4.kartes.lv\/?page_id=59"},"modified":"2026-02-19T11:19:08","modified_gmt":"2026-02-19T09:19:08","slug":"realizetie-es-projekti","status":"publish","type":"page","link":"https:\/\/www.kartes.lv\/en\/realizetie-es-projekti\/","title":{"rendered":"Projects"},"content":{"rendered":"<p><\/p>\n<section id=\"sec1\" class=\"section-padding onepage-section\">\n<div class=\"container\">\n<div class=\"section-title-area\" style=\"text-align: left;\">\n<h3>PROJECT &#8220;GEONAME TRANSLATOR FOR MAPS&#8221;<\/h3>\n<\/div>\n<div class=\"row col-lg-12 col-sm-12 wow slideInUp\" style=\"visibility: visible; animation-name: slideInUp;\">\n<div class=\"col-lg-4 col-sm-4\" style=\"text-align: center;\"><img loading=\"lazy\" decoding=\"async\" class=\"alignnone wp-image-6435 size-full\" src=\"https:\/\/www.kartes.lv\/wp-content\/uploads\/2016\/08\/Est_Lat_LOGO.png\" alt=\"\" width=\"800\" height=\"400\" srcset=\"https:\/\/www.kartes.lv\/wp-content\/uploads\/2016\/08\/Est_Lat_LOGO.png 800w, https:\/\/www.kartes.lv\/wp-content\/uploads\/2016\/08\/Est_Lat_LOGO-400x200.png 400w, https:\/\/www.kartes.lv\/wp-content\/uploads\/2016\/08\/Est_Lat_LOGO-600x300.png 600w, https:\/\/www.kartes.lv\/wp-content\/uploads\/2016\/08\/Est_Lat_LOGO-300x150.png 300w, https:\/\/www.kartes.lv\/wp-content\/uploads\/2016\/08\/Est_Lat_LOGO-768x384.png 768w\" sizes=\"auto, (max-width: 800px) 100vw, 800px\" \/><\/div>\n<div class=\"col-lg-8 col-sm-8\">\n<p>Regio Ltd (Estonia) and\u00a0Jana seta Ltd (Latvia) project &#8220;Geoname translator for maps&#8221; (Est-Lat112) has received the support of Interreg Estonia\u2013Latvia programme. The project is being implemented in the Estonian\u2013Latvian (EST-LAT) cross-border cooperation programme in the thematic objective &#8220;Increasing the competitiveness of SMEs&#8221; priority axis &#8220;Active and attractive business environment&#8221;. The total eligible cost of the project is EUR 356 166.2, of which EUR 251 043.88\u00a0is provided by the European Regional Development Fund, the Estonian\u2013Latvian cross-border cooperation programme Interreg.<a href=\"https:\/\/www.kartes.lv\/wp-content\/uploads\/2016\/08\/TerraLexicon-for-effectiveness-13-11-2019.pdf\">Automated translation solution to improve effectiveness<\/a><\/p>\n<p><a href=\"https:\/\/www.kartes.lv\/wp-content\/uploads\/2016\/08\/TerraLexicon_automated_translation_service_2021.pdf\">New automated translation service for translating names in vector graphic files<\/a><\/p>\n<\/div>\n<\/div>\n<\/div>\n<\/section>\n<section id=\"sec2\" class=\"section-padding onepage-section\">\n<div class=\"container\">\n<div class=\"section-title-area\" style=\"text-align: left;\">\n<h3>PROJECT &#8220;BALTIC GEODATA MARKETPLACE&#8221;<\/h3>\n<\/div>\n<div class=\"row col-lg-12 col-sm-12 wow slideInUp\" style=\"visibility: visible; animation-name: slideInUp;\">\n<div class=\"col-lg-4 col-sm-4\" style=\"text-align: center;\"><img loading=\"lazy\" decoding=\"async\" class=\"alignnone wp-image-6435 size-full\" src=\"https:\/\/www.kartes.lv\/wp-content\/uploads\/2016\/08\/Est_Lat_LOGO.png\" alt=\"\" width=\"800\" height=\"400\" srcset=\"https:\/\/www.kartes.lv\/wp-content\/uploads\/2016\/08\/Est_Lat_LOGO.png 800w, https:\/\/www.kartes.lv\/wp-content\/uploads\/2016\/08\/Est_Lat_LOGO-400x200.png 400w, https:\/\/www.kartes.lv\/wp-content\/uploads\/2016\/08\/Est_Lat_LOGO-600x300.png 600w, https:\/\/www.kartes.lv\/wp-content\/uploads\/2016\/08\/Est_Lat_LOGO-300x150.png 300w, https:\/\/www.kartes.lv\/wp-content\/uploads\/2016\/08\/Est_Lat_LOGO-768x384.png 768w\" sizes=\"auto, (max-width: 800px) 100vw, 800px\" \/><\/div>\n<div class=\"col-lg-8 col-sm-8\">\n<p>Jana seta\u00a0Ltd (Latvia) and Reach-U Ltd (Estonia) have received confirmation for the support\u00a0of the project \u201cBaltic Geodata Marketplace\u201d (Est-Lat29). The project is being implemented in the priority direction \u201cActive and attractive business environment\u201d of the thematic objective \u201cIncreasing the competitiveness of SMEs\u201d of the Estonia-Latvia (EST-LAT) cross-border cooperation program. The total amount of eligible costs of the project is EUR 765 584.45, of which EUR 493 198.57 is covered by the Estonian\u2013Latvian cross-border co-operation program Interreg V-A of the European Regional Development Fund. The estimated duration of the project implementation is 30 months (01.03.2017\u201331.08.2019).<a href=\"https:\/\/www.kartes.lv\/wp-content\/uploads\/2016\/08\/GeoDataHub_22-04-2019-ENG.pdf\">GeoDataHub invites tech-savvy businesses to the self-service portal and geospatial API service usage for demonstration and testing period<\/a><\/p>\n<p><a href=\"https:\/\/www.kartes.lv\/wp-content\/uploads\/2016\/08\/GeoDataHub-Now-up-and-running-04-06-2019-ENG.pdf\">GeoDataHub. Now up-and-running<\/a><\/p>\n<\/div>\n<\/div>\n<\/div>\n<\/section>\n<section id=\"sec3\" class=\"section-padding onepage-section\">\n<div class=\"container\">\n<div class=\"section-title-area\" style=\"text-align: left;\">\n<h3>Project &#8220;Promotion of International Competitiveness&#8221;<\/h3>\n<\/div>\n<div class=\"row col-lg-12 col-sm-12 wow slideInUp\" style=\"visibility: visible; animation-name: slideInUp;\">\n<div class=\"col-lg-4 col-sm-4\" style=\"text-align: center;\"><img loading=\"lazy\" decoding=\"async\" class=\"alignnone size-full wp-image-238\" src=\"https:\/\/www.kartes.lv\/wp-content\/uploads\/2016\/08\/20160523154530_LV_ID_EU_logo_ansamblis_ERAF_RGB.jpg\" alt=\"20160523154530_LV_ID_EU_logo_ansamblis_ERAF_RGB\" width=\"300\" height=\"211\" \/><\/div>\n<div class=\"col-lg-8 col-sm-8\">On April 25, 2016,\u00a0Jana seta Map Publishers Ltd\u00a0concluded\u00a0agreement No. SKV-L-2016\/119 with the Investment and Development Agency of Latvia on the project \u201cPromotion of International Competitiveness\u201d (project identification number 3.2.1.2.\/16\/I\/001), approved by the Central Finance and Contracting Agency decision No. 39-2-40 \/ 831 on\u00a019 February 2016 and implemented in accordance with the agreement concluded on 14 March 2016 on the implementation of the project of the operational program \u201cGrowth and Employment\u201d specific support objective 3.2.1. \u201cIncrease the proportion of exports of high value-added products and services\u201d under the measure 3.2.1.2. \u201cPromotion of International Competitiveness\u201d.<\/div>\n<\/div>\n<\/div>\n<\/section>\n<section id=\"sec4\" class=\"section-padding onepage-section\">\n<div class=\"container\">\n<div class=\"section-title-area\" style=\"text-align: left;\">\n<h3>PROJECT &#8220;Participation of Jana seta Map Publishers Ltd in individual visits to Sweden organized by\u00a0IDAL\u00a0for and identification of export possibilities to Sweden and potential partners&#8221;<\/h3>\n<\/div>\n<div class=\"row col-lg-12 col-sm-12 wow slideInUp\" style=\"visibility: visible; animation-name: slideInUp;\">\n<div class=\"col-lg-4 col-sm-4\" style=\"text-align: center;\"><img loading=\"lazy\" decoding=\"async\" class=\"alignnone size-full wp-image-241\" src=\"https:\/\/www.kartes.lv\/wp-content\/uploads\/2016\/08\/20150723134603_eraf.jpg\" alt=\"20150723134603_eraf\" width=\"300\" height=\"113\" \/><\/div>\n<div class=\"col-lg-8 col-sm-8\">On July 17, 2015,\u00a0Jana seta Map Publishers Ltd concluded agreement No. L-\u0100TA-15-2994 with the Investment and Development Agency of Latvia on the project \u201cParticipation of Jana seta Map Publishers Ltd in individual visits to Sweden organized by IDAL\u00a0to identify export possibilities to Sweden and potential partners\u201d co-financed by the ERDF.<\/div>\n<\/div>\n<\/div>\n<\/section>\n<section id=\"sec5\" class=\"section-padding onepage-section\">\n<div class=\"container\">\n<div class=\"section-title-area\" style=\"text-align: left;\">\n<h3>PROJECT &#8220;Participation of Jana seta Map Publishers Ltd in individual visits to\u00a0Finland organized by the Latvian Chamber of Commerce and Industry to identify export\u00a0possibilities\u00a0to Finland and potential partners&#8221;<\/h3>\n<\/div>\n<div class=\"row col-lg-12 col-sm-12 wow slideInUp\" style=\"visibility: visible; animation-name: slideInUp;\">\n<div class=\"col-lg-4 col-sm-4\" style=\"text-align: center;\"><img loading=\"lazy\" decoding=\"async\" class=\"alignnone size-full wp-image-241\" src=\"https:\/\/www.kartes.lv\/wp-content\/uploads\/2016\/08\/20150723134603_eraf.jpg\" alt=\"20150723134603_eraf\" width=\"300\" height=\"113\" \/><\/div>\n<div class=\"col-lg-8 col-sm-8\">On December 22, 2015,\u00a0Jana seta Map Publishers Ltd\u00a0concluded agreement No. L-\u0100TA-15-3914 with the Investment and Development Agency of Latvia on the implementation of the project \u201cParticipation of Jana seta Map Publishers Ltd in individual visits to\u00a0Finland organized by the Latvian Chamber of Commerce and Industry to identify export possibilities to Finland and potential partners\u201d and ERDF co-financing as part of\u00a0 sub-activity \u201cExploration of External Markets\u00a0\u2013 External Marketing\u201d within the programme \u201cEntrepreneurship and Innovation\u201d.<\/div>\n<\/div>\n<\/div>\n<\/section>\n<p><!--\n\n\n\n<section id=\"sec#\" class=\"section-padding onepage-section\">\n\n\n<div class=\"container\">\n\n\n<div class=\"section-title-area\" style=\"text-align: left;\">\n\n\n<h3>#<\/h3>\n\n\n<\/div>\n\n\n\n\n<div class=\"row col-lg-12 col-sm-12 wow slideInUp\" style=\"visibility: visible; animation-name: slideInUp;\">\n\n\n<div class=\"col-lg-4 col-sm-4\" style=\"text-align: center;\">\n\t\t\t\t#<\/div>\n\n\n\n\n<div class=\"col-lg-8 col-sm-8\">\n\t\t\t\t#<\/div>\n\n\n<\/div>\n\n\n<\/div>\n\n\n<\/section>\n\n --><\/p>","protected":false},"excerpt":{"rendered":"<p>Sorry, this entry is only available in Latvie\u0161u. Projekta \u201cInform\u0101cijas un komunik\u0101cijas tehnolo\u0123iju kompetences centrs digitaliz\u0101cijai\u201d aktualit\u0101tes 2025. gada 2. pusgad\u0101 IT kompetences centrs \u012bsteno projektu \u201cInform\u0101cijas un komunik\u0101cijas tehnolo\u0123iju &#8230;<\/p>\n","protected":false},"author":45,"featured_media":0,"parent":0,"menu_order":0,"comment_status":"closed","ping_status":"closed","template":"","meta":{"footnotes":""},"class_list":["post-59","page","type-page","status-publish","hentry"],"_links":{"self":[{"href":"https:\/\/www.kartes.lv\/en\/wp-json\/wp\/v2\/pages\/59","targetHints":{"allow":["GET"]}}],"collection":[{"href":"https:\/\/www.kartes.lv\/en\/wp-json\/wp\/v2\/pages"}],"about":[{"href":"https:\/\/www.kartes.lv\/en\/wp-json\/wp\/v2\/types\/page"}],"author":[{"embeddable":true,"href":"https:\/\/www.kartes.lv\/en\/wp-json\/wp\/v2\/users\/45"}],"replies":[{"embeddable":true,"href":"https:\/\/www.kartes.lv\/en\/wp-json\/wp\/v2\/comments?post=59"}],"version-history":[{"count":124,"href":"https:\/\/www.kartes.lv\/en\/wp-json\/wp\/v2\/pages\/59\/revisions"}],"predecessor-version":[{"id":30247,"href":"https:\/\/www.kartes.lv\/en\/wp-json\/wp\/v2\/pages\/59\/revisions\/30247"}],"wp:attachment":[{"href":"https:\/\/www.kartes.lv\/en\/wp-json\/wp\/v2\/media?parent=59"}],"curies":[{"name":"wp","href":"https:\/\/api.w.org\/{rel}","templated":true}]}}