{"id":12670,"date":"2021-06-15T11:13:16","date_gmt":"2021-06-15T08:13:16","guid":{"rendered":"https:\/\/www.kartes.lv\/product\/noverojumu-burtnica-pa-celam\/"},"modified":"2026-03-02T10:15:46","modified_gmt":"2026-03-02T08:15:46","slug":"noverojumu-burtnica-pa-celam","status":"publish","type":"product","link":"https:\/\/www.kartes.lv\/en\/product\/noverojumu-burtnica-pa-celam\/","title":{"rendered":"Observation Notebook &#8220;On the Way&#8221; (outlet)"},"content":{"rendered":"<p><\/p>\n<p data-start=\"68\" data-end=\"435\">Nature, animals, birds, road signs, buildings, clouds, other road users \u2013 all of this should be observed and marked in the travel observation notebook <em data-start=\"221\" data-end=\"235\">&#8220;On the Way&#8221;<\/em>. You can color in the roads you travel, mark the regions you pass through, guess riddles, and complete various tasks. Don\u2019t get bored during the trip \u2013 grab your pencils or markers and get started!<\/p>\n<p data-start=\"437\" data-end=\"626\">While riding in a car, you can observe not only what\u2019s on the sides of the road but also what\u2019s in the sky \u2013 the weather, natural phenomena. You can mark everything you see or find unusual.<\/p>\n<p data-start=\"628\" data-end=\"749\">You can share your observations with parents, siblings, discuss the unknown, and learn something new. Let\u2019s hit the road!<\/p>\n<p><\/p>","protected":false},"excerpt":{"rendered":"<p data-start=\"751\" data-end=\"945\"><strong>In Latvian<\/strong><\/p>\n<p data-start=\"751\" data-end=\"945\">Published in 2021<br data-start=\"768\" data-end=\"771\" \/>Size: 24.3 x 17 cm<br data-start=\"789\" data-end=\"792\" \/>Weight: 0.350 kg<br data-start=\"808\" data-end=\"811\" \/>30 pages<br data-start=\"819\" data-end=\"822\" \/>Softcover<br data-start=\"831\" data-end=\"834\" \/>Cover illustration: \u00a9 Dmitry Natashin \/ Shutterstock.com<br data-start=\"890\" data-end=\"893\" data-is-only-node=\"\" \/>Illustrations by: Agija Staka-Jansone, \u201cJ\u0101\u0146a s\u0113ta\u201d<\/p>\n<p data-start=\"947\" data-end=\"969\">EAN: 9789984077543<\/p>\n","protected":false},"featured_media":12671,"comment_status":"closed","ping_status":"closed","template":"","meta":[],"product_brand":[],"product_cat":[113,111],"product_tag":[],"class_list":{"0":"post-12670","1":"product","2":"type-product","3":"status-publish","4":"has-post-thumbnail","6":"product_cat-skoleniem","7":"product_cat-nocenots","8":"product_shipping_class-s-mall","10":"first","11":"instock","12":"sale","13":"taxable","14":"shipping-taxable","15":"purchasable","16":"product-type-simple"},"_links":{"self":[{"href":"https:\/\/www.kartes.lv\/en\/wp-json\/wp\/v2\/product\/12670","targetHints":{"allow":["GET"]}}],"collection":[{"href":"https:\/\/www.kartes.lv\/en\/wp-json\/wp\/v2\/product"}],"about":[{"href":"https:\/\/www.kartes.lv\/en\/wp-json\/wp\/v2\/types\/product"}],"replies":[{"embeddable":true,"href":"https:\/\/www.kartes.lv\/en\/wp-json\/wp\/v2\/comments?post=12670"}],"wp:featuredmedia":[{"embeddable":true,"href":"https:\/\/www.kartes.lv\/en\/wp-json\/wp\/v2\/media\/12671"}],"wp:attachment":[{"href":"https:\/\/www.kartes.lv\/en\/wp-json\/wp\/v2\/media?parent=12670"}],"wp:term":[{"taxonomy":"product_brand","embeddable":true,"href":"https:\/\/www.kartes.lv\/en\/wp-json\/wp\/v2\/product_brand?post=12670"},{"taxonomy":"product_cat","embeddable":true,"href":"https:\/\/www.kartes.lv\/en\/wp-json\/wp\/v2\/product_cat?post=12670"},{"taxonomy":"product_tag","embeddable":true,"href":"https:\/\/www.kartes.lv\/en\/wp-json\/wp\/v2\/product_tag?post=12670"}],"curies":[{"name":"wp","href":"https:\/\/api.w.org\/{rel}","templated":true}]}}