{"id":15696,"date":"2022-11-04T11:35:42","date_gmt":"2022-11-04T09:35:42","guid":{"rendered":"https:\/\/www.kartes.lv\/?post_type=product&#038;p=15696"},"modified":"2026-02-27T11:59:54","modified_gmt":"2026-02-27T09:59:54","slug":"gramata-liela-latvijas-senu-gramata-nocenots","status":"publish","type":"product","link":"https:\/\/www.kartes.lv\/en\/product\/gramata-liela-latvijas-senu-gramata-nocenots\/","title":{"rendered":"The Big Mushroom Book of Latvia (outlet)"},"content":{"rendered":"<p>\u201cThe Great Latvian Mushroom Book\u201d\u00a0 is the most comprehensive publication about fungi of Latvia. The book includes more than 730 species of fungus illustrated with more than 1120 photographs.<\/p>\n<p>It is intended for nature enthusiasts, mushroom pickers and mushroom photographers to aid identifying species and learning about the diversity of them.<\/p>\n<p>Authors Inita D\u0101niele and Di\u0101na Meiere are mycologists currently working at the Latvian Museum of Natural History.<\/p>\n<p>Publishers of the book are the Latvian Museum of Natural History and SIA J\u0101\u0146a s\u0113ta.<\/p>","protected":false},"excerpt":{"rendered":"<p><strong>Book with small visual defects!<\/strong><\/p>\n<p>Edition of the year 2020<br \/>\nSize 17,2 x 24 cm<br \/>\n528 pages<br \/>\nEditors and authors: Inita D\u0101niele, Di\u0101na Meiere<br \/>\nEditor: Ilze Ant\u0113na<br \/>\nDesigner L\u012bga Dubrovska<\/p>\n","protected":false},"featured_media":9807,"comment_status":"closed","ping_status":"closed","template":"","meta":[],"product_brand":[],"product_cat":[111],"product_tag":[],"class_list":{"0":"post-15696","1":"product","2":"type-product","3":"status-publish","4":"has-post-thumbnail","6":"product_cat-nocenots","8":"first","9":"instock","10":"sale","11":"featured","12":"taxable","13":"shipping-taxable","14":"purchasable","15":"product-type-simple"},"_links":{"self":[{"href":"https:\/\/www.kartes.lv\/en\/wp-json\/wp\/v2\/product\/15696","targetHints":{"allow":["GET"]}}],"collection":[{"href":"https:\/\/www.kartes.lv\/en\/wp-json\/wp\/v2\/product"}],"about":[{"href":"https:\/\/www.kartes.lv\/en\/wp-json\/wp\/v2\/types\/product"}],"replies":[{"embeddable":true,"href":"https:\/\/www.kartes.lv\/en\/wp-json\/wp\/v2\/comments?post=15696"}],"wp:featuredmedia":[{"embeddable":true,"href":"https:\/\/www.kartes.lv\/en\/wp-json\/wp\/v2\/media\/9807"}],"wp:attachment":[{"href":"https:\/\/www.kartes.lv\/en\/wp-json\/wp\/v2\/media?parent=15696"}],"wp:term":[{"taxonomy":"product_brand","embeddable":true,"href":"https:\/\/www.kartes.lv\/en\/wp-json\/wp\/v2\/product_brand?post=15696"},{"taxonomy":"product_cat","embeddable":true,"href":"https:\/\/www.kartes.lv\/en\/wp-json\/wp\/v2\/product_cat?post=15696"},{"taxonomy":"product_tag","embeddable":true,"href":"https:\/\/www.kartes.lv\/en\/wp-json\/wp\/v2\/product_tag?post=15696"}],"curies":[{"name":"wp","href":"https:\/\/api.w.org\/{rel}","templated":true}]}}