{"id":16529,"date":"2023-05-29T09:01:43","date_gmt":"2023-05-29T06:01:43","guid":{"rendered":"https:\/\/www.kartes.lv\/?post_type=product&#038;p=16529"},"modified":"2026-02-02T11:14:36","modified_gmt":"2026-02-02T09:14:36","slug":"book-200-flags-of-the-world","status":"publish","type":"product","link":"https:\/\/www.kartes.lv\/en\/product\/book-200-flags-of-the-world\/","title":{"rendered":"200 Flags of the World (lithuanian language)"},"content":{"rendered":"<p>The book \u201c200 Flags of the World\u201d will delight young and adult explorers!<\/p>\n<p>The book contains 200 cards that can be removed and used in various educational games. On one side of each card is a country\u2019s flag, while on the other side, you can find information about the country\u2019s area, population, capital city, currency, official language, history, and the symbols depicted on the flag.<\/p>\n<p>The book is additionally accompanied by a world map poster and flag stickers that can be placed on the poster.<\/p>","protected":false},"excerpt":{"rendered":"<p>A book that will delight both young and adult explorers! Flags are symbols that tell a story about a country, its history, and its geography. The book \u201c200 Flags of the World\u201d will help you and your child to explore the diverse world and its various countries.<\/p>\n<p>Text: Marina Intini<br \/>\nGraphic design:\u00a0 Alberto Lamei<br \/>\nTranslation: Viktorija Jonkut\u0117<br \/>\nEditor: Au\u0161ra Tamo\u0161i\u016bnien\u0117<\/p>\n","protected":false},"featured_media":16534,"comment_status":"closed","ping_status":"closed","template":"","meta":[],"product_brand":[],"product_cat":[12,14],"product_tag":[],"class_list":{"0":"post-16529","1":"product","2":"type-product","3":"status-publish","4":"has-post-thumbnail","6":"product_cat-gramatas","7":"product_cat-izglitojosie-izdevumi","8":"product_shipping_class-free-shipping","10":"first","11":"instock","12":"taxable","13":"shipping-taxable","14":"purchasable","15":"product-type-simple"},"_links":{"self":[{"href":"https:\/\/www.kartes.lv\/en\/wp-json\/wp\/v2\/product\/16529","targetHints":{"allow":["GET"]}}],"collection":[{"href":"https:\/\/www.kartes.lv\/en\/wp-json\/wp\/v2\/product"}],"about":[{"href":"https:\/\/www.kartes.lv\/en\/wp-json\/wp\/v2\/types\/product"}],"replies":[{"embeddable":true,"href":"https:\/\/www.kartes.lv\/en\/wp-json\/wp\/v2\/comments?post=16529"}],"wp:featuredmedia":[{"embeddable":true,"href":"https:\/\/www.kartes.lv\/en\/wp-json\/wp\/v2\/media\/16534"}],"wp:attachment":[{"href":"https:\/\/www.kartes.lv\/en\/wp-json\/wp\/v2\/media?parent=16529"}],"wp:term":[{"taxonomy":"product_brand","embeddable":true,"href":"https:\/\/www.kartes.lv\/en\/wp-json\/wp\/v2\/product_brand?post=16529"},{"taxonomy":"product_cat","embeddable":true,"href":"https:\/\/www.kartes.lv\/en\/wp-json\/wp\/v2\/product_cat?post=16529"},{"taxonomy":"product_tag","embeddable":true,"href":"https:\/\/www.kartes.lv\/en\/wp-json\/wp\/v2\/product_tag?post=16529"}],"curies":[{"name":"wp","href":"https:\/\/api.w.org\/{rel}","templated":true}]}}