{"id":16989,"date":"2023-09-11T08:54:17","date_gmt":"2023-09-11T05:54:17","guid":{"rendered":"https:\/\/www.kartes.lv\/?post_type=product&#038;p=16989"},"modified":"2026-02-02T11:22:51","modified_gmt":"2026-02-02T09:22:51","slug":"knyga-europos-pauksciai","status":"publish","type":"product","link":"https:\/\/www.kartes.lv\/en\/product\/knyga-europos-pauksciai\/","title":{"rendered":"Book &#8220;Bird Guide (lithuanian language)"},"content":{"rendered":"<p>Swedish ornithologist Lars Svensson, his countryman, illustrator Dan Zetterstr\u00f6m and Irish illustrator Killian Mullarney succesfully launched their book in 1999 for the first time. Soon after its release, the book was described as \u201cthe last great bird book of the 20th century,\u201d and \u201cundoubtedly the finest field guide that has ever been produced\u201d. It has achieved almost cult status and is reffered to by birdwatchers as the \u201cOrnithologist Bible\u201d.<\/p>\n<p>This is the newest, third edition of the book translated into the Lithuanian language.<\/p>\n<p>The book concists of:<br \/>\n&#8211; detailed texts about 831 bird species;<br \/>\n&#8211; comprehensive illustrations;<br \/>\n&#8211; up-to-date distribution maps with information on breeding, wintering and migrations.<\/p>\n<p>The book has been translated into Lithuanian language and is also supplemented with current information on Lithuanian bird species.<\/p>","protected":false},"excerpt":{"rendered":"<p>The most complete, precise and popular bird guide to the Birds of Europe \u2013 the \u201cCollins Bird Guide\u201d is now translated into Lithuanian!<\/p>\n<p>Book Authors: Lars Svensson, Dan Zetterstr\u00f6m, Killian Mullarney<br \/>\nTranslators: Laimonas \u0160niauk\u0161ta, Milda \u0160niauk\u0161tien\u0117, Vidmantas Adomonis, Jos Stratford<br \/>\nScientific Editor: Saulius Karalius, Marius Karlonas<br \/>\nText Editor: Au\u0161ra Tamo\u0161i\u016bnien\u0117<br \/>\nPublisher: Jana seta<br \/>\nPublishing Partner in Lithuania: Ornistostogos<\/p>\n","protected":false},"featured_media":16990,"comment_status":"closed","ping_status":"closed","template":"","meta":[],"product_brand":[],"product_cat":[12,14],"product_tag":[],"class_list":{"0":"post-16989","1":"product","2":"type-product","3":"status-publish","4":"has-post-thumbnail","6":"product_cat-gramatas","7":"product_cat-izglitojosie-izdevumi","9":"first","10":"instock","11":"taxable","12":"shipping-taxable","13":"purchasable","14":"product-type-simple"},"_links":{"self":[{"href":"https:\/\/www.kartes.lv\/en\/wp-json\/wp\/v2\/product\/16989","targetHints":{"allow":["GET"]}}],"collection":[{"href":"https:\/\/www.kartes.lv\/en\/wp-json\/wp\/v2\/product"}],"about":[{"href":"https:\/\/www.kartes.lv\/en\/wp-json\/wp\/v2\/types\/product"}],"replies":[{"embeddable":true,"href":"https:\/\/www.kartes.lv\/en\/wp-json\/wp\/v2\/comments?post=16989"}],"wp:featuredmedia":[{"embeddable":true,"href":"https:\/\/www.kartes.lv\/en\/wp-json\/wp\/v2\/media\/16990"}],"wp:attachment":[{"href":"https:\/\/www.kartes.lv\/en\/wp-json\/wp\/v2\/media?parent=16989"}],"wp:term":[{"taxonomy":"product_brand","embeddable":true,"href":"https:\/\/www.kartes.lv\/en\/wp-json\/wp\/v2\/product_brand?post=16989"},{"taxonomy":"product_cat","embeddable":true,"href":"https:\/\/www.kartes.lv\/en\/wp-json\/wp\/v2\/product_cat?post=16989"},{"taxonomy":"product_tag","embeddable":true,"href":"https:\/\/www.kartes.lv\/en\/wp-json\/wp\/v2\/product_tag?post=16989"}],"curies":[{"name":"wp","href":"https:\/\/api.w.org\/{rel}","templated":true}]}}