{"id":17081,"date":"2023-10-03T14:17:39","date_gmt":"2023-10-03T11:17:39","guid":{"rendered":"https:\/\/www.kartes.lv\/?post_type=product&#038;p=17081"},"modified":"2026-02-02T11:14:11","modified_gmt":"2026-02-02T09:14:11","slug":"didzioji-lietuvos-grybu-knyga","status":"publish","type":"product","link":"https:\/\/www.kartes.lv\/en\/product\/didzioji-lietuvos-grybu-knyga\/","title":{"rendered":"The Great Lithuanian Mushroom Book (lithuanian language)"},"content":{"rendered":"<p>\u201cThe Great Lithuanian Mushroom Book\u201d is based on the book written by mycologists from Latvia Inita D\u0101niele and Diana Meiere in 2020 about mushrooms in Latvia, and it was specially adapted and supplemented for Lithuania by Lithuanian mycologist Reda Ir\u0161\u0117nait\u0117.<br \/>\nAccording to Reda, co-author of the book, several books about mushrooms have been published in Lithuania in the last ten years, but most of them describe only edible mushrooms or a small number og guppies.<br \/>\nIn order to stimulate readers\u2019 interest in mushrooms and their diversity, the book focuses on both traditional cap mushrooms and other groups of mushrooms, covering both the most common and unusual and rare mushrooms \u2013 beetles, swamps, coral, tufts, underground mushrooms and many other macroscopic mushrooms.<\/p>\n<p>Book is intended for nature enthusiasts, mushroom pickers and mushroom photographers to aid identifying species and learning about the diversity of them.<\/p>","protected":false},"excerpt":{"rendered":"<p>\u201cThe Great Lithuanian Mushroom Book\u201d is the most comprehensive publication about fungi of Lithuania. The book includes more than 730 species of fungus illustrated with more than 1120 photographs.<\/p>\n<p>Editors and authors: Inita D\u0101niele (Latvia), Di\u0101na Meiere (Latvia) un Reda Ir\u0161\u0117nait\u0117 (Lithuania)<br \/>\nTranslation from Latvian: Aleksandra Fominait\u0117<br \/>\nPublishers of the book: the Latvian Museum of Natural History and Ltd Jana seta<br \/>\nPartner in Lithuania: Ornitostogos<br \/>\n528 pages<\/p>\n","protected":false},"featured_media":17082,"comment_status":"closed","ping_status":"closed","template":"","meta":[],"product_brand":[],"product_cat":[12,14],"product_tag":[],"class_list":{"0":"post-17081","1":"product","2":"type-product","3":"status-publish","4":"has-post-thumbnail","6":"product_cat-gramatas","7":"product_cat-izglitojosie-izdevumi","9":"first","10":"instock","11":"taxable","12":"shipping-taxable","13":"purchasable","14":"product-type-simple"},"_links":{"self":[{"href":"https:\/\/www.kartes.lv\/en\/wp-json\/wp\/v2\/product\/17081","targetHints":{"allow":["GET"]}}],"collection":[{"href":"https:\/\/www.kartes.lv\/en\/wp-json\/wp\/v2\/product"}],"about":[{"href":"https:\/\/www.kartes.lv\/en\/wp-json\/wp\/v2\/types\/product"}],"replies":[{"embeddable":true,"href":"https:\/\/www.kartes.lv\/en\/wp-json\/wp\/v2\/comments?post=17081"}],"wp:featuredmedia":[{"embeddable":true,"href":"https:\/\/www.kartes.lv\/en\/wp-json\/wp\/v2\/media\/17082"}],"wp:attachment":[{"href":"https:\/\/www.kartes.lv\/en\/wp-json\/wp\/v2\/media?parent=17081"}],"wp:term":[{"taxonomy":"product_brand","embeddable":true,"href":"https:\/\/www.kartes.lv\/en\/wp-json\/wp\/v2\/product_brand?post=17081"},{"taxonomy":"product_cat","embeddable":true,"href":"https:\/\/www.kartes.lv\/en\/wp-json\/wp\/v2\/product_cat?post=17081"},{"taxonomy":"product_tag","embeddable":true,"href":"https:\/\/www.kartes.lv\/en\/wp-json\/wp\/v2\/product_tag?post=17081"}],"curies":[{"name":"wp","href":"https:\/\/api.w.org\/{rel}","templated":true}]}}