{"id":17286,"date":"2023-11-15T13:53:41","date_gmt":"2023-11-15T11:53:41","guid":{"rendered":"https:\/\/www.kartes.lv\/?post_type=product&#038;p=17286"},"modified":"2026-04-02T01:00:02","modified_gmt":"2026-04-01T22:00:02","slug":"latvijas-pilsetas-100-kartes-gramata","status":"publish","type":"product","link":"https:\/\/www.kartes.lv\/en\/product\/latvijas-pilsetas-100-kartes-gramata\/","title":{"rendered":"Towns of Latvia in 100 maps"},"content":{"rendered":"<p>&#8221;Towns of Latvia in 100 Maps&#8221; is the third book in the &#8220;100 Maps&#8221; series. The book features 100 historical town plans, allowing a glimpse into the past of 39 Latvian cities from the 17th century to the year 1987. The maps are complemented by images and descriptions of interesting events that took place in the towns during the time of map creation. The main focus is on Riga, but historical plans of smaller towns, from Aina\u017ei to Zilupe, are also included. The book is published by Jana Seta, the National Library of Latvia, and the National Archives of Latvia.<\/p>\n<p>The maps used in the book can also be viewed in the digital map collection of the National Library of Latvia.<br \/>\n<a href=\"https:\/\/kartes.lndb.lv\/\">kartes.lndb.lv<\/a><\/p>","protected":false},"excerpt":{"rendered":"<p>Edition of the year 2023<br \/>\nSize 24 x 28 cm<br \/>\n207\u00a0pages<br \/>\nHard covers<br \/>\nEditor and author of the texts J\u0101nis Barbans<br \/>\nEditors: Linda Akmenti\u0146a, Mareks Kilups, J\u0101nis Turlajs, Reinis V\u0101vers<br \/>\nProofreader Ilze Ant\u0113na<br \/>\nDesigner\u00a0L\u012bga Dubrovska<\/p>\n<p>Publishers: Jana seta, National Library of Latvia, National Archives of Latvia<\/p>\n<p>EAN: 9789984077710<\/p>\n","protected":false},"featured_media":17287,"comment_status":"closed","ping_status":"closed","template":"","meta":[],"product_brand":[],"product_cat":[12,129],"product_tag":[],"class_list":{"0":"post-17286","1":"product","2":"type-product","3":"status-publish","4":"has-post-thumbnail","6":"product_cat-gramatas","7":"product_cat-akcija","9":"first","10":"instock","11":"taxable","12":"shipping-taxable","13":"purchasable","14":"product-type-simple"},"_links":{"self":[{"href":"https:\/\/www.kartes.lv\/en\/wp-json\/wp\/v2\/product\/17286","targetHints":{"allow":["GET"]}}],"collection":[{"href":"https:\/\/www.kartes.lv\/en\/wp-json\/wp\/v2\/product"}],"about":[{"href":"https:\/\/www.kartes.lv\/en\/wp-json\/wp\/v2\/types\/product"}],"replies":[{"embeddable":true,"href":"https:\/\/www.kartes.lv\/en\/wp-json\/wp\/v2\/comments?post=17286"}],"wp:featuredmedia":[{"embeddable":true,"href":"https:\/\/www.kartes.lv\/en\/wp-json\/wp\/v2\/media\/17287"}],"wp:attachment":[{"href":"https:\/\/www.kartes.lv\/en\/wp-json\/wp\/v2\/media?parent=17286"}],"wp:term":[{"taxonomy":"product_brand","embeddable":true,"href":"https:\/\/www.kartes.lv\/en\/wp-json\/wp\/v2\/product_brand?post=17286"},{"taxonomy":"product_cat","embeddable":true,"href":"https:\/\/www.kartes.lv\/en\/wp-json\/wp\/v2\/product_cat?post=17286"},{"taxonomy":"product_tag","embeddable":true,"href":"https:\/\/www.kartes.lv\/en\/wp-json\/wp\/v2\/product_tag?post=17286"}],"curies":[{"name":"wp","href":"https:\/\/api.w.org\/{rel}","templated":true}]}}