{"id":18023,"date":"2024-02-29T10:23:30","date_gmt":"2024-02-29T08:23:30","guid":{"rendered":"https:\/\/www.kartes.lv\/?post_type=product&#038;p=18023"},"modified":"2025-06-10T11:06:14","modified_gmt":"2025-06-10T08:06:14","slug":"tematiskie-uzdevumi-atputas-kugu-vaditajiem","status":"publish","type":"product","link":"https:\/\/www.kartes.lv\/en\/product\/tematiskie-uzdevumi-atputas-kugu-vaditajiem\/","title":{"rendered":"Tasks of recreational boating regulations"},"content":{"rendered":"<p class=\"qtranxs-available-languages-message qtranxs-available-languages-message-en\">Sorry, this entry is only available in <a href=\"https:\/\/www.kartes.lv\/lv\/wp-json\/wp\/v2\/product\/18023\" class=\"qtranxs-available-language-link qtranxs-available-language-link-lv\" title=\"Latvie\u0161u\">Latvie\u0161u<\/a>.<\/p><p>Tematiskie uzdevumi pal\u012bdz\u0113s apg\u016bt \u016bdens transporta kust\u012bbas noteikumus un attiec\u012bgi nostiprin\u0101t jaunieg\u016bt\u0101s zin\u0101\u0161anas veicot pa\u0161p\u0101rbaudi.<\/p>\n<p>Gr\u0101matas aizmugur\u0113 atrodama pareizo atbil\u017eu tabula.<\/p>\n<p>&nbsp;<\/p>\n<p>&nbsp;<\/p>","protected":false},"excerpt":{"rendered":"<p>Published in the year 2023.<\/p>\n","protected":false},"featured_media":18042,"comment_status":"closed","ping_status":"closed","template":"","meta":[],"product_brand":[],"product_cat":[14],"product_tag":[],"class_list":{"0":"post-18023","1":"product","2":"type-product","3":"status-publish","4":"has-post-thumbnail","6":"product_cat-izglitojosie-izdevumi","8":"first","9":"instock","10":"taxable","11":"shipping-taxable","12":"purchasable","13":"product-type-simple"},"_links":{"self":[{"href":"https:\/\/www.kartes.lv\/en\/wp-json\/wp\/v2\/product\/18023","targetHints":{"allow":["GET"]}}],"collection":[{"href":"https:\/\/www.kartes.lv\/en\/wp-json\/wp\/v2\/product"}],"about":[{"href":"https:\/\/www.kartes.lv\/en\/wp-json\/wp\/v2\/types\/product"}],"replies":[{"embeddable":true,"href":"https:\/\/www.kartes.lv\/en\/wp-json\/wp\/v2\/comments?post=18023"}],"wp:featuredmedia":[{"embeddable":true,"href":"https:\/\/www.kartes.lv\/en\/wp-json\/wp\/v2\/media\/18042"}],"wp:attachment":[{"href":"https:\/\/www.kartes.lv\/en\/wp-json\/wp\/v2\/media?parent=18023"}],"wp:term":[{"taxonomy":"product_brand","embeddable":true,"href":"https:\/\/www.kartes.lv\/en\/wp-json\/wp\/v2\/product_brand?post=18023"},{"taxonomy":"product_cat","embeddable":true,"href":"https:\/\/www.kartes.lv\/en\/wp-json\/wp\/v2\/product_cat?post=18023"},{"taxonomy":"product_tag","embeddable":true,"href":"https:\/\/www.kartes.lv\/en\/wp-json\/wp\/v2\/product_tag?post=18023"}],"curies":[{"name":"wp","href":"https:\/\/api.w.org\/{rel}","templated":true}]}}