{"id":19309,"date":"2024-11-08T14:49:14","date_gmt":"2024-11-08T12:49:14","guid":{"rendered":"https:\/\/www.kartes.lv\/?post_type=product&#038;p=19309"},"modified":"2026-02-02T11:33:54","modified_gmt":"2026-02-02T09:33:54","slug":"putnu-noteicejs-2-izdevums","status":"publish","type":"product","link":"https:\/\/www.kartes.lv\/en\/product\/putnu-noteicejs-2-izdevums\/","title":{"rendered":"Bird Guide 2nd edition (latvian language)"},"content":{"rendered":"<p>The success of the <i>Bird Guide (originally Collins Bird Guide) <\/i>has delighted both its authors and publishers. It has been published in 23 languages and sold over a million copies. These numbers show that the guide&#8217;s creators \u2014 Swedish ornithologist Lars Svensson, his compatriot and illustrator Dan Zetterstr\u00f6m, and Irish illustrator Killian Mullarney \u2014 have succeeded in creating a modern handbook for bird identification in nature that is valuable to avid birdwatchers, serious ornithologists, and those simply interested in birds.<\/p>\n<p>The <em>Bird Guide&#8217;s<\/em> second edition in Latvian is a translation of the latest, 2023 release of the popular European bird guide\u2019s third revised and expanded edition. This edition preserves the established sequence of bird orders and families.<\/p>\n<p>With 32 additional pages, the guide allocates more space to various bird groups. These pages enhance existing content and add new illustration pages with more detailed text. Over 50 illustration pages are either new or have been fully or partially redrawn, and several new vignette illustrations are included. The rare visitor&#8217;s section has been expanded, with more images and longer descriptions added for some species. And, of course, the entire book\u2019s text has been improved.<\/p>\n<p>The guide includes:<\/p>\n<ul>\n<li>all species found in the region, including the latest arrivals and newly scientifically identified species<\/li>\n<li>detailed descriptions of 831 bird species (covering size, habitat, range, identifying features, and calls for each species)<\/li>\n<li>accurate and colorful illustrations<\/li>\n<li>distribution maps for bird species with up-to-date information on breeding, migration, and wintering sites<\/li>\n<li>the book is not only translated but also supplemented with information relevant to Latvia.<\/li>\n<\/ul>\n<p><\/p>","protected":false},"excerpt":{"rendered":"<p>Edition of the year 2024<br \/>\nSize: 19.4cm x 13.5cm x 2.7cm<br \/>\n480 pages<br \/>\npaperback<\/p>\n<p>Authors: Lars Svensson, Dan Zetterstr\u00f6m, Killian Mullarney<br \/>\nTranslator: El\u012bna Gulbe<br \/>\nScientific Editor: Viesturs \u0136erus<br \/>\nText Editor: El\u012bna Kokarevi\u010da<br \/>\nCover design: L\u012bga Dubrovska<br \/>\nPublisher in Latvia: J\u0101\u0146a s\u0113ta<\/p>\n","protected":false},"featured_media":19331,"comment_status":"closed","ping_status":"closed","template":"","meta":[],"product_brand":[],"product_cat":[12,86],"product_tag":[],"class_list":{"0":"post-19309","1":"product","2":"type-product","3":"status-publish","4":"has-post-thumbnail","6":"product_cat-gramatas","7":"product_cat-davanas","9":"first","10":"instock","11":"taxable","12":"shipping-taxable","13":"purchasable","14":"product-type-simple"},"_links":{"self":[{"href":"https:\/\/www.kartes.lv\/en\/wp-json\/wp\/v2\/product\/19309","targetHints":{"allow":["GET"]}}],"collection":[{"href":"https:\/\/www.kartes.lv\/en\/wp-json\/wp\/v2\/product"}],"about":[{"href":"https:\/\/www.kartes.lv\/en\/wp-json\/wp\/v2\/types\/product"}],"replies":[{"embeddable":true,"href":"https:\/\/www.kartes.lv\/en\/wp-json\/wp\/v2\/comments?post=19309"}],"wp:featuredmedia":[{"embeddable":true,"href":"https:\/\/www.kartes.lv\/en\/wp-json\/wp\/v2\/media\/19331"}],"wp:attachment":[{"href":"https:\/\/www.kartes.lv\/en\/wp-json\/wp\/v2\/media?parent=19309"}],"wp:term":[{"taxonomy":"product_brand","embeddable":true,"href":"https:\/\/www.kartes.lv\/en\/wp-json\/wp\/v2\/product_brand?post=19309"},{"taxonomy":"product_cat","embeddable":true,"href":"https:\/\/www.kartes.lv\/en\/wp-json\/wp\/v2\/product_cat?post=19309"},{"taxonomy":"product_tag","embeddable":true,"href":"https:\/\/www.kartes.lv\/en\/wp-json\/wp\/v2\/product_tag?post=19309"}],"curies":[{"name":"wp","href":"https:\/\/api.w.org\/{rel}","templated":true}]}}