{"id":19993,"date":"2025-01-29T13:22:39","date_gmt":"2025-01-29T11:22:39","guid":{"rendered":"https:\/\/www.kartes.lv\/?post_type=product&#038;p=19993"},"modified":"2025-07-28T09:58:56","modified_gmt":"2025-07-28T06:58:56","slug":"rigas-apkartne-karte","status":"publish","type":"product","link":"https:\/\/www.kartes.lv\/en\/product\/rigas-apkartne-karte\/","title":{"rendered":"Riga surroundings. Map"},"content":{"rendered":"<p>2025 edition!<\/p>\n<p>Riga surroundimgs map on scale of 1:100 000. The map will be suitable for traveling around Pieriga, as it is supplemented with the largest cities in the Riga area \u2013 \u0100da\u017ei, Bab\u012bte, Pinki, Baldone, Balo\u017ei, Carnikava, Garkalne, Jaunm\u0101rupe, \u0136ekava, M\u0101rupe, Olaine, Salaspils, Saulkrasti, Ulbroka and Vanga\u017ei plans on scale 1:20 000. On the maps you will find the nature trails closest to Riga and natural and cultural-historical objects worth visiting.<\/p>","protected":false},"excerpt":{"rendered":"<p>Edition of the year 2025<\/p>\n<p>Scale:  1:100 000<br \/>\nSize: 100 x 70 cm \/ 12,5 x 24 cm, folded<br \/>\nSoft covers<br \/>\nLatvian, English languages<\/p>\n<p>City maps of \u0100da\u017ei, Bab\u012bte, Pi\u0146\u0137i, Baldone, Balo\u017ei, Carnikava, Garkalne, Jaunm\u0101rupe, \u0136ekava, M\u0101rupe, Olaine, Salaspils, Saulkrasti, Ulbroka and Vanga\u017ei on scale 1:20 000<br \/>\nPublisher: Jana Seta Map Shop<\/p>\n<p>EAN 9789984077871<\/p>\n","protected":false},"featured_media":19994,"comment_status":"closed","ping_status":"closed","template":"","meta":[],"product_brand":[],"product_cat":[7,10,8],"product_tag":[],"class_list":{"0":"post-19993","1":"product","2":"type-product","3":"status-publish","4":"has-post-thumbnail","6":"product_cat-kartes-atlanti-celvezi","7":"product_cat-celu-kartes-atlanti","8":"product_cat-pilsetu-kartes","10":"first","11":"instock","12":"taxable","13":"shipping-taxable","14":"purchasable","15":"product-type-simple"},"_links":{"self":[{"href":"https:\/\/www.kartes.lv\/en\/wp-json\/wp\/v2\/product\/19993","targetHints":{"allow":["GET"]}}],"collection":[{"href":"https:\/\/www.kartes.lv\/en\/wp-json\/wp\/v2\/product"}],"about":[{"href":"https:\/\/www.kartes.lv\/en\/wp-json\/wp\/v2\/types\/product"}],"replies":[{"embeddable":true,"href":"https:\/\/www.kartes.lv\/en\/wp-json\/wp\/v2\/comments?post=19993"}],"wp:featuredmedia":[{"embeddable":true,"href":"https:\/\/www.kartes.lv\/en\/wp-json\/wp\/v2\/media\/19994"}],"wp:attachment":[{"href":"https:\/\/www.kartes.lv\/en\/wp-json\/wp\/v2\/media?parent=19993"}],"wp:term":[{"taxonomy":"product_brand","embeddable":true,"href":"https:\/\/www.kartes.lv\/en\/wp-json\/wp\/v2\/product_brand?post=19993"},{"taxonomy":"product_cat","embeddable":true,"href":"https:\/\/www.kartes.lv\/en\/wp-json\/wp\/v2\/product_cat?post=19993"},{"taxonomy":"product_tag","embeddable":true,"href":"https:\/\/www.kartes.lv\/en\/wp-json\/wp\/v2\/product_tag?post=19993"}],"curies":[{"name":"wp","href":"https:\/\/api.w.org\/{rel}","templated":true}]}}