{"id":20807,"date":"2025-07-29T09:24:55","date_gmt":"2025-07-29T06:24:55","guid":{"rendered":"https:\/\/www.kartes.lv\/?post_type=product&#038;p=20807"},"modified":"2026-03-07T16:45:40","modified_gmt":"2026-03-07T14:45:40","slug":"rigas-ielas-labais-krasts-gramata-nocenots","status":"publish","type":"product","link":"https:\/\/www.kartes.lv\/en\/product\/rigas-ielas-labais-krasts-gramata-nocenots\/","title":{"rendered":"&#8221;The Streets of Riga. Right Bank&#8221; book (outlet)"},"content":{"rendered":"<p><\/p>\n<div class=\"woocommerce-tabs wc-tabs-wrapper\">\n<div id=\"tab-description\" class=\"woocommerce-Tabs-panel woocommerce-Tabs-panel--description panel entry-content wc-tab\" role=\"tabpanel\" aria-labelledby=\"tab-title-description\">\n<p>The book\u2019s first volume introduces readers to 1196 streets, squares, and bridges on the right bank of the Daugava River in Riga, detailing their formation history, name changes, and notable landmarks. Readers will also gain a broader insight into the history of Riga\u2019s various neighborhoods and the development of their street networks. The street descriptions are enriched with stories about intriguing events that took place there, as well as with both modern and historical maps. Additionally, approximately 500 historical and contemporary photographs provide a visual look into the past and present of Riga\u2019s streets.<\/p>\n<\/div>\n<\/div>\n<section class=\"up-sells upsells products\"><\/section>\n<p><\/p>","protected":false},"excerpt":{"rendered":"<p><strong>Book with visual defects!<\/strong><\/p>\n<p>2024 edition<br \/>\nSize: 20.3 \u00d7 20.6 cm<br \/>\n376 pages<br \/>\nHardcover<\/p>\n<p>Authors: Edgars Lecis, Inese Grand\u0101ne<br \/>\nEditor: J\u0101nis Barbans<br \/>\nProofreaders: Ilze Ant\u0113na, El\u012bna Kokarevi\u010da, J\u0101nis Barbans<br \/>\nCartographers: Ieva Ozoli\u0146a, Ing\u016bna P\u016bkaine<br \/>\nArtist: L\u012bga Dubrovska<br \/>\nPublishers: J\u0101\u0146a s\u0113ta, National Library of Latvia, National Archives of Latvia<\/p>\n<p>EAN: 9789984077758<\/p>\n","protected":false},"featured_media":19226,"comment_status":"closed","ping_status":"closed","template":"","meta":[],"product_brand":[],"product_cat":[111],"product_tag":[],"class_list":{"0":"post-20807","1":"product","2":"type-product","3":"status-publish","4":"has-post-thumbnail","6":"product_cat-nocenots","8":"first","9":"outofstock","10":"sale","11":"taxable","12":"shipping-taxable","13":"purchasable","14":"product-type-simple"},"_links":{"self":[{"href":"https:\/\/www.kartes.lv\/en\/wp-json\/wp\/v2\/product\/20807","targetHints":{"allow":["GET"]}}],"collection":[{"href":"https:\/\/www.kartes.lv\/en\/wp-json\/wp\/v2\/product"}],"about":[{"href":"https:\/\/www.kartes.lv\/en\/wp-json\/wp\/v2\/types\/product"}],"replies":[{"embeddable":true,"href":"https:\/\/www.kartes.lv\/en\/wp-json\/wp\/v2\/comments?post=20807"}],"wp:featuredmedia":[{"embeddable":true,"href":"https:\/\/www.kartes.lv\/en\/wp-json\/wp\/v2\/media\/19226"}],"wp:attachment":[{"href":"https:\/\/www.kartes.lv\/en\/wp-json\/wp\/v2\/media?parent=20807"}],"wp:term":[{"taxonomy":"product_brand","embeddable":true,"href":"https:\/\/www.kartes.lv\/en\/wp-json\/wp\/v2\/product_brand?post=20807"},{"taxonomy":"product_cat","embeddable":true,"href":"https:\/\/www.kartes.lv\/en\/wp-json\/wp\/v2\/product_cat?post=20807"},{"taxonomy":"product_tag","embeddable":true,"href":"https:\/\/www.kartes.lv\/en\/wp-json\/wp\/v2\/product_tag?post=20807"}],"curies":[{"name":"wp","href":"https:\/\/api.w.org\/{rel}","templated":true}]}}