{"id":21030,"date":"2025-09-26T10:14:32","date_gmt":"2025-09-26T07:14:32","guid":{"rendered":"https:\/\/www.kartes.lv\/?post_type=product&#038;p=21030"},"modified":"2026-02-09T10:06:32","modified_gmt":"2026-02-09T08:06:32","slug":"rigas-ielas-kreisais-krasts-gramata","status":"publish","type":"product","link":"https:\/\/www.kartes.lv\/en\/product\/rigas-ielas-kreisais-krasts-gramata\/","title":{"rendered":"The Streets of Riga. Left Bank"},"content":{"rendered":"<p><\/p>\n<p data-start=\"97\" data-end=\"303\">Do you know where Riga\u2019s oldest wooden building is located? On which street there is only a single address \u2013 house No. 100? And which street once bore the name of automobile pioneer Ferdinand Porsche?<\/p>\n<p data-start=\"305\" data-end=\"620\">This is the second volume in the book series \u201cR\u012bgas ielas\u201d (\u201cThe Streets of Riga\u201d), dedicated to P\u0101rdaugava \u2013 from the meadows of Spilve and the narrow lanes of \u0100genskalns to the high-rise housing estates of Ziepniekkalns and the latest road construction projects unfolding during the preparation of the book.<\/p>\n<p data-start=\"622\" data-end=\"1041\">\u201cR\u012bgas ielas. Kreisais krasts\u201d (\u201cThe Streets of Riga. The Left Bank\u201d) documents 685 streets and bridges in P\u0101rdaugava. Their histories are enriched with around 250 historical and contemporary photographs, as well as maps. Since the publication of the first volume on the right-bank streets of Riga at the end of 2024, several new streets have appeared in the city \u2013 all of which are also included in this edition.<\/p>\n<p data-start=\"1043\" data-end=\"1472\">Author Edgars Lecis notes:<br data-start=\"1069\" data-end=\"1072\" \/><em data-start=\"1072\" data-end=\"1470\">\u201cStreets are an essential part of any city\u2019s fabric. Beyond serving as transport arteries, they also fulfil social and representational roles. For centuries, streets were almost the only space where people stepped outside their immediate social environment \u2013 and they reflected, to a large degree, the economic, demographic, and national characteristics of the city in a given historical period.\u201d<\/em><\/p>\n<p data-start=\"1474\" data-end=\"1624\">The author extends his gratitude to <a href=\"https:\/\/lnb.gov.lv\/en\/\">the National Library of Latvia<\/a> and <a href=\"https:\/\/www.arhivi.gov.lv\/en\">the National Archives of Latvia<\/a> for their support in the making of this book.<\/p>\n<p><\/p>","protected":false},"excerpt":{"rendered":"<p>&nbsp;<\/p>\n<p>2025 Edition<br \/>\nFormat: 20.3 \u00d7 20.6 cm<br \/>\n220 pages<br \/>\nHardcover<\/p>\n<p>In Latvian<\/p>\n<p>Authors: Edgars Lecis, Inese Grand\u0101ne<br \/>\nEditor: J\u0101nis Barbans<br \/>\nProofreaders: Ilze Ant\u0113na, El\u012bna Kokarevi\u010da<br \/>\nCartographers: Ieva Ozoli\u0146a, Ing\u016bna P\u016bkaine<br \/>\nDesigner: L\u012bga Dubrovska<br \/>\nPublishers: J\u0101\u0146a s\u0113ta, National Library of Latvia, National Archives of Latvia<\/p>\n<p>EAN: 9789984077864<\/p>\n","protected":false},"featured_media":21039,"comment_status":"closed","ping_status":"closed","template":"","meta":[],"product_brand":[],"product_cat":[112,12,86],"product_tag":[],"class_list":{"0":"post-21030","1":"product","2":"type-product","3":"status-publish","4":"has-post-thumbnail","6":"product_cat-jaunumi","7":"product_cat-gramatas","8":"product_cat-davanas","10":"first","11":"instock","12":"taxable","13":"shipping-taxable","14":"purchasable","15":"product-type-simple"},"_links":{"self":[{"href":"https:\/\/www.kartes.lv\/en\/wp-json\/wp\/v2\/product\/21030","targetHints":{"allow":["GET"]}}],"collection":[{"href":"https:\/\/www.kartes.lv\/en\/wp-json\/wp\/v2\/product"}],"about":[{"href":"https:\/\/www.kartes.lv\/en\/wp-json\/wp\/v2\/types\/product"}],"replies":[{"embeddable":true,"href":"https:\/\/www.kartes.lv\/en\/wp-json\/wp\/v2\/comments?post=21030"}],"wp:featuredmedia":[{"embeddable":true,"href":"https:\/\/www.kartes.lv\/en\/wp-json\/wp\/v2\/media\/21039"}],"wp:attachment":[{"href":"https:\/\/www.kartes.lv\/en\/wp-json\/wp\/v2\/media?parent=21030"}],"wp:term":[{"taxonomy":"product_brand","embeddable":true,"href":"https:\/\/www.kartes.lv\/en\/wp-json\/wp\/v2\/product_brand?post=21030"},{"taxonomy":"product_cat","embeddable":true,"href":"https:\/\/www.kartes.lv\/en\/wp-json\/wp\/v2\/product_cat?post=21030"},{"taxonomy":"product_tag","embeddable":true,"href":"https:\/\/www.kartes.lv\/en\/wp-json\/wp\/v2\/product_tag?post=21030"}],"curies":[{"name":"wp","href":"https:\/\/api.w.org\/{rel}","templated":true}]}}