{"id":3903,"date":"2016-10-28T11:18:51","date_gmt":"2016-10-28T09:18:51","guid":{"rendered":"http:\/\/wp4.kartes.lv\/lv\/product\/limbazu-novads-alojas-krimuldas-salacgrivas-novads\/"},"modified":"2026-03-02T13:22:24","modified_gmt":"2026-03-02T11:22:24","slug":"limbazu-novads-alojas-krimuldas-salacgrivas-novads","status":"publish","type":"product","link":"https:\/\/www.kartes.lv\/en\/product\/limbazu-novads-alojas-krimuldas-salacgrivas-novads\/","title":{"rendered":"Limba\u017ei district. Aloja, Krimulda, Salacgr\u012bva district"},"content":{"rendered":"<p><!--StartFragment --><\/p>\n<p class=\"pf0\"><span class=\"cf0\">One of the key features of this map edition is the inclusion of several important information layers. Enhancements such as detailed relief, forest trails, and major power lines significantly improve the map\u2019s usability and value for navigation in the area. <\/span><\/p>\n<p><!--EndFragment --><\/p>","protected":false},"excerpt":{"rendered":"<p>First edition<br \/>\nScale 1:75 000<br \/>\nScale of Aina\u017ei, Aloja, Limba\u017ei, Salacgr\u012bva and Staicele town plans 1:20 000<br \/>\nSize 87,5 x 57 cm \/ 12,5 x 23 cm folded<\/p>\n<p>EAN: 9789984076638<\/p>\n","protected":false},"featured_media":5692,"comment_status":"closed","ping_status":"closed","template":"","meta":[],"product_brand":[],"product_cat":[7,10,129],"product_tag":[],"class_list":{"0":"post-3903","1":"product","2":"type-product","3":"status-publish","4":"has-post-thumbnail","6":"product_cat-kartes-atlanti-celvezi","7":"product_cat-celu-kartes-atlanti","8":"product_cat-akcija","10":"first","11":"instock","12":"sale","13":"taxable","14":"shipping-taxable","15":"purchasable","16":"product-type-simple"},"_links":{"self":[{"href":"https:\/\/www.kartes.lv\/en\/wp-json\/wp\/v2\/product\/3903","targetHints":{"allow":["GET"]}}],"collection":[{"href":"https:\/\/www.kartes.lv\/en\/wp-json\/wp\/v2\/product"}],"about":[{"href":"https:\/\/www.kartes.lv\/en\/wp-json\/wp\/v2\/types\/product"}],"replies":[{"embeddable":true,"href":"https:\/\/www.kartes.lv\/en\/wp-json\/wp\/v2\/comments?post=3903"}],"wp:featuredmedia":[{"embeddable":true,"href":"https:\/\/www.kartes.lv\/en\/wp-json\/wp\/v2\/media\/5692"}],"wp:attachment":[{"href":"https:\/\/www.kartes.lv\/en\/wp-json\/wp\/v2\/media?parent=3903"}],"wp:term":[{"taxonomy":"product_brand","embeddable":true,"href":"https:\/\/www.kartes.lv\/en\/wp-json\/wp\/v2\/product_brand?post=3903"},{"taxonomy":"product_cat","embeddable":true,"href":"https:\/\/www.kartes.lv\/en\/wp-json\/wp\/v2\/product_cat?post=3903"},{"taxonomy":"product_tag","embeddable":true,"href":"https:\/\/www.kartes.lv\/en\/wp-json\/wp\/v2\/product_tag?post=3903"}],"curies":[{"name":"wp","href":"https:\/\/api.w.org\/{rel}","templated":true}]}}