{"id":3919,"date":"2016-10-28T11:18:56","date_gmt":"2016-10-28T09:18:56","guid":{"rendered":"http:\/\/wp4.kartes.lv\/lv\/product\/dienvidlatgale-un-augszeme-2\/"},"modified":"2026-03-02T13:21:33","modified_gmt":"2026-03-02T11:21:33","slug":"dienvidlatgale-un-augszeme-2","status":"publish","type":"product","link":"https:\/\/www.kartes.lv\/en\/product\/dienvidlatgale-un-augszeme-2\/","title":{"rendered":"Southern Latgale and Aug\u0161zeme"},"content":{"rendered":"<p>There is information included that is necessary for any traveller &#8211; detailed network of roads, populated areas and farmsteads, forests, swamps and, of course, various tourism and service objects: castles, manors, museums, nature specimens, hills and castle mounds, sports complexes, tourism information centres, filling stations and gas filling stations, restaurants and cafes, hotels, motels, campings and other accommodation places.<\/p>\n<p>There are pictures and information given for 44 major and most interesting tourism objects. Objects are also marked in the map, so tourist can get in-depth information about major tourism objects in region and plan route already before going on the journey.<\/p>","protected":false},"excerpt":{"rendered":"<p>Edition of the year 2018<br \/>\nScale: 1: 200 000<br \/>\nScale of Daugavpils, J\u0113kabpils, Kr\u0101slava, Ludza, Prei\u013ci and R\u0113zekne.<br \/>\nSize 84 x 59 cm \/ 12 x 23 cm folded<\/p>\n<p>EAN: 9789984074641<\/p>\n","protected":false},"featured_media":8548,"comment_status":"closed","ping_status":"closed","template":"","meta":[],"product_brand":[],"product_cat":[7,10,129],"product_tag":[],"class_list":{"0":"post-3919","1":"product","2":"type-product","3":"status-publish","4":"has-post-thumbnail","6":"product_cat-kartes-atlanti-celvezi","7":"product_cat-celu-kartes-atlanti","8":"product_cat-akcija","10":"first","11":"instock","12":"sale","13":"taxable","14":"shipping-taxable","15":"purchasable","16":"product-type-simple"},"_links":{"self":[{"href":"https:\/\/www.kartes.lv\/en\/wp-json\/wp\/v2\/product\/3919","targetHints":{"allow":["GET"]}}],"collection":[{"href":"https:\/\/www.kartes.lv\/en\/wp-json\/wp\/v2\/product"}],"about":[{"href":"https:\/\/www.kartes.lv\/en\/wp-json\/wp\/v2\/types\/product"}],"replies":[{"embeddable":true,"href":"https:\/\/www.kartes.lv\/en\/wp-json\/wp\/v2\/comments?post=3919"}],"wp:featuredmedia":[{"embeddable":true,"href":"https:\/\/www.kartes.lv\/en\/wp-json\/wp\/v2\/media\/8548"}],"wp:attachment":[{"href":"https:\/\/www.kartes.lv\/en\/wp-json\/wp\/v2\/media?parent=3919"}],"wp:term":[{"taxonomy":"product_brand","embeddable":true,"href":"https:\/\/www.kartes.lv\/en\/wp-json\/wp\/v2\/product_brand?post=3919"},{"taxonomy":"product_cat","embeddable":true,"href":"https:\/\/www.kartes.lv\/en\/wp-json\/wp\/v2\/product_cat?post=3919"},{"taxonomy":"product_tag","embeddable":true,"href":"https:\/\/www.kartes.lv\/en\/wp-json\/wp\/v2\/product_tag?post=3919"}],"curies":[{"name":"wp","href":"https:\/\/api.w.org\/{rel}","templated":true}]}}