{"id":3978,"date":"2016-10-28T11:19:18","date_gmt":"2016-10-28T09:19:18","guid":{"rendered":"http:\/\/wp4.kartes.lv\/lv\/product\/raznas-nacionalais-parks-2\/"},"modified":"2026-03-02T13:17:32","modified_gmt":"2026-03-02T11:17:32","slug":"raznas-nacionalais-parks-2","status":"publish","type":"product","link":"https:\/\/www.kartes.lv\/en\/product\/raznas-nacionalais-parks-2\/","title":{"rendered":"R\u0101zna National Park"},"content":{"rendered":"<p><\/p>\n<p data-start=\"52\" data-end=\"436\">Over the past decade, R\u0101zna National Park has become a popular destination for tourism, outdoor recreation, and environmental education. To support the park\u2019s development, and in cooperation with the Nature Conservation Agency and with the support of the municipalities of Dagda, Ludza, and R\u0113zekne cities and R\u0113zekne municipality, a map of R\u0101zna National Park has been published.<\/p>\n<p data-start=\"438\" data-end=\"904\">The publication provides visitors with extensive information about the park\u2019s natural and cultural heritage, opportunities for nature tourism and environmental education, as well as the TOP 10 attractions within the park. The detailed area map shows the locations of sights, recreational and educational sites, and accommodations, while also highlighting the most popular water tourism routes. The publication also includes maps of nearby cities \u2013 R\u0113zekne and Dagda.<\/p>\n<p data-start=\"906\" data-end=\"1043\">Explore R\u0101zna National Park, respect its values, follow the basic visitor rules, and leave the environment clean for others to enjoy!<\/p>\n<p><\/p>","protected":false},"excerpt":{"rendered":"<p>Edition of the year 2016<br \/>\nScale 1:100 000<br \/>\nScale of R\u0113zekne and Dagda town plans 1:20 000<br \/>\nSize 60 x 57,5 cm \/ 12 x 23 cm folded<\/p>\n<p>EAN: 9789984075303<\/p>\n","protected":false},"featured_media":6066,"comment_status":"closed","ping_status":"closed","template":"","meta":[],"product_brand":[],"product_cat":[7,10,129],"product_tag":[],"class_list":{"0":"post-3978","1":"product","2":"type-product","3":"status-publish","4":"has-post-thumbnail","6":"product_cat-kartes-atlanti-celvezi","7":"product_cat-celu-kartes-atlanti","8":"product_cat-akcija","10":"first","11":"instock","12":"sale","13":"taxable","14":"shipping-taxable","15":"purchasable","16":"product-type-simple"},"_links":{"self":[{"href":"https:\/\/www.kartes.lv\/en\/wp-json\/wp\/v2\/product\/3978","targetHints":{"allow":["GET"]}}],"collection":[{"href":"https:\/\/www.kartes.lv\/en\/wp-json\/wp\/v2\/product"}],"about":[{"href":"https:\/\/www.kartes.lv\/en\/wp-json\/wp\/v2\/types\/product"}],"replies":[{"embeddable":true,"href":"https:\/\/www.kartes.lv\/en\/wp-json\/wp\/v2\/comments?post=3978"}],"wp:featuredmedia":[{"embeddable":true,"href":"https:\/\/www.kartes.lv\/en\/wp-json\/wp\/v2\/media\/6066"}],"wp:attachment":[{"href":"https:\/\/www.kartes.lv\/en\/wp-json\/wp\/v2\/media?parent=3978"}],"wp:term":[{"taxonomy":"product_brand","embeddable":true,"href":"https:\/\/www.kartes.lv\/en\/wp-json\/wp\/v2\/product_brand?post=3978"},{"taxonomy":"product_cat","embeddable":true,"href":"https:\/\/www.kartes.lv\/en\/wp-json\/wp\/v2\/product_cat?post=3978"},{"taxonomy":"product_tag","embeddable":true,"href":"https:\/\/www.kartes.lv\/en\/wp-json\/wp\/v2\/product_tag?post=3978"}],"curies":[{"name":"wp","href":"https:\/\/api.w.org\/{rel}","templated":true}]}}