{"id":5986,"date":"2017-09-15T15:12:18","date_gmt":"2017-09-15T13:12:18","guid":{"rendered":"https:\/\/www.kartes.lv\/?post_type=product&#038;p=5986"},"modified":"2025-11-01T00:00:01","modified_gmt":"2025-10-31T22:00:01","slug":"atlants-ilustrets-celojums-pa-valstim-juram-un-pasaules-kulturam","status":"publish","type":"product","link":"https:\/\/www.kartes.lv\/en\/product\/atlants-ilustrets-celojums-pa-valstim-juram-un-pasaules-kulturam\/","title":{"rendered":"Atlas. Illustrated journey through countries, seas and cultures of the world"},"content":{"rendered":"<p>This book will take you on an extraordinary journey around the world! You will explore Iceland\u2019s geysers, camel caravans in Egypt\u2019s deserts, and ancient Mayan cities in Mexico. In the United Kingdom, you will play cricket; in India, you will practice yoga; and in China, you will taste century-old eggs. Australia will surprise you with the platypus, Finland with its polar night, and Madagascar with its giant baobab trees.<\/p>\n<p>Through 55 large maps, richly illustrated with countless drawings, you&#8217;ll travel across 46 countries on 6 continents. Discover the most fascinating corners of the world and celebrate its diversity!<\/p>\n<p>The authors of the book are Aleksandra and Daniel Mizieli\u0144scy, a creative couple from Poland, known for their unique approach to children\u2019s book design. They transform encyclopedic precision into highly detailed, imagination-sparking illustrations. The artists are the creators of numerous award-winning children\u2019s books that have received international recognition.<\/p>\n<p>The first edition of the book &#8220;<em>Atlas. Illustrated journey through countries, seas and cultures of the world<\/em>&#8221; in Polish took 3 years to complete. During that time, the authors carefully collected and verified the information, then presented it in their distinctive illustrative style. The book has since been translated in 32 languages and published in over 3 million copies worldwide. It has received prestigious international awards in the children\u2019s and educational book categories in Poland, the UK, France, Italy, and Germany.<\/p>\n<p>In this Latvian edition, the visual content is enriched with accurate geographical data, including countries\u2019 capitals, official languages, and population figures &#8211; all meticulously verified and updated by editors at <em>J\u0101\u0146a s\u0113ta<\/em>.<\/p>\n<p>The publication of the Latvian edition is supported by the \u00a9POLAND Translation Programme.<\/p>","protected":false},"excerpt":{"rendered":"<p><strong>In Latvian<\/strong><\/p>\n<p>Edition of the year 2021<br \/>\nSize: 37.6 cm x 27.1 cm<br \/>\nWeight: 1.310 g<br \/>\n116 pages<br \/>\nHardcover<br \/>\nAuthors: Aleksandra Mizieli\u0144scy, Daniel Mizieli\u0144scy<\/p>\n<p>EAN: 9789984077314<\/p>\n","protected":false},"featured_media":5987,"comment_status":"closed","ping_status":"closed","template":"","meta":[],"product_brand":[],"product_cat":[12,113,14,86],"product_tag":[],"class_list":{"0":"post-5986","1":"product","2":"type-product","3":"status-publish","4":"has-post-thumbnail","6":"product_cat-gramatas","7":"product_cat-skoleniem","8":"product_cat-izglitojosie-izdevumi","9":"product_cat-davanas","11":"first","12":"instock","13":"featured","14":"taxable","15":"shipping-taxable","16":"purchasable","17":"product-type-simple"},"_links":{"self":[{"href":"https:\/\/www.kartes.lv\/en\/wp-json\/wp\/v2\/product\/5986","targetHints":{"allow":["GET"]}}],"collection":[{"href":"https:\/\/www.kartes.lv\/en\/wp-json\/wp\/v2\/product"}],"about":[{"href":"https:\/\/www.kartes.lv\/en\/wp-json\/wp\/v2\/types\/product"}],"replies":[{"embeddable":true,"href":"https:\/\/www.kartes.lv\/en\/wp-json\/wp\/v2\/comments?post=5986"}],"wp:featuredmedia":[{"embeddable":true,"href":"https:\/\/www.kartes.lv\/en\/wp-json\/wp\/v2\/media\/5987"}],"wp:attachment":[{"href":"https:\/\/www.kartes.lv\/en\/wp-json\/wp\/v2\/media?parent=5986"}],"wp:term":[{"taxonomy":"product_brand","embeddable":true,"href":"https:\/\/www.kartes.lv\/en\/wp-json\/wp\/v2\/product_brand?post=5986"},{"taxonomy":"product_cat","embeddable":true,"href":"https:\/\/www.kartes.lv\/en\/wp-json\/wp\/v2\/product_cat?post=5986"},{"taxonomy":"product_tag","embeddable":true,"href":"https:\/\/www.kartes.lv\/en\/wp-json\/wp\/v2\/product_tag?post=5986"}],"curies":[{"name":"wp","href":"https:\/\/api.w.org\/{rel}","templated":true}]}}