{"id":18147,"date":"2024-03-22T14:00:39","date_gmt":"2024-03-22T12:00:39","guid":{"rendered":"https:\/\/www.kartes.lv\/?page_id=18147"},"modified":"2024-04-19T17:12:24","modified_gmt":"2024-04-19T14:12:24","slug":"piegade","status":"publish","type":"page","link":"https:\/\/www.kartes.lv\/lt\/piegade\/","title":{"rendered":"Pieg\u0101de"},"content":{"rendered":"<p class=\"qtranxs-available-languages-message qtranxs-available-languages-message-lt\">Atsipra\u0161ome, \u0161is puslapis galimas tik <a href=\"https:\/\/www.kartes.lv\/lv\/wp-json\/wp\/v2\/pages\/18147\" class=\"qtranxs-available-language-link qtranxs-available-language-link-lv\" title=\"Latvie\u0161u\">Latvie\u0161u<\/a> ir <a href=\"https:\/\/www.kartes.lv\/en\/wp-json\/wp\/v2\/pages\/18147\" class=\"qtranxs-available-language-link qtranxs-available-language-link-en\" title=\"English\">English<\/a>.<\/p><p><\/p>\n<h1 id=\"pieg\" class=\"section-title\">Pieg\u0101de<\/h1>\n<p>Preces pieg\u0101di nodro\u0161in\u0101m gandr\u012bz vis\u0101 pasaul\u0113.<br \/>\nPreces pieg\u0101de <strong>Baltijas valst\u012bs<\/strong> ir bez maksas, ja <strong>pas\u016bt\u012bjuma v\u0113rt\u012bba<\/strong> ir <strong>20.00 eiro<\/strong> un vair\u0101k.<br \/>\nPreces pieg\u0101des izmaksas tiek nor\u0101d\u012btas noform\u0113jot pirkumu.<br \/>\nPas\u016bt\u012bjums tiek pieg\u0101d\u0101ts Klientam, kas tiek nor\u0101d\u012bts Pas\u016bt\u012bjum\u0101 sada\u013c\u0101 Pieg\u0101de.<br \/>\nPreces sa\u0146em\u0161anas termi\u0146\u0161 ir atkar\u012bgs no Pas\u016bt\u012bjuma savlaic\u012bgas apmaksas no Klienta puses, no pieg\u0101des veida, re\u0123iona un valsts, kur Prece tiks s\u016bt\u012bta, no attiec\u012bg\u0101 pieg\u0101des dienesta darba, kas nodro\u0161ina \u0161\u0101 Pas\u016bt\u012bjuma pieg\u0101di un nav tie\u0161i atkar\u012bgs no P\u0101rdev\u0113ja.<br \/>\nVair\u0101kum\u0101 gad\u012bjumu Prece Baltijas valst\u012bs tiek pieg\u0101d\u0101ta 1\u20133 darbdienu laik\u0101 no apmaksas sa\u0146em\u0161anas br\u012b\u017ea.<br \/>\nSienas kartes un citi lielform\u0101ta izdevumi, tiek pieg\u0101d\u0101ti tikai ar kurjeru vai ar\u012b sa\u0146emot uz vietas SIA \u201cJ\u0101\u0146a s\u0113ta\u201d noliktav\u0101 R\u012bg\u0101, Krasta iel\u0101 105A, iepriek\u0161 par to vienojoties.<\/p>\n<h2 id=\"pieg-veid\" class=\"section-title\">Pieg\u0101des veidi:<\/h2>\n<h4 id=\"pieg-veid-balt\">Latvija, Lietuva, Igaunija (Baltijas valstis)<\/h4>\n<ul>\n<li>Sa\u0146emot \u201cJ\u0101\u0146a s\u0113ta\u201d noliktav\u0101 Krasta iel\u0101 105A R\u012bg\u0101, iepriek\u0161 par to vienojoties.<\/li>\n<li>Omniva pakom\u0101ts: 3.19 eiro 2\u20133 darbadienu laik\u0101.<\/li>\n<li>Omniva pakom\u0101ts Lietuva, Igaunija: 5.70 eiro 2\u20133 darbadienu laik\u0101.<\/li>\n<li>Venipak pakom\u0101ts: 1.65 eiro 2-3 darbadienu laik\u0101.<\/li>\n<li>Venipak pakom\u0101ts Lietuva, Igaunija: 4.87 eiro 2-3 darbadienu laik\u0101.<\/li>\n<li>Ar Venipak kurjeru: s\u0101kot no 4 eiro, atkar\u012bb\u0101 no Pas\u016bt\u012bjuma izm\u0113riem, 1\u20133 darbdienu laik\u0101.<\/li>\n<\/ul>\n<h4 id=\"pieg-veid-eur\">Eiropas Savien\u012bbas valstis<\/h4>\n<ul>\n<li>Expresspasts \/ Venipak: cena un pieg\u0101des laiks ir atkar\u012bgs no valsts, kur\u0101 tiks pieg\u0101d\u0101ta Prece. Expresspasta pieg\u0101des laiks un cenu saraksts ir <a href=\"\/wp-content\/uploads\/2017\/09\/Expresspasta_piegades_laiki_un_cenas.pdf\" target=\"_blank\" rel=\"noopener noreferrer\">\u0161eit<\/a>.<\/li>\n<\/ul>\n<h4 id=\"pieg-veid-arp\">\u0100rpus Eiropas Savien\u012bbas<\/h4>\n<ul>\n<li>Expresspasts \/ Venipak: cena un pieg\u0101des laiks ir atkar\u012bgs no valsts, kur\u0101 tiks pieg\u0101d\u0101ta Prece. Expresspasta pieg\u0101des laiks un cenu saraksts ir <a href=\"\/wp-content\/uploads\/2017\/09\/Expresspasta_piegades_laiki_un_cenas.pdf\" target=\"_blank\" rel=\"noopener noreferrer\">\u0161eit<\/a>.<\/li>\n<\/ul>\n<p><\/p>","protected":false},"excerpt":{"rendered":"<p>Atsipra\u0161ome, \u0161is puslapis galimas tik Latvie\u0161u ir English. Pieg\u0101de Preces pieg\u0101di nodro\u0161in\u0101m gandr\u012bz vis\u0101 pasaul\u0113. Preces pieg\u0101de Baltijas valst\u012bs ir bez maksas, ja pas\u016bt\u012bjuma v\u0113rt\u012bba ir 20.00 eiro un vair\u0101k. &#8230;<\/p>\n","protected":false},"author":4,"featured_media":0,"parent":0,"menu_order":0,"comment_status":"closed","ping_status":"closed","template":"","meta":{"footnotes":""},"class_list":["post-18147","page","type-page","status-publish","hentry"],"_links":{"self":[{"href":"https:\/\/www.kartes.lv\/lt\/wp-json\/wp\/v2\/pages\/18147","targetHints":{"allow":["GET"]}}],"collection":[{"href":"https:\/\/www.kartes.lv\/lt\/wp-json\/wp\/v2\/pages"}],"about":[{"href":"https:\/\/www.kartes.lv\/lt\/wp-json\/wp\/v2\/types\/page"}],"author":[{"embeddable":true,"href":"https:\/\/www.kartes.lv\/lt\/wp-json\/wp\/v2\/users\/4"}],"replies":[{"embeddable":true,"href":"https:\/\/www.kartes.lv\/lt\/wp-json\/wp\/v2\/comments?post=18147"}],"version-history":[{"count":2,"href":"https:\/\/www.kartes.lv\/lt\/wp-json\/wp\/v2\/pages\/18147\/revisions"}],"predecessor-version":[{"id":18301,"href":"https:\/\/www.kartes.lv\/lt\/wp-json\/wp\/v2\/pages\/18147\/revisions\/18301"}],"wp:attachment":[{"href":"https:\/\/www.kartes.lv\/lt\/wp-json\/wp\/v2\/media?parent=18147"}],"curies":[{"name":"wp","href":"https:\/\/api.w.org\/{rel}","templated":true}]}}