{"id":30288,"date":"2026-02-27T18:35:28","date_gmt":"2026-02-27T16:35:28","guid":{"rendered":"https:\/\/www.kartes.lv\/?page_id=30288"},"modified":"2026-02-27T18:35:28","modified_gmt":"2026-02-27T16:35:28","slug":"parvietota","status":"publish","type":"page","link":"https:\/\/www.kartes.lv\/lt\/parvietota\/","title":{"rendered":"\u010cia nieko n\u0117ra"},"content":{"rendered":"<p><\/p>\n<h4>\u0160is puslapis nebepasiekiamas.<\/h4>\n<h4>Jis gal\u0117jo b\u016bti perkeltas, pa\u0161alintas arba adresas gal\u0117jo b\u016bti \u012fvestas neteisingai.<\/h4>\n<h4>Eikite \u012f vien\u0105 i\u0161 m\u016bs\u0173 pagrindini\u0173 puslapi\u0173:<\/h4>\n<p><a href=\"\/lt\/\" style = \"padding:10px; display:inline-block; width:25%;\" class=\"wpb-pcf-btn wpb-pcf-btn-default\">Pagrindinis puslapis<\/a><\/p>\n<p><a href=\"\/lt\/shop\" style = \"padding:10px; display:inline-block; width:25%;\" class=\"wpb-pcf-btn wpb-pcf-btn-default\">Parduotuv\u0117<\/a><\/p>","protected":false},"excerpt":{"rendered":"<p>\u0160is puslapis nebepasiekiamas. Jis gal\u0117jo b\u016bti perkeltas, pa\u0161alintas arba adresas gal\u0117jo b\u016bti \u012fvestas neteisingai. Eikite \u012f vien\u0105 i\u0161 m\u016bs\u0173 pagrindini\u0173 puslapi\u0173: Pagrindinis puslapis Parduotuv\u0117<\/p>\n","protected":false},"author":53,"featured_media":0,"parent":0,"menu_order":0,"comment_status":"closed","ping_status":"closed","template":"","meta":{"footnotes":""},"class_list":["post-30288","page","type-page","status-publish","hentry"],"_links":{"self":[{"href":"https:\/\/www.kartes.lv\/lt\/wp-json\/wp\/v2\/pages\/30288","targetHints":{"allow":["GET"]}}],"collection":[{"href":"https:\/\/www.kartes.lv\/lt\/wp-json\/wp\/v2\/pages"}],"about":[{"href":"https:\/\/www.kartes.lv\/lt\/wp-json\/wp\/v2\/types\/page"}],"author":[{"embeddable":true,"href":"https:\/\/www.kartes.lv\/lt\/wp-json\/wp\/v2\/users\/53"}],"replies":[{"embeddable":true,"href":"https:\/\/www.kartes.lv\/lt\/wp-json\/wp\/v2\/comments?post=30288"}],"version-history":[{"count":1,"href":"https:\/\/www.kartes.lv\/lt\/wp-json\/wp\/v2\/pages\/30288\/revisions"}],"predecessor-version":[{"id":30289,"href":"https:\/\/www.kartes.lv\/lt\/wp-json\/wp\/v2\/pages\/30288\/revisions\/30289"}],"wp:attachment":[{"href":"https:\/\/www.kartes.lv\/lt\/wp-json\/wp\/v2\/media?parent=30288"}],"curies":[{"name":"wp","href":"https:\/\/api.w.org\/{rel}","templated":true}]}}