{"id":40,"date":"2016-08-24T12:46:09","date_gmt":"2016-08-24T10:46:09","guid":{"rendered":"http:\/\/wp4.kartes.lv\/?page_id=40"},"modified":"2025-11-14T15:53:25","modified_gmt":"2025-11-14T13:53:25","slug":"gis-it","status":"publish","type":"page","link":"https:\/\/www.kartes.lv\/lt\/gis-it\/","title":{"rendered":"Geospatial solutions"},"content":{"rendered":"<p><\/p>\n<section id=\"sec1\" class=\"section-padding onepage-section\">\n<div class=\"container\">\n<div class=\"section-title-area\" style=\"text-align: left;\">\n<h2 class=\"section-title\" style=\"font-size: 24px;\">Data and data services<\/h2>\n<\/div>\n<div class=\"row col-lg-12 col-sm-12 wow slideInUp\" style=\"visibility: visible; animation-name: slideInUp;\">\n<div class=\"col-lg-4 col-sm-4 col-xs-12\" style=\"text-align: center; margin-bottom: 20px;\"><img loading=\"lazy\" decoding=\"async\" class=\"alignnone wp-image-5502 size-medium\" src=\"https:\/\/www.kartes.lv\/wp-content\/uploads\/2016\/08\/Dati3_800x400-300x150.jpg\" alt=\"\" width=\"300\" height=\"150\" srcset=\"https:\/\/www.kartes.lv\/wp-content\/uploads\/2016\/08\/Dati3_800x400-300x150.jpg 300w, https:\/\/www.kartes.lv\/wp-content\/uploads\/2016\/08\/Dati3_800x400-400x200.jpg 400w, https:\/\/www.kartes.lv\/wp-content\/uploads\/2016\/08\/Dati3_800x400-600x300.jpg 600w, https:\/\/www.kartes.lv\/wp-content\/uploads\/2016\/08\/Dati3_800x400-768x384.jpg 768w, https:\/\/www.kartes.lv\/wp-content\/uploads\/2016\/08\/Dati3_800x400.jpg 800w\" sizes=\"auto, (max-width: 300px) 100vw, 300px\" \/><\/div>\n<div class=\"col-lg-8 col-sm-8 col-xs-12\">We are owners of geospatial dataset which describes the territory of Latvia and Baltic States in high level of detail.\u00a0Large amount of data can be retrieved through <a href=\"https:\/\/www.kartes.lv\/en\/geodatu-servisi\/\">geoservices online programming interfaces<\/a> (APIs), such as various <a href=\"https:\/\/developers.kartes.lv\/en\/wms\/\">basemap WMS services<\/a>, address search (<a href=\"https:\/\/developers.kartes.lv\/en\/geocoding\/\">geocoding<\/a> and <a href=\"https:\/\/developers.kartes.lv\/en\/reverse-geocoding\/\">reverse geocoding)<\/a> API services, <a href=\"https:\/\/developers.kartes.lv\/en\/routing\/\">automotive routing<\/a>, or <a href=\"https:\/\/developers.kartes.lv\/en\/search\/\">street search<\/a> services.<\/div>\n<\/div>\n<\/div>\n<\/section>\n<section id=\"sec2\" class=\"section-padding onepage-section\">\n<div class=\"container\">\n<div class=\"section-title-area\" style=\"text-align: left;\">\n<h2 class=\"section-title\" style=\"font-size: 24px;\">IT\u00a0solutions<\/h2>\n<\/div>\n<div class=\"row col-lg-12 col-sm-12 wow slideInUp\" style=\"visibility: visible; animation-name: slideInUp;\">\n<div class=\"col-lg-4 col-sm-4 col-xs-12\" style=\"text-align: center; margin-bottom: 20px;\"><img loading=\"lazy\" decoding=\"async\" class=\"alignnone size-medium wp-image-4652\" src=\"https:\/\/www.kartes.lv\/wp-content\/uploads\/2016\/08\/IT_800x400-1-300x150.jpg\" alt=\"\" width=\"300\" height=\"150\" srcset=\"https:\/\/www.kartes.lv\/wp-content\/uploads\/2016\/08\/IT_800x400-1-300x150.jpg 300w, https:\/\/www.kartes.lv\/wp-content\/uploads\/2016\/08\/IT_800x400-1-400x200.jpg 400w, https:\/\/www.kartes.lv\/wp-content\/uploads\/2016\/08\/IT_800x400-1-600x300.jpg 600w, https:\/\/www.kartes.lv\/wp-content\/uploads\/2016\/08\/IT_800x400-1-768x384.jpg 768w, https:\/\/www.kartes.lv\/wp-content\/uploads\/2016\/08\/IT_800x400-1.jpg 800w\" sizes=\"auto, (max-width: 300px) 100vw, 300px\" \/><\/div>\n<div class=\"col-lg-8 col-sm-8 col-xs-12\">We are ready to create software which uses accurate geospatial data to solve the specific customer&#8217;s needs and requests. Information systems allow to see, analyze and process any geospatial information on the map.\u00a0We offer more than 20 REST APIs for customers and partners\u00a0to easily access and contribute to our geospatial data.<\/div>\n<\/div>\n<\/div>\n<\/section>\n<section id=\"sec3\" class=\"section-padding onepage-section\">\n<div class=\"container\">\n<div class=\"section-title-area\" style=\"text-align: left;\">\n<h2 class=\"section-title\" style=\"font-size: 24px;\">Mobile applications<\/h2>\n<\/div>\n<div class=\"row col-lg-12 col-sm-12 wow slideInUp\" style=\"visibility: visible; animation-name: slideInUp;\">\n<div class=\"col-lg-4 col-sm-4 col-xs-12\" style=\"text-align: center; margin-bottom: 20px;\"><img loading=\"lazy\" decoding=\"async\" class=\"alignnone size-medium wp-image-4586\" src=\"https:\/\/www.kartes.lv\/wp-content\/uploads\/2016\/08\/Mobilas_aplikacijas_800x400-300x150.jpg\" alt=\"\" width=\"300\" height=\"150\" srcset=\"https:\/\/www.kartes.lv\/wp-content\/uploads\/2016\/08\/Mobilas_aplikacijas_800x400-300x150.jpg 300w, https:\/\/www.kartes.lv\/wp-content\/uploads\/2016\/08\/Mobilas_aplikacijas_800x400-400x200.jpg 400w, https:\/\/www.kartes.lv\/wp-content\/uploads\/2016\/08\/Mobilas_aplikacijas_800x400-600x300.jpg 600w, https:\/\/www.kartes.lv\/wp-content\/uploads\/2016\/08\/Mobilas_aplikacijas_800x400-768x384.jpg 768w, https:\/\/www.kartes.lv\/wp-content\/uploads\/2016\/08\/Mobilas_aplikacijas_800x400.jpg 800w\" sizes=\"auto, (max-width: 300px) 100vw, 300px\" \/><\/div>\n<div class=\"col-lg-8 col-sm-8 col-xs-12\">Every member in our family of mobile applications contains a map and each of them execute different functions. <a href=\"http:\/\/www.balticmaps.eu\">BalticMaps <\/a>is a map browser with routing function and up-to-date information about traffic jams. Dabasdati (translation in English \u2013 Nature Data) is a feedback application where any registered user can mark the species of flora and fauna (<a href=\"https:\/\/play.google.com\/store\/apps\/details?id=lv.dabasdati.android\" target=\"_blank\" rel=\"noopener noreferrer\">Android<\/a>,\u00a0<a href=\"https:\/\/itunes.apple.com\/lv\/app\/dabas-dati\/id1057009764?mt=8\" target=\"_blank\" rel=\"noopener noreferrer\">iOS<\/a>). Visit Tukums (<a href=\"https:\/\/play.google.com\/store\/apps\/details?id=lv.visittukums.android\" target=\"_blank\" rel=\"noopener noreferrer\">Android<\/a>) and Versts of Feelings (<a href=\"https:\/\/play.google.com\/store\/apps\/details?id=com.wayapp.tour_of_feelings_android&amp;hl=lv&amp;gl=US\">Android<\/a>) are typical tourism applications where the map is supplemented with information about objects and hospitality services.<\/div>\n<\/div>\n<\/div>\n<\/section>\n<section id=\"sec4\" class=\"section-padding onepage-section\">\n<div class=\"container\">\n<div class=\"section-title-area\" style=\"text-align: left;\">\n<h2 class=\"section-title\" style=\"font-size: 24px;\">Map for GARMIN and transport tracking<\/h2>\n<\/div>\n<div class=\"row col-lg-12 col-sm-12 wow slideInUp\" style=\"visibility: visible; animation-name: slideInUp;\">\n<div class=\"col-lg-4 col-sm-4 col-xs-12\" style=\"text-align: left; margin-bottom: 20px;\"><img loading=\"lazy\" decoding=\"async\" class=\"alignnone size-medium wp-image-4584\" src=\"https:\/\/www.kartes.lv\/wp-content\/uploads\/2016\/08\/JS_Navig_800x400-1-300x150.jpg\" alt=\"\" width=\"300\" height=\"150\" srcset=\"https:\/\/www.kartes.lv\/wp-content\/uploads\/2016\/08\/JS_Navig_800x400-1-300x150.jpg 300w, https:\/\/www.kartes.lv\/wp-content\/uploads\/2016\/08\/JS_Navig_800x400-1-400x200.jpg 400w, https:\/\/www.kartes.lv\/wp-content\/uploads\/2016\/08\/JS_Navig_800x400-1-600x300.jpg 600w, https:\/\/www.kartes.lv\/wp-content\/uploads\/2016\/08\/JS_Navig_800x400-1-768x384.jpg 768w, https:\/\/www.kartes.lv\/wp-content\/uploads\/2016\/08\/JS_Navig_800x400-1.jpg 800w\" sizes=\"auto, (max-width: 300px) 100vw, 300px\" \/><\/div>\n<div class=\"col-lg-8 col-sm-8 col-xs-12\">\n<p><a href=\"https:\/\/www.kartes.lv\/lv\/transporta-sekosana\/\">TUKS<\/a> \u2013 transport monitoring and control tracking solution ensures the highest level of security for tracking data. The unique feature of <a href=\"https:\/\/www.kartes.lv\/lv\/transporta-sekosana\/\">TUKS<\/a> is that the tracking data is stored and saved not on a third-party or service provider&#8217;s server but on the customer&#8217;s server. Latvia Map for Garmin navigation devices is the most accurate Latvia map for Garmin. Always up-to-date information about roads, addresses and points of interest. Easy to use and easy to find addresses in the countryside and towns.<\/p>\n<\/div>\n<\/div>\n<\/div>\n<\/section>\n<section id=\"sec4\" class=\"section-padding onepage-section\">\n<div class=\"container\">\n<div class=\"section-title-area\" style=\"text-align: left;\">\n<h2 class=\"section-title\" style=\"font-size: 24px;\">TerraLexicon<\/h2>\n<\/div>\n<div class=\"row col-lg-12 col-sm-12 wow slideInUp\" style=\"visibility: visible; animation-name: slideInUp;\">\n<div class=\"col-lg-4 col-sm-4 col-xs-12\" style=\"margin-bottom: 20px;\"><img loading=\"lazy\" decoding=\"async\" class=\"size-full wp-image-16625 alignnone\" src=\"https:\/\/www.kartes.lv\/wp-content\/uploads\/2023\/06\/terralexicon.png\" alt=\"\" width=\"300\" height=\"150\" \/><\/div>\n<div class=\"col-lg-8 col-sm-8 col-xs-12\">\n<p><a href=\"https:\/\/www.terralexicon.eu\/en\">TerraLexicon<\/a> is an automated translation solution for names on maps and other graphic files. The solution is available on the website <a href=\"https:\/\/www.terralexicon.eu\/en\">www.terralexicon.eu<\/a> and operates within Adobe Illustrator. The added value of TerraLexicon is the automated replacement of translated names directly in the file, thereby significantly reducing the time needed for editing. The project &#8220;Geoname translator for maps&#8221; (Est-Lat112) was created by Ltd &#8220;J\u0101\u0146a s\u0113ta&#8221; (Latvia) in collaboration with Ltd <a href=\"https:\/\/www.regio.ee\/en\/\">Regio O\u00dc<\/a> (Estonia). The project was implemented in the Estonian \u2013 Latvian (EST-LAT) cross-border cooperation program with the thematic objective of &#8220;Increasing the competitiveness of SMEs&#8221; priority axis &#8220;Active and attractive business environment.&#8221;<\/p>\n<\/div>\n<\/div>\n<\/div>\n<\/section>\n<section id=\"sec5\" class=\"section-padding onepage-section\">\n<div class=\"container\">\n<div class=\"section-title-area\" style=\"text-align: left;\">\n<h2 class=\"section-title\" style=\"font-size: 24px;\">Our works\/customer references<\/h2>\n<\/div>\n<div class=\"row\">\n<div class=\"feature-item col-lg-4 col-sm-6 wow slideInUp\" style=\"visibility: visible; animation-name: slideInUp;\">\n<div class=\"feature-media\" style=\"text-align: initial;\"><img loading=\"lazy\" decoding=\"async\" class=\"alignnone size-full wp-image-20991\" src=\"https:\/\/www.kartes.lv\/wp-content\/uploads\/2025\/09\/Untitled-design-7.jpg\" alt=\"\" width=\"300\" height=\"150\" \/><\/div>\n<h4 style=\"text-align: left;\">Custom geospatial solutions for e-commerce operations<\/h4>\n<p style=\"text-align: left;\">\u201cRetail e-commerce today relies heavily on accurate customer location data. When we first began working in this area, we realized that global data providers did not deliver sufficiently precise geospatial information. The address services from J\u0101\u0146a S\u0113ta, based on the official address data of Latvia, Estonia, and Lithuania, eliminate errors in address entry, saving us both time and costs.<\/p>\n<p style=\"text-align: left;\">In line with our needs, J\u0101\u0146a S\u0113ta enhanced their services with the required functionality, ensuring optimal results. In addition, they developed several highly customized geospatial solutions that enable us to plan effectively and ensure timely deliveries.<\/p>\n<p style=\"text-align: left;\">We highly value the stability of their services, their project management, and the professional approach of their development team.&#8221;<\/p>\n<p style=\"text-align: left;\"><strong>J\u0101nis Jakaitis<\/strong>, Head of E-commerce Flow IT, Rimi Baltic<\/p>\n<\/div>\n<div class=\"feature-item col-lg-4 col-sm-6 wow slideInUp\" style=\"visibility: visible; animation-name: slideInUp;\">\n<div class=\"feature-media\" style=\"text-align: initial;\"><img loading=\"lazy\" decoding=\"async\" class=\"wp-image-11246 size-medium alignnone\" src=\"https:\/\/www.kartes.lv\/wp-content\/uploads\/2020\/05\/Kartbutiken_Jana-seta_Minkarta_8090_800x400-300x150.png\" alt=\"\" width=\"300\" height=\"150\" srcset=\"https:\/\/www.kartes.lv\/wp-content\/uploads\/2020\/05\/Kartbutiken_Jana-seta_Minkarta_8090_800x400-300x150.png 300w, https:\/\/www.kartes.lv\/wp-content\/uploads\/2020\/05\/Kartbutiken_Jana-seta_Minkarta_8090_800x400-400x200.png 400w, https:\/\/www.kartes.lv\/wp-content\/uploads\/2020\/05\/Kartbutiken_Jana-seta_Minkarta_8090_800x400-600x300.png 600w, https:\/\/www.kartes.lv\/wp-content\/uploads\/2020\/05\/Kartbutiken_Jana-seta_Minkarta_8090_800x400-768x384.png 768w, https:\/\/www.kartes.lv\/wp-content\/uploads\/2020\/05\/Kartbutiken_Jana-seta_Minkarta_8090_800x400.png 800w\" sizes=\"auto, (max-width: 300px) 100vw, 300px\" \/><\/div>\n<h4 style=\"text-align: left;\">Self-service online map browser<\/h4>\n<p style=\"text-align: left;\">\u201c<a href=\"https:\/\/minkarta.kartes.lv\/\">MinKarta<\/a> is a self-service online map browser which offers the user the opportunity to choose the place of interest on the map and order a paper print-out of it. It can be ones childhood place, favourite fishing area or just beautiful scenery of the map as the artwork. The browser provides six map scales to choose from, an option to place the sheet as portrait or landscape and to choose printout material between two paper types. I see this service as great addition to our product range and I am satisfied with the project implementation!\u201d<\/p>\n<p style=\"text-align: left;\"><strong>Pedro Pettersson<\/strong>, CEO, <em>Kartf\u00f6rlaget 1985<\/em>\u00a0AB.<\/p>\n<\/div>\n<div class=\"feature-item col-lg-4 col-sm-6 wow slideInUp\" style=\"visibility: visible; animation-name: slideInUp;\">\n<div class=\"feature-media\" style=\"text-align: initial;\"><img loading=\"lazy\" decoding=\"async\" class=\"wp-image-11187 size-medium alignnone\" src=\"https:\/\/www.kartes.lv\/wp-content\/uploads\/2016\/08\/LAU-800x400-1-300x150.png\" alt=\"Latvijas Autoce\u013cu uztur\u0113t\u0101js\" width=\"300\" height=\"150\" srcset=\"https:\/\/www.kartes.lv\/wp-content\/uploads\/2016\/08\/LAU-800x400-1-300x150.png 300w, https:\/\/www.kartes.lv\/wp-content\/uploads\/2016\/08\/LAU-800x400-1-400x200.png 400w, https:\/\/www.kartes.lv\/wp-content\/uploads\/2016\/08\/LAU-800x400-1-600x300.png 600w, https:\/\/www.kartes.lv\/wp-content\/uploads\/2016\/08\/LAU-800x400-1-768x384.png 768w, https:\/\/www.kartes.lv\/wp-content\/uploads\/2016\/08\/LAU-800x400-1.png 800w\" sizes=\"auto, (max-width: 300px) 100vw, 300px\" \/><\/div>\n<h4 style=\"text-align: left;\">Development and maintenance of an Interactive Map Browser<\/h4>\n<p style=\"text-align: left;\">\u201cJana seta has developed an interactive map browser for <a href=\"https:\/\/www.lau.lv\/\">State Road Maintenance Service<\/a>, as well as ensures its maintenance. Interactive online map browser is a daily tool for us \u2013 it contains the cartographic map base and special layers of information (real estate objects, data about the Latvian state roads, etc.).\u00a0 The interactive map has been developed and is available only for our internal use, thus ensuring convenient browsing of resources online and improving the performance of daily work. During the cooperation,\u00a0Jana seta has been ensuring further development, according to our needs and requirements, as well as efficient communication when any maintenance issue occurred.\u201d<\/p>\n<p style=\"text-align: left;\"><strong>Raitis \u0160teinbergs<\/strong>, Head of Technological Process Development Department, State Road Maintenance Service in Latvia.<\/p>\n<\/div>\n<\/div>\n<\/div>\n<\/section>\n<section id=\"sec6\" class=\" section-padding onepage-section\">\n<div class=\"container\">\n<div class=\"section-title-area\" style=\"text-align: left;\">\n<h2 class=\"section-title\" style=\"font-size: 24px;\">CONTACT US<\/h2>\n<\/div>\n<div class=\"row col-lg-12 col-sm-12 wow slideInUp\" style=\"visibility: visible; animation-name: slideInUp;\">\n<div class=\"col-lg-5 col-md-5 col-sm-12 col-xs-12\">\n<p><img loading=\"lazy\" decoding=\"async\" class=\"alignnone wp-image-11316 size-medium\" src=\"https:\/\/www.kartes.lv\/wp-content\/uploads\/2016\/08\/MareksKilups_800x400-300x150.png\" alt=\"\" width=\"300\" height=\"150\" srcset=\"https:\/\/www.kartes.lv\/wp-content\/uploads\/2016\/08\/MareksKilups_800x400-300x150.png 300w, https:\/\/www.kartes.lv\/wp-content\/uploads\/2016\/08\/MareksKilups_800x400-400x200.png 400w, https:\/\/www.kartes.lv\/wp-content\/uploads\/2016\/08\/MareksKilups_800x400-600x300.png 600w, https:\/\/www.kartes.lv\/wp-content\/uploads\/2016\/08\/MareksKilups_800x400-768x384.png 768w, https:\/\/www.kartes.lv\/wp-content\/uploads\/2016\/08\/MareksKilups_800x400.png 800w\" sizes=\"auto, (max-width: 300px) 100vw, 300px\" \/><\/p>\n<h5 style=\"font-weight: 800;\">Mr. MAREKS KILUPS<\/h5>\n<hr \/>\n<p><strong>CEO, executive manager,<br \/>\nGeospatial solutions business unit<\/strong><\/p>\n<hr \/>\n<p><strong>Phone: <\/strong>+371\u00a067317540, +371\u00a029465511<br \/>\n<strong>E-mail: <\/strong><a href=\"mailto:mareks.kilups@kartes.lv\">mareks.kilups@kartes.lv<\/a><\/p>\n<\/div>\n<div class=\"col-lg-7 col-md-7 col-sm-12 col-xs-12\">\n<div class=\"screen-reader-response\"><\/div>\n<p style=\"text-align: left;\">We are open for new ideas and customized solutions. Please contact us to get an offer for realization of your ideas!<\/p>\n\n<div class=\"wpcf7 no-js\" id=\"wpcf7-f14-o3\" lang=\"en-US\" dir=\"ltr\" data-wpcf7-id=\"14\">\n<div class=\"screen-reader-response\"><p role=\"status\" aria-live=\"polite\" aria-atomic=\"true\"><\/p> <ul><\/ul><\/div>\n<form action=\"\/lt\/wp-json\/wp\/v2\/pages\/40#wpcf7-f14-o3\" method=\"post\" class=\"wpcf7-form init\" aria-label=\"Contact form\" novalidate=\"novalidate\" data-status=\"init\">\n<fieldset class=\"hidden-fields-container\"><input type=\"hidden\" name=\"_wpcf7\" value=\"14\" \/><input type=\"hidden\" name=\"_wpcf7_version\" value=\"6.1.5\" \/><input type=\"hidden\" name=\"_wpcf7_locale\" value=\"en_US\" \/><input type=\"hidden\" name=\"_wpcf7_unit_tag\" value=\"wpcf7-f14-o3\" \/><input type=\"hidden\" name=\"_wpcf7_container_post\" value=\"0\" \/><input type=\"hidden\" name=\"_wpcf7_posted_data_hash\" value=\"\" \/><input type=\"hidden\" name=\"_cf7a__timestamp\" value=\"+g9vAaPfFgGEfCmHvY\/ZFQ==\" \/><input type=\"hidden\" name=\"_cf7a_version\" value=\"1.0\" \/><input type=\"hidden\" name=\"_cf7a_address\" value=\"\" \/><input type=\"hidden\" name=\"_cf7a_referer\" value=\"\" \/><input type=\"hidden\" name=\"_cf7a_protocol\" value=\"\" \/><input type=\"hidden\" name=\"_cf7a_bot_fingerprint\" value=\"+g9vAaPfFgGEfCmHvY\/ZFQ==\" \/><input type=\"hidden\" name=\"_cf7a_bot_fingerprint_extras\" \/><input type=\"hidden\" name=\"_cf7a_append_on_submit\" \/>\n<\/fieldset>\n<p><label> J\u016bs\u0173 e-pa\u0161tas (Reikalingas)<br \/>\n<\/label><br \/>\n<span class=\"wpcf7-form-control-wrap\" data-name=\"your-email\"><input size=\"40\" maxlength=\"400\" class=\"wpcf7-form-control wpcf7-email wpcf7-validates-as-required wpcf7-text wpcf7-validates-as-email\" aria-required=\"true\" aria-invalid=\"false\" value=\"\" type=\"email\" name=\"your-email\" \/><\/span>\n<\/p>\n<p><label> Tema<br \/>\n<\/label><br \/>\n<span class=\"wpcf7-form-control-wrap\" data-name=\"your-subject\"><input type=\"text\" name=\"email\" value=\"\" autocomplete=\"fill\" class=\"fit-the-fullspace\" aria-hidden=\"true\" tabindex=\"-1\" \/><input size=\"40\" maxlength=\"400\" class=\"wpcf7-form-control wpcf7-text\" aria-invalid=\"false\" value=\"\" type=\"text\" name=\"your-subject\" \/><\/span>\n<\/p>\n<p><label> Tavo \u017einut\u0117<br \/>\n<\/label><br \/>\n<span class=\"wpcf7-form-control-wrap\" data-name=\"your-message\"><textarea cols=\"40\" rows=\"10\" maxlength=\"2000\" class=\"wpcf7-form-control wpcf7-textarea\" aria-invalid=\"false\" name=\"your-message\"><\/textarea><\/span><br \/>\n<input class=\"wpcf7-form-control wpcf7-submit has-spinner\" type=\"submit\" value=\"Si\u0173sti\" \/>\n<\/p><div class=\"wpcf7-response-output\" aria-hidden=\"true\"><\/div>\n<\/form>\n<\/div>\n\n<\/div>\n<\/div>\n<\/div>\n<\/section>\n<p><\/p>","protected":false},"excerpt":{"rendered":"<p>Data and data services We are owners of geospatial dataset which describes the territory of Latvia and Baltic States in high level of detail.\u00a0Large amount of data can be retrieved &#8230;<\/p>\n","protected":false},"author":45,"featured_media":0,"parent":0,"menu_order":0,"comment_status":"closed","ping_status":"closed","template":"","meta":{"footnotes":""},"class_list":["post-40","page","type-page","status-publish","hentry"],"_links":{"self":[{"href":"https:\/\/www.kartes.lv\/lt\/wp-json\/wp\/v2\/pages\/40","targetHints":{"allow":["GET"]}}],"collection":[{"href":"https:\/\/www.kartes.lv\/lt\/wp-json\/wp\/v2\/pages"}],"about":[{"href":"https:\/\/www.kartes.lv\/lt\/wp-json\/wp\/v2\/types\/page"}],"author":[{"embeddable":true,"href":"https:\/\/www.kartes.lv\/lt\/wp-json\/wp\/v2\/users\/45"}],"replies":[{"embeddable":true,"href":"https:\/\/www.kartes.lv\/lt\/wp-json\/wp\/v2\/comments?post=40"}],"version-history":[{"count":309,"href":"https:\/\/www.kartes.lv\/lt\/wp-json\/wp\/v2\/pages\/40\/revisions"}],"predecessor-version":[{"id":21323,"href":"https:\/\/www.kartes.lv\/lt\/wp-json\/wp\/v2\/pages\/40\/revisions\/21323"}],"wp:attachment":[{"href":"https:\/\/www.kartes.lv\/lt\/wp-json\/wp\/v2\/media?parent=40"}],"curies":[{"name":"wp","href":"https:\/\/api.w.org\/{rel}","templated":true}]}}