{"id":44,"date":"2016-08-24T12:47:14","date_gmt":"2016-08-24T10:47:14","guid":{"rendered":"http:\/\/wp4.kartes.lv\/?page_id=44"},"modified":"2026-02-19T09:52:47","modified_gmt":"2026-02-19T07:52:47","slug":"petijumi","status":"publish","type":"page","link":"https:\/\/www.kartes.lv\/lt\/petijumi\/","title":{"rendered":"Research"},"content":{"rendered":"<p><\/p>\n<section id=\"sec1\" class=\"section-padding onepage-section\">\n<div class=\"container\">\n<div class=\"section-title-area\" style=\"text-align: left;\">\n<h2 class=\"section-title\" style=\"font-size: 24px;\">GIS ANALYSIS OF resource and service location<\/h2>\n<\/div>\n<div class=\"row col-lg-12 col-sm-12 wow slideInUp\" style=\"visibility: visible; animation-name: slideInUp;\">\n<div class=\"col-lg-4 col-sm-4\" style=\"text-align: center; margin-bottom: 20px;\"><img loading=\"lazy\" decoding=\"async\" class=\"alignnone size-medium wp-image-5036\" src=\"https:\/\/www.kartes.lv\/wp-content\/uploads\/2016\/08\/Smiltene_800x400-300x150.jpg\" alt=\"\" width=\"300\" height=\"150\" srcset=\"https:\/\/www.kartes.lv\/wp-content\/uploads\/2016\/08\/Smiltene_800x400-300x150.jpg 300w, https:\/\/www.kartes.lv\/wp-content\/uploads\/2016\/08\/Smiltene_800x400-400x200.jpg 400w, https:\/\/www.kartes.lv\/wp-content\/uploads\/2016\/08\/Smiltene_800x400-600x300.jpg 600w, https:\/\/www.kartes.lv\/wp-content\/uploads\/2016\/08\/Smiltene_800x400-768x384.jpg 768w, https:\/\/www.kartes.lv\/wp-content\/uploads\/2016\/08\/Smiltene_800x400.jpg 800w\" sizes=\"auto, (max-width: 300px) 100vw, 300px\" \/><\/div>\n<div class=\"col-lg-8 col-sm-8\">Our information and software tools\u00a0allow us to perform geospatial analysis of\u00a0many kinds of data and processes and display them on\u00a0a map. Our experience in integration of specific customer created data in GIS systems as well as information analysis skills\u00a0enable us to develop smart solutions \u2013 whether it is resource management or efficiency enhancement of service provision.<\/div>\n<\/div>\n<\/div>\n<\/section>\n<section id=\"sec2\" class=\"section-padding onepage-section\">\n<div class=\"container\">\n<div class=\"section-title-area\" style=\"text-align: left;\">\n<h2 class=\"section-title\" style=\"font-size: 24px;\">consultations for regional and national development<\/h2>\n<\/div>\n<div class=\"row col-lg-12 col-sm-12 wow slideInUp\" style=\"visibility: visible; animation-name: slideInUp;\">\n<div class=\"col-lg-4 col-sm-4\" style=\"text-align: center; margin-bottom: 20px;\"><img loading=\"lazy\" decoding=\"async\" class=\"alignnone wp-image-5387 size-medium\" src=\"https:\/\/www.kartes.lv\/wp-content\/uploads\/2016\/08\/Bauskas_Petijums_800x400-300x150.jpg\" alt=\"\" width=\"300\" height=\"150\" srcset=\"https:\/\/www.kartes.lv\/wp-content\/uploads\/2016\/08\/Bauskas_Petijums_800x400-300x150.jpg 300w, https:\/\/www.kartes.lv\/wp-content\/uploads\/2016\/08\/Bauskas_Petijums_800x400-400x200.jpg 400w, https:\/\/www.kartes.lv\/wp-content\/uploads\/2016\/08\/Bauskas_Petijums_800x400-600x300.jpg 600w, https:\/\/www.kartes.lv\/wp-content\/uploads\/2016\/08\/Bauskas_Petijums_800x400-768x384.jpg 768w, https:\/\/www.kartes.lv\/wp-content\/uploads\/2016\/08\/Bauskas_Petijums_800x400.jpg 800w\" sizes=\"auto, (max-width: 300px) 100vw, 300px\" \/><\/div>\n<div class=\"col-lg-8 col-sm-8\">Universal expertise and economic geographers&#8217; view\u00a0of\u00a0the world enables us to understand and forecast processes in regional and national scale. These skills to explain the most\u00a0complicated issues in the most obvious way \u2013 by displaying them on maps \u2013 are highly evaluated by governmental institutions like the Parliament of the Republic of Latvia, Ministry of Environmental Protection and Regional Development of the Republic of Latvia, Ministry of Education and Science of Latvia as well as several local municipalities in Latvia. The main consulting topics are economics, demography and education. In 2017 the study <a href=\"https:\/\/izm.kartes.lv\/\">\u201cOptimizing the network of educational institutions in Latvia\u201d<\/a> was carried out, which is now the basis for the school network optimisation decisions.\u00a0In 2019\u20132020, during the implementing the administrative\u00a0and territorial reform, Jana seta\u00a0developed the substantiation of the administrative and territorial reform, as well as an online geospatial planning platform\u00a0for\u00a0<a href=\"https:\/\/atr.kartes.lv\/\">the administrative-territorial reform<\/a>.<\/div>\n<\/div>\n<\/div>\n<\/section>\n<section id=\"sec3\" class=\"section-padding onepage-section\">\n<div class=\"container\">\n<div class=\"section-title-area\" style=\"text-align: left;\">\n<h2 class=\"section-title\" style=\"font-size: 24px;\">Thematic mapping<\/h2>\n<\/div>\n<div class=\"row col-lg-12 col-sm-12 wow slideInUp\" style=\"visibility: visible; animation-name: slideInUp;\">\n<div class=\"col-lg-4 col-sm-4\" style=\"text-align: center; margin-bottom: 20px;\"><img loading=\"lazy\" decoding=\"async\" class=\"alignnone wp-image-4711 size-medium\" src=\"https:\/\/www.kartes.lv\/wp-content\/uploads\/2016\/08\/Tematiska_kartesana_800x400-300x150.jpg\" width=\"300\" height=\"150\" srcset=\"https:\/\/www.kartes.lv\/wp-content\/uploads\/2016\/08\/Tematiska_kartesana_800x400-300x150.jpg 300w, https:\/\/www.kartes.lv\/wp-content\/uploads\/2016\/08\/Tematiska_kartesana_800x400-400x200.jpg 400w, https:\/\/www.kartes.lv\/wp-content\/uploads\/2016\/08\/Tematiska_kartesana_800x400-600x300.jpg 600w, https:\/\/www.kartes.lv\/wp-content\/uploads\/2016\/08\/Tematiska_kartesana_800x400-768x384.jpg 768w, https:\/\/www.kartes.lv\/wp-content\/uploads\/2016\/08\/Tematiska_kartesana_800x400.jpg 800w\" sizes=\"auto, (max-width: 300px) 100vw, 300px\" \/><\/div>\n<div class=\"col-lg-8 col-sm-8\">Thematic map is the most obvious way to display results of geospatial analysis of statistical data, big data and distribution of many kinds of processes and phenomena. Jana seta is the leading developer o thematic maps in the Baltic States. We have created high quality maps about history, population, economical industries as well as nature geography. On request our team of professional cartographers will create the perfect map\u00a0on any topic.<\/div>\n<\/div>\n<\/div>\n<\/section>\n<section id=\"sec4\" class=\"section-padding onepage-section\">\n<div class=\"container\">\n<div class=\"section-title-area\" style=\"text-align: left;\">\n<h2 class=\"section-title\" style=\"font-size: 24px;\">Customer references<\/h2>\n<\/div>\n<div class=\"row\">\n<div class=\"feature-item col-lg-4 col-sm-6 wow slideInUp\" style=\"visibility: visible; animation-name: slideInUp;\">\n<div class=\"feature-media\" style=\"text-align: initial;\"><img loading=\"lazy\" decoding=\"async\" class=\"size-medium wp-image-4689 alignnone\" src=\"https:\/\/www.kartes.lv\/wp-content\/uploads\/2016\/08\/LNB_Petijums_800x400-300x150.jpg\" alt=\"\" width=\"300\" height=\"150\" srcset=\"https:\/\/www.kartes.lv\/wp-content\/uploads\/2016\/08\/LNB_Petijums_800x400-300x150.jpg 300w, https:\/\/www.kartes.lv\/wp-content\/uploads\/2016\/08\/LNB_Petijums_800x400-400x200.jpg 400w, https:\/\/www.kartes.lv\/wp-content\/uploads\/2016\/08\/LNB_Petijums_800x400-600x300.jpg 600w, https:\/\/www.kartes.lv\/wp-content\/uploads\/2016\/08\/LNB_Petijums_800x400-768x384.jpg 768w, https:\/\/www.kartes.lv\/wp-content\/uploads\/2016\/08\/LNB_Petijums_800x400.jpg 800w\" sizes=\"auto, (max-width: 300px) 100vw, 300px\" \/><\/div>\n<h4 style=\"text-align: left;\">Thematic maps for Latvia&#8217;s National Encyclopedia<\/h4>\n<p style=\"text-align: left;\">&#8220;Good maps are\u00a0a critically important part of the Encyclopedia. In creation of high quality thematic maps accuracy, awareness and expertise on different topics, responsibility as well as experience are crucial skills.\u00a0Jana seta truly fits\u00a0these requirements. In cooperation with the\u00a0editorial board of the Encyclopedia, the company has demonstrated themselves as a professional and reliable partner.&#8221;<\/p>\n<p style=\"text-align: left;\"><strong>Valters \u0160\u010derbinskis<\/strong>, head of the editorial board of the Latvia&#8217;s National Encyclopedia.<\/p>\n<\/div>\n<div class=\"feature-item col-lg-4 col-sm-6 wow slideInUp\" style=\"visibility: visible; animation-name: slideInUp;\">\n<div class=\"feature-media\" style=\"text-align: initial;\"><img loading=\"lazy\" decoding=\"async\" class=\"alignnone wp-image-12098 size-medium\" src=\"https:\/\/www.kartes.lv\/wp-content\/uploads\/2016\/08\/Smiltene_atsaukmses_800x400-300x150.png\" alt=\"\" width=\"300\" height=\"150\" srcset=\"https:\/\/www.kartes.lv\/wp-content\/uploads\/2016\/08\/Smiltene_atsaukmses_800x400-300x150.png 300w, https:\/\/www.kartes.lv\/wp-content\/uploads\/2016\/08\/Smiltene_atsaukmses_800x400-400x200.png 400w, https:\/\/www.kartes.lv\/wp-content\/uploads\/2016\/08\/Smiltene_atsaukmses_800x400-600x300.png 600w, https:\/\/www.kartes.lv\/wp-content\/uploads\/2016\/08\/Smiltene_atsaukmses_800x400-768x384.png 768w, https:\/\/www.kartes.lv\/wp-content\/uploads\/2016\/08\/Smiltene_atsaukmses_800x400.png 800w\" sizes=\"auto, (max-width: 300px) 100vw, 300px\" \/><\/div>\n<h4 style=\"text-align: left;\">Analysis of placement of declared persons in Smiltene local municipality<\/h4>\n<p style=\"text-align: left;\">&#8220;Jana seta<em>\u00a0<\/em>has given us the opportunity to become\u00a0acquainted with our municipality, to analyze and understand the new challenges. They have developed tools that help us in everyday work,\u00a0leave less space for empty speeches and make it possible to avoid different interpretations.&#8221;<\/p>\n<p style=\"text-align: left;\"><strong>Gints Kukainis<\/strong>, Mayor of Smiltene Municipality Council.<\/p>\n<\/div>\n<div class=\"feature-item col-lg-4 col-sm-6 wow slideInUp\" style=\"visibility: visible; animation-name: slideInUp;\">\n<div class=\"feature-media\" style=\"text-align: initial;\"><img decoding=\"async\" src=\"https:\/\/www.kartes.lv\/wp-content\/uploads\/2021\/02\/ATR-800X400-300x150.png\" \/><\/div>\n<h4 style=\"text-align: left;\">Development of substantiation and geospatial planning platform for municipal reform<\/h4>\n<p style=\"text-align: left;\">&#8220;During the preparation of local government reform, the ministry implemented a data-based reform model. The new platform is another supporting tool \u2013 data-based information that the ministry offers to municipalities to use while creating their own development scenarios and making the best possible decisions for the development of the territory during the process of merging.&#8221;<\/p>\n<p style=\"text-align: left;\"><strong>Juris P\u016bce<\/strong>, former Minister of Environmental Protection and Regional Development.<\/p>\n<\/div>\n<\/div>\n<\/div>\n<\/section>\n<section id=\"sec5\" class=\" section-padding onepage-section\">\n<div class=\"container\">\n<div class=\"section-title-area\" style=\"text-align: left;\">\n<h2 class=\"section-title\" style=\"font-size: 24px;\">CONTACT US<\/h2>\n<\/div>\n<div class=\"row col-lg-12 col-sm-12 wow slideInUp\" style=\"visibility: visible; animation-name: slideInUp;\">\n<div class=\"col-lg-5 col-md-5 col-sm-12 col-xs-12\">\n<p><img loading=\"lazy\" decoding=\"async\" class=\"alignnone size-medium wp-image-11308\" src=\"https:\/\/www.kartes.lv\/wp-content\/uploads\/2016\/08\/Mareks-Kilups_400x200-px-300x150.png\" alt=\"\" width=\"300\" height=\"150\" srcset=\"https:\/\/www.kartes.lv\/wp-content\/uploads\/2016\/08\/Mareks-Kilups_400x200-px-300x150.png 300w, https:\/\/www.kartes.lv\/wp-content\/uploads\/2016\/08\/Mareks-Kilups_400x200-px.png 400w\" sizes=\"auto, (max-width: 300px) 100vw, 300px\" \/><\/p>\n<h5 style=\"font-weight: 800;\">MAREKS KILUPS<\/h5>\n<hr \/>\n<p><strong>Member of the Board<\/strong><\/p>\n<hr \/>\n<p><strong>Phone:<\/strong> +371 67317535<br \/>\n<strong>E-mail: <\/strong><a href=\"mailto:mareks.kilups@kartes.lv\">mareks.kilups@kartes.lv<\/a><\/p>\n<\/div>\n<div class=\"col-lg-7 col-md-7 col-sm-12 col-xs-12\">\n<div class=\"screen-reader-response\"><\/div>\n<p style=\"text-align: left;\">We are open for new ideas and customized solutions. Please contact us to get an offer for realization of your ideas!<\/p>\n\n<div class=\"wpcf7 no-js\" id=\"wpcf7-f14-o3\" lang=\"en-US\" dir=\"ltr\" data-wpcf7-id=\"14\">\n<div class=\"screen-reader-response\"><p role=\"status\" aria-live=\"polite\" aria-atomic=\"true\"><\/p> <ul><\/ul><\/div>\n<form action=\"\/lt\/wp-json\/wp\/v2\/pages\/44#wpcf7-f14-o3\" method=\"post\" class=\"wpcf7-form init\" aria-label=\"Contact form\" novalidate=\"novalidate\" data-status=\"init\">\n<fieldset class=\"hidden-fields-container\"><input type=\"hidden\" name=\"_wpcf7\" value=\"14\" \/><input type=\"hidden\" name=\"_wpcf7_version\" value=\"6.1.5\" \/><input type=\"hidden\" name=\"_wpcf7_locale\" value=\"en_US\" \/><input type=\"hidden\" name=\"_wpcf7_unit_tag\" value=\"wpcf7-f14-o3\" \/><input type=\"hidden\" name=\"_wpcf7_container_post\" value=\"0\" \/><input type=\"hidden\" name=\"_wpcf7_posted_data_hash\" value=\"\" \/><input type=\"hidden\" name=\"_cf7a__timestamp\" value=\"kfLyF6ddcWgoUZM23eOJ\/g==\" \/><input type=\"hidden\" name=\"_cf7a_version\" value=\"1.0\" \/><input type=\"hidden\" name=\"_cf7a_address\" value=\"\" \/><input type=\"hidden\" name=\"_cf7a_referer\" value=\"\" \/><input type=\"hidden\" name=\"_cf7a_protocol\" value=\"\" \/><input type=\"hidden\" name=\"_cf7a_bot_fingerprint\" value=\"kfLyF6ddcWgoUZM23eOJ\/g==\" \/><input type=\"hidden\" name=\"_cf7a_bot_fingerprint_extras\" \/><input type=\"hidden\" name=\"_cf7a_append_on_submit\" \/>\n<\/fieldset>\n<p><label> J\u016bs\u0173 e-pa\u0161tas (Reikalingas)<br \/>\n<\/label><br \/>\n<span class=\"wpcf7-form-control-wrap\" data-name=\"your-email\"><input size=\"40\" maxlength=\"400\" class=\"wpcf7-form-control wpcf7-email wpcf7-validates-as-required wpcf7-text wpcf7-validates-as-email\" aria-required=\"true\" aria-invalid=\"false\" value=\"\" type=\"email\" name=\"your-email\" \/><\/span>\n<\/p>\n<p><label> Tema<br \/>\n<\/label><br \/>\n<span class=\"wpcf7-form-control-wrap\" data-name=\"your-subject\"><input type=\"text\" name=\"email\" value=\"\" autocomplete=\"fill\" class=\"fit-the-fullspace\" aria-hidden=\"true\" tabindex=\"-1\" \/><input size=\"40\" maxlength=\"400\" class=\"wpcf7-form-control wpcf7-text\" aria-invalid=\"false\" value=\"\" type=\"text\" name=\"your-subject\" \/><\/span>\n<\/p>\n<p><label> Tavo \u017einut\u0117<br \/>\n<\/label><br \/>\n<span class=\"wpcf7-form-control-wrap\" data-name=\"your-message\"><textarea cols=\"40\" rows=\"10\" maxlength=\"2000\" class=\"wpcf7-form-control wpcf7-textarea\" aria-invalid=\"false\" name=\"your-message\"><\/textarea><\/span><br \/>\n<input class=\"wpcf7-form-control wpcf7-submit has-spinner\" type=\"submit\" value=\"Si\u0173sti\" \/>\n<\/p><div class=\"wpcf7-response-output\" aria-hidden=\"true\"><\/div>\n<\/form>\n<\/div>\n\n<\/div>\n<\/div>\n<\/div>\n<\/section>\n<p><\/p>","protected":false},"excerpt":{"rendered":"<p>GIS ANALYSIS OF resource and service location Our information and software tools\u00a0allow us to perform geospatial analysis of\u00a0many kinds of data and processes and display them on\u00a0a map. Our experience &#8230;<\/p>\n","protected":false},"author":45,"featured_media":0,"parent":0,"menu_order":0,"comment_status":"closed","ping_status":"closed","template":"","meta":{"footnotes":""},"class_list":["post-44","page","type-page","status-publish","hentry"],"_links":{"self":[{"href":"https:\/\/www.kartes.lv\/lt\/wp-json\/wp\/v2\/pages\/44","targetHints":{"allow":["GET"]}}],"collection":[{"href":"https:\/\/www.kartes.lv\/lt\/wp-json\/wp\/v2\/pages"}],"about":[{"href":"https:\/\/www.kartes.lv\/lt\/wp-json\/wp\/v2\/types\/page"}],"author":[{"embeddable":true,"href":"https:\/\/www.kartes.lv\/lt\/wp-json\/wp\/v2\/users\/45"}],"replies":[{"embeddable":true,"href":"https:\/\/www.kartes.lv\/lt\/wp-json\/wp\/v2\/comments?post=44"}],"version-history":[{"count":114,"href":"https:\/\/www.kartes.lv\/lt\/wp-json\/wp\/v2\/pages\/44\/revisions"}],"predecessor-version":[{"id":30234,"href":"https:\/\/www.kartes.lv\/lt\/wp-json\/wp\/v2\/pages\/44\/revisions\/30234"}],"wp:attachment":[{"href":"https:\/\/www.kartes.lv\/lt\/wp-json\/wp\/v2\/media?parent=44"}],"curies":[{"name":"wp","href":"https:\/\/api.w.org\/{rel}","templated":true}]}}