{"id":13956,"date":"2022-02-10T10:28:14","date_gmt":"2022-02-10T08:28:14","guid":{"rendered":"https:\/\/www.kartes.lv\/product\/nutrinamas-zemelapis-europa\/"},"modified":"2026-01-08T09:01:06","modified_gmt":"2026-01-08T07:01:06","slug":"nutrinamas-zemelapis-europa","status":"publish","type":"product","link":"https:\/\/www.kartes.lv\/lt\/product\/nutrinamas-zemelapis-europa\/","title":{"rendered":"Nutrinamas \u017eem\u0117lapis &#8220;Europa&#8221;"},"content":{"rendered":"<p>Pirmas nutrinamas Europos \u017eem\u0117lapis, lietuvi\u0173 kalba!<br \/>\nNaujas nutrinamas Europos \u017eem\u0117lapis &#8211; privalomas daiktas kiekvienam u\u017ekiet\u0117jusiam keliautojui!<\/p>\n<p>Nutrinamas \u017eem\u0117lapis yra puikus b\u016bdas, kaip \u017eem\u0117lapyje pa\u017eym\u0117ti aplankytas Europos vietas!<br \/>\nDa\u017eniausiai keliaujame po Europ\u0105, \u010dia gyvena m\u016bs\u0173 draugai ir dirba m\u016bs\u0173 partneriai. Dabar visas aplankytas vietas gal\u0117si lengvai pa\u017eym\u0117ti m\u016bs\u0173 naujajame nutrinamajame Europos \u017eem\u0117lapyje. Nutrink auksin\u0117s spalvos sluoksn\u012f, ant kurio pa\u017eym\u0117ti valstybi\u0173 kont\u016brai bei pavadinimai, ir pama\u017eu pasimatys politinis Europos \u017eem\u0117lapis. Kuo daugiau kelioni\u0173, draug\u0173 ar partneri\u0173, tuo pilnesnis jis bus!<\/p>\n<p>\u017dem\u0117lapis supakuotas \u012f ypatingo dizaino t\u016btel\u0119, tod\u0117l puikiai tiks dovanai.<\/p>\n<p>&nbsp;<\/p>","protected":false},"excerpt":{"rendered":"<p><strong>Lietuvi\u0173 kalba<\/strong><br \/>\nAuksin\u0117s spalvos nutrinamas sluoksnis su Europo valstybi\u0173 pavadinimais;<br \/>\n\u017dem\u0117lapio apa\u010dioje v\u0117liavos;<\/p>\n<p>\u017dem\u0117lapio dydis: 70 x 49 cm;<br \/>\nT\u016btel\u0117s dydis: 54,5 cm, x 7 cm\/dm<\/p>\n<p>EAN: 9789984077130<\/p>\n","protected":false},"featured_media":13960,"comment_status":"closed","ping_status":"closed","template":"","meta":[],"product_brand":[],"product_cat":[17],"product_tag":[],"class_list":{"0":"post-13956","1":"product","2":"type-product","3":"status-publish","4":"has-post-thumbnail","6":"product_cat-kasamkartes-un-kasamplakati","8":"first","9":"instock","10":"taxable","11":"shipping-taxable","12":"purchasable","13":"product-type-simple"},"_links":{"self":[{"href":"https:\/\/www.kartes.lv\/lt\/wp-json\/wp\/v2\/product\/13956","targetHints":{"allow":["GET"]}}],"collection":[{"href":"https:\/\/www.kartes.lv\/lt\/wp-json\/wp\/v2\/product"}],"about":[{"href":"https:\/\/www.kartes.lv\/lt\/wp-json\/wp\/v2\/types\/product"}],"replies":[{"embeddable":true,"href":"https:\/\/www.kartes.lv\/lt\/wp-json\/wp\/v2\/comments?post=13956"}],"wp:featuredmedia":[{"embeddable":true,"href":"https:\/\/www.kartes.lv\/lt\/wp-json\/wp\/v2\/media\/13960"}],"wp:attachment":[{"href":"https:\/\/www.kartes.lv\/lt\/wp-json\/wp\/v2\/media?parent=13956"}],"wp:term":[{"taxonomy":"product_brand","embeddable":true,"href":"https:\/\/www.kartes.lv\/lt\/wp-json\/wp\/v2\/product_brand?post=13956"},{"taxonomy":"product_cat","embeddable":true,"href":"https:\/\/www.kartes.lv\/lt\/wp-json\/wp\/v2\/product_cat?post=13956"},{"taxonomy":"product_tag","embeddable":true,"href":"https:\/\/www.kartes.lv\/lt\/wp-json\/wp\/v2\/product_tag?post=13956"}],"curies":[{"name":"wp","href":"https:\/\/api.w.org\/{rel}","templated":true}]}}