{"id":13964,"date":"2022-02-10T11:33:03","date_gmt":"2022-02-10T09:33:03","guid":{"rendered":"https:\/\/www.kartes.lv\/product\/nutrinamas_zemelapis_pasaulis\/"},"modified":"2026-01-08T09:02:00","modified_gmt":"2026-01-08T07:02:00","slug":"nutrinamas_zemelapis_pasaulis","status":"publish","type":"product","link":"https:\/\/www.kartes.lv\/lt\/product\/nutrinamas_zemelapis_pasaulis\/","title":{"rendered":"Nutrinamas \u017eem\u0117lapis &#8220;Pasaulis&#8221;"},"content":{"rendered":"<p>Pirmas nutrinamas Pasaulis politinis \u017eem\u0117lapis, lietuvi\u0173 kalba!<br \/>\nM\u0117gstate daug keliauti ir norite pa\u017eym\u0117ti aplankytas vietas bei prisiminti patirtus \u012fsp\u016bd\u017eius? O gal ie\u0161kote tobulos dovanos kelioni\u0173 myl\u0117tojui?<\/p>\n<p>Nutrinamas \u017eem\u0117lapis \u201ePasaulis\u201c yra puikus b\u016bdas, kaip \u017eem\u0117lapyje pa\u017eym\u0117ti aplankytas Pasaulio vietas!<br \/>\nApkeliavai daug \u0161ali\u0173 ir nori i\u0161laikyti jas atmintyje? Nori pasaulio \u017eem\u0117lapyje pa\u017eym\u0117ti \u0161alis, kuriose yra tavo \u012fmon\u0117s partneri\u0173? O gal tiesiog esi smalsus ir nori atrasti pasaul\u012f po vien\u0105 \u0161al\u012f? Nutrinamas \u017eem\u0117lapis \u201ePasaulis\u201c suteiks \u0161i\u0105 galimyb\u0119! Rask \u017eem\u0117lapyje \u0161al\u012f, jos v\u0117liav\u0105 ir nutrink auksin\u0117s spalvos sluoksn\u012f. Tai pirmas tokio tipo leidinys latvi\u0173 kalba, kurio pagrind\u0105 sudaro tikslus politinis pasaulio \u017eem\u0117lapis, papildytas vis\u0173 pasaulio \u0161ali\u0173 v\u0117liavomis.<\/p>\n<p>\u017dem\u0117lapis supakuotas \u012f kartonin\u0119 ypatingo dizaino t\u016btel\u0119, tod\u0117l puikiai tiks dovanai.<\/p>","protected":false},"excerpt":{"rendered":"<p><strong>Lietuvi\u0173 kalba<\/strong><br \/>\nAukso spalvos nuimamas sluoksnis su valstybi\u0173 pavadinimais, po juo &#8211; politinis pasaulio \u017eem\u0117lapis;<br \/>\natnaujinta geografin\u0117 informacij;<br \/>\nv\u0117liav\u0117l\u0117se \u017eem\u0117lapio apa\u010dioje,<br \/>\npridedami smeigtukai, kuriais \u017eem\u0117lap\u012f galima tvirtinti prie sienos.<\/p>\n<p>\u017dem\u0117lapio dydis: 70 x 49 cm;<br \/>\nT\u016btel\u0117s dydis: 54,5 cm, x 7 cm\/dm<\/p>\n<p>EAN: 9789984076850<\/p>\n","protected":false},"featured_media":13968,"comment_status":"closed","ping_status":"closed","template":"","meta":[],"product_brand":[],"product_cat":[17],"product_tag":[],"class_list":{"0":"post-13964","1":"product","2":"type-product","3":"status-publish","4":"has-post-thumbnail","6":"product_cat-kasamkartes-un-kasamplakati","8":"first","9":"instock","10":"taxable","11":"shipping-taxable","12":"purchasable","13":"product-type-simple"},"_links":{"self":[{"href":"https:\/\/www.kartes.lv\/lt\/wp-json\/wp\/v2\/product\/13964","targetHints":{"allow":["GET"]}}],"collection":[{"href":"https:\/\/www.kartes.lv\/lt\/wp-json\/wp\/v2\/product"}],"about":[{"href":"https:\/\/www.kartes.lv\/lt\/wp-json\/wp\/v2\/types\/product"}],"replies":[{"embeddable":true,"href":"https:\/\/www.kartes.lv\/lt\/wp-json\/wp\/v2\/comments?post=13964"}],"wp:featuredmedia":[{"embeddable":true,"href":"https:\/\/www.kartes.lv\/lt\/wp-json\/wp\/v2\/media\/13968"}],"wp:attachment":[{"href":"https:\/\/www.kartes.lv\/lt\/wp-json\/wp\/v2\/media?parent=13964"}],"wp:term":[{"taxonomy":"product_brand","embeddable":true,"href":"https:\/\/www.kartes.lv\/lt\/wp-json\/wp\/v2\/product_brand?post=13964"},{"taxonomy":"product_cat","embeddable":true,"href":"https:\/\/www.kartes.lv\/lt\/wp-json\/wp\/v2\/product_cat?post=13964"},{"taxonomy":"product_tag","embeddable":true,"href":"https:\/\/www.kartes.lv\/lt\/wp-json\/wp\/v2\/product_tag?post=13964"}],"curies":[{"name":"wp","href":"https:\/\/api.w.org\/{rel}","templated":true}]}}