{"id":16529,"date":"2023-05-29T09:01:43","date_gmt":"2023-05-29T06:01:43","guid":{"rendered":"https:\/\/www.kartes.lv\/?post_type=product&#038;p=16529"},"modified":"2026-02-02T11:14:36","modified_gmt":"2026-02-02T09:14:36","slug":"book-200-flags-of-the-world","status":"publish","type":"product","link":"https:\/\/www.kartes.lv\/lt\/product\/book-200-flags-of-the-world\/","title":{"rendered":"200 pasaulio \u0161ali\u0173 v\u0117liav\u0173"},"content":{"rendered":"<p>Knyga \u201c200 pasaulio \u0161ali\u0173 v\u0117liav\u0173\u201c d\u017eiugins tiek ma\u017eus, tiek didelius pasaulio tyrin\u0117tojus!<\/p>\n<p>Knygoje yra 200 korteli\u0173, kurias galima i\u0161imti ir panaudoti \u012fvairiuose lavinamuosiuose \u017eaidimuose. Kiekvienos kortel\u0117s vienoje pus\u0117je yra nacionalin\u0117 v\u0117liava, o kitoje \u2013 informacija apie \u0161alies plot\u0105, gyventojus, sostin\u0119, valiut\u0105, valstybin\u0119 kalb\u0105, istorij\u0105 ir v\u0117liavoje pavaizduotus simbolius.<\/p>\n<p>Knyg\u0105 taip pat papildo pasaulio \u017eem\u0117lapio plakatas ir priklijuojami v\u0117liav\u0117l\u0117s lipdukai.<\/p>","protected":false},"excerpt":{"rendered":"<p>Knyga, kuri prad\u017eiugins tiek ma\u017eus, tiek didelius pasaulio tyrin\u0117tojus!<\/p>\n<p>V\u0117liava yra simbolis, pasakojantis apie \u0161al\u012f, jos istorij\u0105 ir geografij\u0105. Knyga \u201c200 pasaulio \u0161ali\u0173 v\u0117liav\u0173\u201d pad\u0117s \u017eaid\u017eiant pa\u017einti \u012fvairiapus\u012f pasaul\u012f ir skirtingas jo \u0161alis.<\/p>\n<p>Tekstas: Marina Intini<br \/>\nGrafinis dizainas:\u00a0 Alberto Lamei<br \/>\nVert\u0117: Viktorija Jonkut\u0117<br \/>\nRedagavo: Au\u0161ra Tamo\u0161i\u016bnien\u0117<\/p>\n","protected":false},"featured_media":16534,"comment_status":"closed","ping_status":"closed","template":"","meta":[],"product_brand":[],"product_cat":[12,14],"product_tag":[],"class_list":{"0":"post-16529","1":"product","2":"type-product","3":"status-publish","4":"has-post-thumbnail","6":"product_cat-gramatas","7":"product_cat-izglitojosie-izdevumi","8":"product_shipping_class-free-shipping","10":"first","11":"instock","12":"taxable","13":"shipping-taxable","14":"purchasable","15":"product-type-simple"},"_links":{"self":[{"href":"https:\/\/www.kartes.lv\/lt\/wp-json\/wp\/v2\/product\/16529","targetHints":{"allow":["GET"]}}],"collection":[{"href":"https:\/\/www.kartes.lv\/lt\/wp-json\/wp\/v2\/product"}],"about":[{"href":"https:\/\/www.kartes.lv\/lt\/wp-json\/wp\/v2\/types\/product"}],"replies":[{"embeddable":true,"href":"https:\/\/www.kartes.lv\/lt\/wp-json\/wp\/v2\/comments?post=16529"}],"wp:featuredmedia":[{"embeddable":true,"href":"https:\/\/www.kartes.lv\/lt\/wp-json\/wp\/v2\/media\/16534"}],"wp:attachment":[{"href":"https:\/\/www.kartes.lv\/lt\/wp-json\/wp\/v2\/media?parent=16529"}],"wp:term":[{"taxonomy":"product_brand","embeddable":true,"href":"https:\/\/www.kartes.lv\/lt\/wp-json\/wp\/v2\/product_brand?post=16529"},{"taxonomy":"product_cat","embeddable":true,"href":"https:\/\/www.kartes.lv\/lt\/wp-json\/wp\/v2\/product_cat?post=16529"},{"taxonomy":"product_tag","embeddable":true,"href":"https:\/\/www.kartes.lv\/lt\/wp-json\/wp\/v2\/product_tag?post=16529"}],"curies":[{"name":"wp","href":"https:\/\/api.w.org\/{rel}","templated":true}]}}