{"id":17081,"date":"2023-10-03T14:17:39","date_gmt":"2023-10-03T11:17:39","guid":{"rendered":"https:\/\/www.kartes.lv\/?post_type=product&#038;p=17081"},"modified":"2026-02-02T11:14:11","modified_gmt":"2026-02-02T09:14:11","slug":"didzioji-lietuvos-grybu-knyga","status":"publish","type":"product","link":"https:\/\/www.kartes.lv\/lt\/product\/didzioji-lietuvos-grybu-knyga\/","title":{"rendered":"Did\u017eioji Lietuvos gryb\u0173 knyga"},"content":{"rendered":"<p>Knygos pagrindu tapo 2020 metais Latvijoje mikologi\u0173 Initos D\u0101niele ir Di\u0101nos Meiere para\u0161yta knyga apie kaimynin\u0117s \u0161alies grybus, o specialiai Lietuvai j\u0105 adaptavo ir papild\u0117 garsi lietuvi\u0173 mikolog\u0117 dr. Reda Ir\u0161\u0117nait\u0117. Kaip teigia knygos bendraautor\u0117, per pastaruosius kelis de\u0161imtme\u010dius Lietuvoje i\u0161leista keletas knyg\u0173 apie grybus, ta\u010diau did\u017eiojoje dalyje buvo apra\u0161omi tik valgomieji grybai arba ma\u017ea dalis gryb\u0173 gupi\u0173.<br \/>\nSiekiant paskatinti skaitytoj\u0173 dom\u0117jim\u0105si grybais ir j\u0173 \u012fvairove, naujoje knygoje daug d\u0117mesio skiriama ne tik tradiciniams kepur\u0117tiesiems grybams, bet ir kitoms gryb\u0173 grup\u0117ms. \u0160ios apima tiek da\u017enesnius, tiek ne\u012fprastus ir retai aptinkamus grybus \u2013 pumpotauk\u0161lius, \u017eieviagrybius, \u0161ako\u010dius, drebutinius, aus\u016bnius, po\u017eeminius ir daugel\u012f kit\u0173 makroskopini\u0173 gryb\u0173.<br \/>\n\u012evade trumpai ap\u017evelgiama gryb\u0173 augimo aplinka, j\u0173 sandara, ekologija ir panaudojimas, paai\u0161kinami gryb\u0173 apra\u0161ymuose vartojami terminai. Apra\u0161uose pateikiama svarbiausia informacija pad\u0117s atpa\u017einti grybus i\u0161 i\u0161orini\u0173 ir mikroskopini\u0173 po\u017eymi\u0173.<br \/>\nDid\u017eioji dalis knyg\u0173 apie Lietuvos grybus iki \u0161iol buvo orientuota \u012f grybautojus, bet naujasis leidinys bus \u012fdomus kur kas platesniam skaitytoj\u0173 ratui. Joje daug \u012fdomios ir naudingos informacijos ras biologai, gamtos apsaugos specialistai, mi\u0161kininkai, gamtos moksl\u0173 studentai ir tiesiog gamtos steb\u0117tojai bei fotografai.<\/p>","protected":false},"excerpt":{"rendered":"<p>Did\u017eiausia ir i\u0161samiausia iki \u0161iol i\u0161leista knyga apie Lietuvos grybus \u2013 \u201eDid\u017eioji Lietuvos gryb\u0173 knyga\u201c. I\u0161 viso \u2013 daugiau nei 730 r\u016b\u0161i\u0173 su spalvotomis nuotraukomis.<\/p>\n<p>Knygos autor\u0117s: Inita D\u0101niele (Latvija), Di\u0101na Meiere (Latvija), Reda Ir\u0161\u0117nait\u0117 (Lietuva)<br \/>\nTekst\u0173 i\u0161 latvi\u0173 kalbos vert\u0117ja: Aleksandra Fominait\u0117<br \/>\nLeidykla: Latvijos gamtos muziejus ir \u201eJ\u0101\u0146a s\u0113ta\u201c<br \/>\nLeidybos partneris Lietuvoje: \u201eOrnitostogos\u201c<br \/>\nPuslapi\u0173 skai\u010dius: 528<br \/>\nVir\u0161eliai: mink\u0161ti<\/p>\n","protected":false},"featured_media":17082,"comment_status":"closed","ping_status":"closed","template":"","meta":[],"product_brand":[],"product_cat":[12,14],"product_tag":[],"class_list":{"0":"post-17081","1":"product","2":"type-product","3":"status-publish","4":"has-post-thumbnail","6":"product_cat-gramatas","7":"product_cat-izglitojosie-izdevumi","9":"first","10":"instock","11":"taxable","12":"shipping-taxable","13":"purchasable","14":"product-type-simple"},"_links":{"self":[{"href":"https:\/\/www.kartes.lv\/lt\/wp-json\/wp\/v2\/product\/17081","targetHints":{"allow":["GET"]}}],"collection":[{"href":"https:\/\/www.kartes.lv\/lt\/wp-json\/wp\/v2\/product"}],"about":[{"href":"https:\/\/www.kartes.lv\/lt\/wp-json\/wp\/v2\/types\/product"}],"replies":[{"embeddable":true,"href":"https:\/\/www.kartes.lv\/lt\/wp-json\/wp\/v2\/comments?post=17081"}],"wp:featuredmedia":[{"embeddable":true,"href":"https:\/\/www.kartes.lv\/lt\/wp-json\/wp\/v2\/media\/17082"}],"wp:attachment":[{"href":"https:\/\/www.kartes.lv\/lt\/wp-json\/wp\/v2\/media?parent=17081"}],"wp:term":[{"taxonomy":"product_brand","embeddable":true,"href":"https:\/\/www.kartes.lv\/lt\/wp-json\/wp\/v2\/product_brand?post=17081"},{"taxonomy":"product_cat","embeddable":true,"href":"https:\/\/www.kartes.lv\/lt\/wp-json\/wp\/v2\/product_cat?post=17081"},{"taxonomy":"product_tag","embeddable":true,"href":"https:\/\/www.kartes.lv\/lt\/wp-json\/wp\/v2\/product_tag?post=17081"}],"curies":[{"name":"wp","href":"https:\/\/api.w.org\/{rel}","templated":true}]}}