{"id":18019,"date":"2024-02-29T10:11:25","date_gmt":"2024-02-29T08:11:25","guid":{"rendered":"https:\/\/www.kartes.lv\/?post_type=product&#038;p=18019"},"modified":"2025-04-04T11:04:57","modified_gmt":"2025-04-04T08:04:57","slug":"tematiskie-uzdevumi-motociklu-vaditajiem","status":"publish","type":"product","link":"https:\/\/www.kartes.lv\/lt\/product\/tematiskie-uzdevumi-motociklu-vaditajiem\/","title":{"rendered":"Tasks of Road traffic regulations for Motorcycles"},"content":{"rendered":"<p class=\"qtranxs-available-languages-message qtranxs-available-languages-message-lt\">Atsipra\u0161ome, \u0161is puslapis galimas tik <a href=\"https:\/\/www.kartes.lv\/lv\/wp-json\/wp\/v2\/product\/18019\" class=\"qtranxs-available-language-link qtranxs-available-language-link-lv\" title=\"Latvie\u0161u\">Latvie\u0161u<\/a>.<\/p><p>Tematiskie uzdevumi pal\u012bdz\u0113s apg\u016bt ce\u013cu satiksmes noteikumus un attiec\u012bgi nostiprin\u0101t jaunieg\u016bt\u0101s zin\u0101\u0161anas veicot pa\u0161p\u0101rbaudi.<\/p>\n<p>Gr\u0101matas aizmugur\u0113 atrodama pareizo atbil\u017eu tabula.<\/p>\n<p>&nbsp;<\/p>\n<p>&nbsp;<\/p>","protected":false},"excerpt":{"rendered":"<p>A practitioner&#8217;s handbook regarding Road Traffic Law offenses in Latvia.<\/p>\n<p>Published in the year 2019.<\/p>\n","protected":false},"featured_media":18035,"comment_status":"closed","ping_status":"closed","template":"","meta":[],"product_brand":[],"product_cat":[14],"product_tag":[],"class_list":{"0":"post-18019","1":"product","2":"type-product","3":"status-publish","4":"has-post-thumbnail","6":"product_cat-izglitojosie-izdevumi","8":"first","9":"instock","10":"taxable","11":"shipping-taxable","12":"purchasable","13":"product-type-simple"},"_links":{"self":[{"href":"https:\/\/www.kartes.lv\/lt\/wp-json\/wp\/v2\/product\/18019","targetHints":{"allow":["GET"]}}],"collection":[{"href":"https:\/\/www.kartes.lv\/lt\/wp-json\/wp\/v2\/product"}],"about":[{"href":"https:\/\/www.kartes.lv\/lt\/wp-json\/wp\/v2\/types\/product"}],"replies":[{"embeddable":true,"href":"https:\/\/www.kartes.lv\/lt\/wp-json\/wp\/v2\/comments?post=18019"}],"wp:featuredmedia":[{"embeddable":true,"href":"https:\/\/www.kartes.lv\/lt\/wp-json\/wp\/v2\/media\/18035"}],"wp:attachment":[{"href":"https:\/\/www.kartes.lv\/lt\/wp-json\/wp\/v2\/media?parent=18019"}],"wp:term":[{"taxonomy":"product_brand","embeddable":true,"href":"https:\/\/www.kartes.lv\/lt\/wp-json\/wp\/v2\/product_brand?post=18019"},{"taxonomy":"product_cat","embeddable":true,"href":"https:\/\/www.kartes.lv\/lt\/wp-json\/wp\/v2\/product_cat?post=18019"},{"taxonomy":"product_tag","embeddable":true,"href":"https:\/\/www.kartes.lv\/lt\/wp-json\/wp\/v2\/product_tag?post=18019"}],"curies":[{"name":"wp","href":"https:\/\/api.w.org\/{rel}","templated":true}]}}