{"id":18083,"date":"2024-03-06T10:18:25","date_gmt":"2024-03-06T08:18:25","guid":{"rendered":"https:\/\/www.kartes.lv\/?post_type=product&#038;p=18083"},"modified":"2026-03-26T12:07:28","modified_gmt":"2026-03-26T10:07:28","slug":"eiropas-politiska-sienas-karte-lietuviesu-valoda","status":"publish","type":"product","link":"https:\/\/www.kartes.lv\/lt\/product\/eiropas-politiska-sienas-karte-lietuviesu-valoda\/","title":{"rendered":"Europos politinis \u017eem\u0117lapis (Lietuvi\u0173 kalba)"},"content":{"rendered":"<p>The map displays the European road network and ferry routes, with particular focus on the Baltic and Black Seas. It covers the entire European continent, extending to the Ural Mountains.<\/p>\n<p>It features a detailed classification of roads and settlements. Place names are shown in their <strong>original languages<\/strong>, while the legend is provided in <strong>six languages<\/strong>: Latvian, English, German, Lithuanian, Estonian, and Russian.<\/p>\n<p><!--StartFragment --><\/p>\n<p class=\"pf0\"><em><span class=\"cf0\">If you would like this map in a different size or printed on another type of material (double-sided laminated, printed on plastic, or framed), please call <\/span><strong><span class=\"cf1\">+371 67317540<\/span><\/strong><span class=\"cf0\"> or email <\/span><strong><span class=\"cf1\">kartes@kartes.lv<\/span><\/strong><span class=\"cf0\"> for more information.<\/span><\/em><\/p>\n<p><\/p>","protected":false},"excerpt":{"rendered":"<p>Edition: 2023<\/p>\n<p>Language: <strong>Lithuanian<\/strong><br \/>\nScale: 1:5,000,000<br \/>\nPrint size: 109 x 89 cm<\/p>\n","protected":false},"featured_media":16621,"comment_status":"closed","ping_status":"closed","template":"","meta":[],"product_brand":[],"product_cat":[13],"product_tag":[],"class_list":{"0":"post-18083","1":"product","2":"type-product","3":"status-publish","4":"has-post-thumbnail","6":"product_cat-sienas-kartes","8":"first","9":"instock","10":"taxable","11":"shipping-taxable","12":"purchasable","13":"product-type-simple"},"_links":{"self":[{"href":"https:\/\/www.kartes.lv\/lt\/wp-json\/wp\/v2\/product\/18083","targetHints":{"allow":["GET"]}}],"collection":[{"href":"https:\/\/www.kartes.lv\/lt\/wp-json\/wp\/v2\/product"}],"about":[{"href":"https:\/\/www.kartes.lv\/lt\/wp-json\/wp\/v2\/types\/product"}],"replies":[{"embeddable":true,"href":"https:\/\/www.kartes.lv\/lt\/wp-json\/wp\/v2\/comments?post=18083"}],"wp:featuredmedia":[{"embeddable":true,"href":"https:\/\/www.kartes.lv\/lt\/wp-json\/wp\/v2\/media\/16621"}],"wp:attachment":[{"href":"https:\/\/www.kartes.lv\/lt\/wp-json\/wp\/v2\/media?parent=18083"}],"wp:term":[{"taxonomy":"product_brand","embeddable":true,"href":"https:\/\/www.kartes.lv\/lt\/wp-json\/wp\/v2\/product_brand?post=18083"},{"taxonomy":"product_cat","embeddable":true,"href":"https:\/\/www.kartes.lv\/lt\/wp-json\/wp\/v2\/product_cat?post=18083"},{"taxonomy":"product_tag","embeddable":true,"href":"https:\/\/www.kartes.lv\/lt\/wp-json\/wp\/v2\/product_tag?post=18083"}],"curies":[{"name":"wp","href":"https:\/\/api.w.org\/{rel}","templated":true}]}}