{"id":18817,"date":"2024-07-18T14:44:50","date_gmt":"2024-07-18T11:44:50","guid":{"rendered":"https:\/\/www.kartes.lv\/?post_type=product&#038;p=18817"},"modified":"2026-05-05T11:37:42","modified_gmt":"2026-05-05T08:37:42","slug":"zeme-pedejos-540-miljonos-gadu-gramata","status":"publish","type":"product","link":"https:\/\/www.kartes.lv\/lt\/product\/zeme-pedejos-540-miljonos-gadu-gramata\/","title":{"rendered":"Earth`s latest 540 million years, book"},"content":{"rendered":"<p><strong>\u201cEarth in the Last 540 Million Years\u201d<\/strong> is the most comprehensive popular science publication on paleogeography available in the Latvian language to date. Written in an engaging and accessible style, the book explains how, during the Phanerozoic Eon, continents have drifted, merged, and split apart; oceans have formed, disappeared, and changed shape; mountain systems have arisen and eroded; and the organic world has evolved \u2014 culminating in the emergence of humans.<\/p>\n<p>Through vivid examples, the book traces humanity\u2019s journey from living in harmony with nature to having increasingly negative local, regional, and even global impacts on the environment.<\/p>\n<p>The authors are professors from the Faculty of Geography and Earth Sciences at the University of Latvia \u2014 leading experts in their field. The text is enriched by more than 170 striking illustrations.<\/p>\n<p>This book is valuable for anyone interested in the development of Earth\u2019s natural environment, including readers with only a basic understanding of geology and paleontology. It also serves as useful supplementary material for natural science students, as well as geography and science teachers.<\/p>","protected":false},"excerpt":{"rendered":"<p>Edition of the year 2024<br \/>\nAuthor: Oj\u0101rs \u0100bolti\u0146\u0161, Erv\u012bns Luk\u0161evi\u010ds<br \/>\nPublisher: University of Latvia<br \/>\nHard cover<br \/>\n240 pages<\/p>\n","protected":false},"featured_media":18829,"comment_status":"closed","ping_status":"closed","template":"","meta":[],"product_brand":[],"product_cat":[12,14,86,132],"product_tag":[],"class_list":{"0":"post-18817","1":"product","2":"type-product","3":"status-publish","4":"has-post-thumbnail","6":"product_cat-gramatas","7":"product_cat-izglitojosie-izdevumi","8":"product_cat-davanas","9":"product_cat-pedejie-eksemplari","11":"first","12":"instock","13":"taxable","14":"shipping-taxable","15":"purchasable","16":"product-type-simple"},"_links":{"self":[{"href":"https:\/\/www.kartes.lv\/lt\/wp-json\/wp\/v2\/product\/18817","targetHints":{"allow":["GET"]}}],"collection":[{"href":"https:\/\/www.kartes.lv\/lt\/wp-json\/wp\/v2\/product"}],"about":[{"href":"https:\/\/www.kartes.lv\/lt\/wp-json\/wp\/v2\/types\/product"}],"replies":[{"embeddable":true,"href":"https:\/\/www.kartes.lv\/lt\/wp-json\/wp\/v2\/comments?post=18817"}],"wp:featuredmedia":[{"embeddable":true,"href":"https:\/\/www.kartes.lv\/lt\/wp-json\/wp\/v2\/media\/18829"}],"wp:attachment":[{"href":"https:\/\/www.kartes.lv\/lt\/wp-json\/wp\/v2\/media?parent=18817"}],"wp:term":[{"taxonomy":"product_brand","embeddable":true,"href":"https:\/\/www.kartes.lv\/lt\/wp-json\/wp\/v2\/product_brand?post=18817"},{"taxonomy":"product_cat","embeddable":true,"href":"https:\/\/www.kartes.lv\/lt\/wp-json\/wp\/v2\/product_cat?post=18817"},{"taxonomy":"product_tag","embeddable":true,"href":"https:\/\/www.kartes.lv\/lt\/wp-json\/wp\/v2\/product_tag?post=18817"}],"curies":[{"name":"wp","href":"https:\/\/api.w.org\/{rel}","templated":true}]}}