{"id":19225,"date":"2024-11-01T09:58:35","date_gmt":"2024-11-01T07:58:35","guid":{"rendered":"https:\/\/www.kartes.lv\/?post_type=product&#038;p=19225"},"modified":"2026-02-02T11:11:21","modified_gmt":"2026-02-02T09:11:21","slug":"rigas-ielas-labais-krasts-gramata","status":"publish","type":"product","link":"https:\/\/www.kartes.lv\/lt\/product\/rigas-ielas-labais-krasts-gramata\/","title":{"rendered":"The Streets of Riga. Right Bank"},"content":{"rendered":"<p>The book&#8217;s first volume introduces readers to 1196 streets, squares, and bridges on the right bank of the Daugava River in Riga, detailing their formation history, name changes, and notable landmarks. Readers will also gain a broader insight into the history of Riga\u2019s various neighborhoods and the development of their street networks. The street descriptions are enriched with stories about intriguing events that took place there, as well as with both modern and historical maps. Additionally, approximately 500 historical and contemporary photographs provide a visual look into the past and present of Riga\u2019s streets.<\/p>","protected":false},"excerpt":{"rendered":"<p>Edition of the year 2024<br \/>\nSize: 20.3 x 20.6 cm<br \/>\n376 pages<br \/>\nHard covers<\/p>\n<p>Authors: Edgars Lecis, Inese Grand\u0101ne<br \/>\nEditor: J\u0101nis Barbans<br \/>\nProofreaders: Ilze Ant\u0113na, El\u012bna Kokarevi\u010da, J\u0101nis Barbans<br \/>\nCartographs: Ieva Ozoli\u0146a, Ing\u016bna P\u016bkaine<br \/>\nArtist: L\u012bga Dubrovska<br \/>\nPublishers: Jana seta, National Library of Latvia, National Archives of Latvia<\/p>\n","protected":false},"featured_media":19226,"comment_status":"closed","ping_status":"closed","template":"","meta":[],"product_brand":[],"product_cat":[12,86],"product_tag":[],"class_list":{"0":"post-19225","1":"product","2":"type-product","3":"status-publish","4":"has-post-thumbnail","6":"product_cat-gramatas","7":"product_cat-davanas","9":"first","10":"instock","11":"taxable","12":"shipping-taxable","13":"purchasable","14":"product-type-simple"},"_links":{"self":[{"href":"https:\/\/www.kartes.lv\/lt\/wp-json\/wp\/v2\/product\/19225","targetHints":{"allow":["GET"]}}],"collection":[{"href":"https:\/\/www.kartes.lv\/lt\/wp-json\/wp\/v2\/product"}],"about":[{"href":"https:\/\/www.kartes.lv\/lt\/wp-json\/wp\/v2\/types\/product"}],"replies":[{"embeddable":true,"href":"https:\/\/www.kartes.lv\/lt\/wp-json\/wp\/v2\/comments?post=19225"}],"wp:featuredmedia":[{"embeddable":true,"href":"https:\/\/www.kartes.lv\/lt\/wp-json\/wp\/v2\/media\/19226"}],"wp:attachment":[{"href":"https:\/\/www.kartes.lv\/lt\/wp-json\/wp\/v2\/media?parent=19225"}],"wp:term":[{"taxonomy":"product_brand","embeddable":true,"href":"https:\/\/www.kartes.lv\/lt\/wp-json\/wp\/v2\/product_brand?post=19225"},{"taxonomy":"product_cat","embeddable":true,"href":"https:\/\/www.kartes.lv\/lt\/wp-json\/wp\/v2\/product_cat?post=19225"},{"taxonomy":"product_tag","embeddable":true,"href":"https:\/\/www.kartes.lv\/lt\/wp-json\/wp\/v2\/product_tag?post=19225"}],"curies":[{"name":"wp","href":"https:\/\/api.w.org\/{rel}","templated":true}]}}