{"id":20525,"date":"2025-05-18T22:33:15","date_gmt":"2025-05-18T19:33:15","guid":{"rendered":"https:\/\/www.kartes.lv\/?post_type=product&#038;p=20525"},"modified":"2026-02-11T10:27:18","modified_gmt":"2026-02-11T08:27:18","slug":"izdzivosanas-mugursoma-72-stundam","status":"publish","type":"product","link":"https:\/\/www.kartes.lv\/lt\/product\/izdzivosanas-mugursoma-72-stundam\/","title":{"rendered":"M-TAC Emergency Kit Backpack"},"content":{"rendered":"<p>In collaboration with Dabai.lv, we offer an Emergency Kit Backpack:<\/p>\n<p>The &#8220;Dabai.lv Emergency Kit Backpack&#8221; has been carefully assembled based on information published by the Latvian Armed Forces in \u201cAction in the First 72 Hours \/ 3 Days\u201d<\/p>\n<p>The backpack includes all the essentials needed in a crisis, as recommended by the <strong>Ministry of Defence of the Republic of Latvia<\/strong> in the 2022 publication <strong>\u201cHow to Act in Case of a Crisis.\u201d<\/strong><\/p>\n<p>All items included in the kit are specialized for this purpose and come from internationally recognized manufacturers such as <strong>Tasmanian Tiger<\/strong>, <strong>Katadyn<\/strong>, <strong>Pinguin<\/strong>, <strong>M-TAC<\/strong>, and <strong>Tatonka<\/strong>.<\/p>\n<p><strong>The kit includes:<\/strong><\/p>\n<ul>\n<li>1x <strong>M-TAC Assault Pack<\/strong> Backpack<\/li>\n<li>1x <strong>Tatonka First Aid Kit<\/strong> (fully equipped)<\/li>\n<li>1x <strong>KATADYN BeFree Filter AC 0.5L<\/strong> Water Filtration System (slate blue)<\/li>\n<li>1x <strong>Pinguin Firestarter Box<\/strong> (magnesium alloy fire starter)<\/li>\n<li>1x <strong>M-TAC Folding Tool Set<\/strong> (7 tools)<\/li>\n<li>1x <strong>M-TAC Flashlight P21<\/strong><\/li>\n<li>1x <strong>Pinguin Hiker<\/strong> Gas Burner<\/li>\n<li>1x <strong>Pinguin 110g Gas Cartridge<\/strong><\/li>\n<li>1x <strong>M-TAC Cooking Pot 1.2L<\/strong><\/li>\n<li>1x <strong>M-TAC 0.45L Aluminum Cup<\/strong> with foldable handle<\/li>\n<li>1x <strong>Latvia Small Road Map \u2013 2024 Edition<\/strong><\/li>\n<\/ul>\n<p>If any of the items listed above are unavailable, we will replace them with an equivalent product.<\/p>\n<p>Purchased backpacks will be delivered directly from <strong>Dabai.lv<\/strong>.<\/p>","protected":false},"excerpt":{"rendered":"<p class=\"qtranxs-available-languages-message qtranxs-available-languages-message-lt\">Atsipra\u0161ome, \u0161is puslapis galimas tik <a href=\"https:\/\/www.kartes.lv\/lv\/wp-json\/wp\/v2\/product\/20525\" class=\"qtranxs-available-language-link qtranxs-available-language-link-lv\" title=\"Latvie\u0161u\">Latvie\u0161u<\/a>.<\/p>\n<p>M-TAC \u0100rk\u0101rtas gad\u012bjumu soma (Piln\u0101 komplekt\u0101cija)<\/p>\n<p>Pieejama p\u0113c iepriek\u0161\u0113ja pas\u016bt\u012bjuma.<\/p>\n<p><strong>Pieg\u0101des laiks 3 darba dienas!<\/strong><\/p>\n","protected":false},"featured_media":21594,"comment_status":"closed","ping_status":"closed","template":"","meta":[],"product_brand":[],"product_cat":[112,131,86],"product_tag":[],"class_list":{"0":"post-20525","1":"product","2":"type-product","3":"status-publish","4":"has-post-thumbnail","6":"product_cat-jaunumi","7":"product_cat-arkartas-gadijumu-soma","8":"product_cat-davanas","9":"product_shipping_class-free-shipping","11":"first","12":"instock","13":"taxable","14":"shipping-taxable","15":"purchasable","16":"product-type-simple"},"_links":{"self":[{"href":"https:\/\/www.kartes.lv\/lt\/wp-json\/wp\/v2\/product\/20525","targetHints":{"allow":["GET"]}}],"collection":[{"href":"https:\/\/www.kartes.lv\/lt\/wp-json\/wp\/v2\/product"}],"about":[{"href":"https:\/\/www.kartes.lv\/lt\/wp-json\/wp\/v2\/types\/product"}],"replies":[{"embeddable":true,"href":"https:\/\/www.kartes.lv\/lt\/wp-json\/wp\/v2\/comments?post=20525"}],"wp:featuredmedia":[{"embeddable":true,"href":"https:\/\/www.kartes.lv\/lt\/wp-json\/wp\/v2\/media\/21594"}],"wp:attachment":[{"href":"https:\/\/www.kartes.lv\/lt\/wp-json\/wp\/v2\/media?parent=20525"}],"wp:term":[{"taxonomy":"product_brand","embeddable":true,"href":"https:\/\/www.kartes.lv\/lt\/wp-json\/wp\/v2\/product_brand?post=20525"},{"taxonomy":"product_cat","embeddable":true,"href":"https:\/\/www.kartes.lv\/lt\/wp-json\/wp\/v2\/product_cat?post=20525"},{"taxonomy":"product_tag","embeddable":true,"href":"https:\/\/www.kartes.lv\/lt\/wp-json\/wp\/v2\/product_tag?post=20525"}],"curies":[{"name":"wp","href":"https:\/\/api.w.org\/{rel}","templated":true}]}}