{"id":20527,"date":"2025-05-18T22:44:58","date_gmt":"2025-05-18T19:44:58","guid":{"rendered":"https:\/\/www.kartes.lv\/?post_type=product&#038;p=20527"},"modified":"2026-02-11T10:27:02","modified_gmt":"2026-02-11T08:27:02","slug":"izdzivosanas-mugursoma-72-stundam-optimal","status":"publish","type":"product","link":"https:\/\/www.kartes.lv\/lt\/product\/izdzivosanas-mugursoma-72-stundam-optimal\/","title":{"rendered":"M-TAC Emergency Kit Backpack (Full Set with Basic First Aid Kit)"},"content":{"rendered":"<p>In collaboration with Dabai.lv, we offer an Emergency Kit Backpack:<\/p>\n<p>The &#8220;Dabai.lv Emergency Kit Backpack&#8221; has been carefully assembled based on information published by the Latvian Armed Forces in \u201cAction in the First 72 Hours \/ 3 Days\u201d<\/p>\n<p>The backpack includes all the essentials needed in a crisis, as recommended by the <strong>Ministry of Defence of the Republic of Latvia<\/strong> in the 2022 publication <strong>\u201cHow to Act in Case of a Crisis.\u201d<\/strong><\/p>\n<p>All items included in the kit are specialized for this purpose and come from internationally recognized manufacturers such as <strong>Tasmanian Tiger<\/strong>, <strong>Katadyn<\/strong>, <strong>Pinguin<\/strong>, <strong>M-TAC<\/strong>, and <strong>Tatonka<\/strong>.<\/p>\n<p><strong>The kit includes:<\/strong><\/p>\n<ul>\n<li data-start=\"71\" data-end=\"109\">\n<p data-start=\"73\" data-end=\"109\">1x <strong data-start=\"76\" data-end=\"98\">M-TAC Assault Pack<\/strong> Backpack<\/p>\n<\/li>\n<li data-start=\"110\" data-end=\"166\">\n<p data-start=\"112\" data-end=\"166\">1x <strong data-start=\"115\" data-end=\"148\">Tasmanian Tiger First Aid Kit<\/strong> (basic version)<\/p>\n<\/li>\n<li data-start=\"167\" data-end=\"239\">\n<p data-start=\"169\" data-end=\"239\">1x <strong data-start=\"172\" data-end=\"205\">KATADYN BeFree Filter AC 0.5L<\/strong> Water Filtration System (slate)<\/p>\n<\/li>\n<li data-start=\"240\" data-end=\"305\">\n<p data-start=\"242\" data-end=\"305\">1x <strong data-start=\"245\" data-end=\"272\">Pinguin Firestarter Box<\/strong> (magnesium alloy fire starter)<\/p>\n<\/li>\n<li data-start=\"306\" data-end=\"349\">\n<p data-start=\"308\" data-end=\"349\">1x <strong data-start=\"311\" data-end=\"337\">M-TAC Folding Tool Set<\/strong> (7 tools)<\/p>\n<\/li>\n<li data-start=\"350\" data-end=\"381\">\n<p data-start=\"352\" data-end=\"381\">1x <strong data-start=\"355\" data-end=\"379\">M-TAC Flashlight P21<\/strong><\/p>\n<\/li>\n<li data-start=\"382\" data-end=\"417\">\n<p data-start=\"384\" data-end=\"417\">1x <strong data-start=\"387\" data-end=\"404\">Pinguin Hiker<\/strong> Gas Burner<\/p>\n<\/li>\n<li data-start=\"418\" data-end=\"455\">\n<p data-start=\"420\" data-end=\"455\">1x <strong data-start=\"423\" data-end=\"453\">Pinguin 110g Gas Cartridge<\/strong><\/p>\n<\/li>\n<li data-start=\"456\" data-end=\"484\">\n<p data-start=\"458\" data-end=\"484\">1x <strong data-start=\"461\" data-end=\"482\">M-TAC Kettle 1.2L<\/strong><\/p>\n<\/li>\n<li data-start=\"485\" data-end=\"541\">\n<p data-start=\"487\" data-end=\"541\">1x <strong data-start=\"490\" data-end=\"518\">M-TAC 0.45L Aluminum Cup<\/strong> with foldable handle<\/p>\n<\/li>\n<li data-start=\"542\" data-end=\"587\">\n<p data-start=\"544\" data-end=\"587\">1x <strong>Latvia Small Road Map<\/strong> \u2013 2024 Edition<\/p>\n<\/li>\n<\/ul>\n<p>If any of the items listed above are unavailable, we will replace them with an equivalent product.<\/p>\n<p>Purchased backpacks will be delivered directly from <strong>Dabai.lv<\/strong>.<\/p>","protected":false},"excerpt":{"rendered":"<p class=\"qtranxs-available-languages-message qtranxs-available-languages-message-lt\">Atsipra\u0161ome, \u0161is puslapis galimas tik <a href=\"https:\/\/www.kartes.lv\/lv\/wp-json\/wp\/v2\/product\/20527\" class=\"qtranxs-available-language-link qtranxs-available-language-link-lv\" title=\"Latvie\u0161u\">Latvie\u0161u<\/a>.<\/p>\n<p>M-TAC \u0100rk\u0101rtas gad\u012bjumu soma (Piln\u0101 komplekt\u0101cija ar nepilno aptieci\u0146u).<\/p>\n<p>Pieejama p\u0113c iepriek\u0161\u0113ja pas\u016bt\u012bjuma.<\/p>\n<p><strong>Pieg\u0101des laiks 3 darba dienas!<\/strong><\/p>\n","protected":false},"featured_media":21593,"comment_status":"closed","ping_status":"closed","template":"","meta":[],"product_brand":[],"product_cat":[112,131,86],"product_tag":[],"class_list":{"0":"post-20527","1":"product","2":"type-product","3":"status-publish","4":"has-post-thumbnail","6":"product_cat-jaunumi","7":"product_cat-arkartas-gadijumu-soma","8":"product_cat-davanas","9":"product_shipping_class-free-shipping","11":"first","12":"instock","13":"taxable","14":"shipping-taxable","15":"purchasable","16":"product-type-simple"},"_links":{"self":[{"href":"https:\/\/www.kartes.lv\/lt\/wp-json\/wp\/v2\/product\/20527","targetHints":{"allow":["GET"]}}],"collection":[{"href":"https:\/\/www.kartes.lv\/lt\/wp-json\/wp\/v2\/product"}],"about":[{"href":"https:\/\/www.kartes.lv\/lt\/wp-json\/wp\/v2\/types\/product"}],"replies":[{"embeddable":true,"href":"https:\/\/www.kartes.lv\/lt\/wp-json\/wp\/v2\/comments?post=20527"}],"wp:featuredmedia":[{"embeddable":true,"href":"https:\/\/www.kartes.lv\/lt\/wp-json\/wp\/v2\/media\/21593"}],"wp:attachment":[{"href":"https:\/\/www.kartes.lv\/lt\/wp-json\/wp\/v2\/media?parent=20527"}],"wp:term":[{"taxonomy":"product_brand","embeddable":true,"href":"https:\/\/www.kartes.lv\/lt\/wp-json\/wp\/v2\/product_brand?post=20527"},{"taxonomy":"product_cat","embeddable":true,"href":"https:\/\/www.kartes.lv\/lt\/wp-json\/wp\/v2\/product_cat?post=20527"},{"taxonomy":"product_tag","embeddable":true,"href":"https:\/\/www.kartes.lv\/lt\/wp-json\/wp\/v2\/product_tag?post=20527"}],"curies":[{"name":"wp","href":"https:\/\/api.w.org\/{rel}","templated":true}]}}