{"id":21032,"date":"2025-09-26T10:37:09","date_gmt":"2025-09-26T07:37:09","guid":{"rendered":"https:\/\/www.kartes.lv\/?post_type=product&#038;p=21032"},"modified":"2026-02-06T10:43:32","modified_gmt":"2026-02-06T08:43:32","slug":"gramatu-komplekts-rigas-ielas-labais-krasts-un-rigas-ielas-kreisais-krasts","status":"publish","type":"product","link":"https:\/\/www.kartes.lv\/lt\/product\/gramatu-komplekts-rigas-ielas-labais-krasts-un-rigas-ielas-kreisais-krasts\/","title":{"rendered":"Set of books \u201cThe Streets of Riga. The Right Bank&#8221; and &#8220;The Streets of Riga. The Left Bank&#8221;"},"content":{"rendered":"<p><\/p>\n<p data-start=\"187\" data-end=\"728\">The first volume introduces 1196 streets, squares and bridges on the right bank of the Daugava River in Riga, their history, name changes, and notable landmarks located there. Readers will also gain deeper insight into the development of Riga\u2019s neighborhoods and their street networks. The street descriptions are enriched with stories about significant events that took place there, as well as contemporary and historical maps. A visual impression of Riga\u2019s past and present is provided by about 500 historical and modern photographs.<\/p>\n<p data-start=\"730\" data-end=\"1151\">The second volume covers the streets, squares and bridges on the left bank of the Daugava, exploring their origins, name changes, and important landmarks. It also provides a broader view of the development of Riga\u2019s neighborhoods and street networks, complemented by stories of historical events, as well as modern and historical maps. This volume is illustrated with another 500 photographs, both past and present.<\/p>\n<p data-start=\"1153\" data-end=\"1604\">Author Edgars Lecis explains:<br data-start=\"1186\" data-end=\"1189\" \/><em data-start=\"1189\" data-end=\"1602\">\u201cStreets are an essential component of any city as a unified structure. They are not only transport arteries but also carry social and representative functions. For centuries, city streets were almost the only place where a person could step outside their closest social environment \u2013 to a large extent, they reflected the city\u2019s economic, demographic and national characteristics in a given historical period.\u201d<\/em><\/p>\n<p data-start=\"1606\" data-end=\"1743\">Special thanks for cooperation in the making of the book to the <a href=\"https:\/\/lnb.lv\/\">National Library of Latvia<\/a> and the <a href=\"https:\/\/www.arhivi.gov.lv\/lv\">National Archives of Latvia<\/a>.<\/p>\n<p><\/p>","protected":false},"excerpt":{"rendered":"<p>2024 and 2025 Editions<br \/>\nFormat: 20.3 \u00d7 20.6 cm<br \/>\n376 pages + 220 pages<br \/>\nHardcover<\/p>\n<p>Authors: Edgars Lecis, Inese Grand\u0101ne<br \/>\nEditor: J\u0101nis Barbans<br \/>\nProofreaders: Ilze Ant\u0113na, El\u012bna Kokarevi\u010da<br \/>\nCartographers: Ieva Ozoli\u0146a, Ing\u016bna P\u016bkaine<br \/>\nDesigner: L\u012bga Dubrovska<br \/>\nPublishers: J\u0101\u0146a s\u0113ta, National Library of Latvia, National Archives of Latvia<\/p>\n","protected":false},"featured_media":21595,"comment_status":"closed","ping_status":"closed","template":"","meta":[],"product_brand":[],"product_cat":[112,12,86],"product_tag":[],"class_list":{"0":"post-21032","1":"product","2":"type-product","3":"status-publish","4":"has-post-thumbnail","6":"product_cat-jaunumi","7":"product_cat-gramatas","8":"product_cat-davanas","10":"first","11":"instock","12":"taxable","13":"shipping-taxable","14":"purchasable","15":"product-type-simple"},"_links":{"self":[{"href":"https:\/\/www.kartes.lv\/lt\/wp-json\/wp\/v2\/product\/21032","targetHints":{"allow":["GET"]}}],"collection":[{"href":"https:\/\/www.kartes.lv\/lt\/wp-json\/wp\/v2\/product"}],"about":[{"href":"https:\/\/www.kartes.lv\/lt\/wp-json\/wp\/v2\/types\/product"}],"replies":[{"embeddable":true,"href":"https:\/\/www.kartes.lv\/lt\/wp-json\/wp\/v2\/comments?post=21032"}],"wp:featuredmedia":[{"embeddable":true,"href":"https:\/\/www.kartes.lv\/lt\/wp-json\/wp\/v2\/media\/21595"}],"wp:attachment":[{"href":"https:\/\/www.kartes.lv\/lt\/wp-json\/wp\/v2\/media?parent=21032"}],"wp:term":[{"taxonomy":"product_brand","embeddable":true,"href":"https:\/\/www.kartes.lv\/lt\/wp-json\/wp\/v2\/product_brand?post=21032"},{"taxonomy":"product_cat","embeddable":true,"href":"https:\/\/www.kartes.lv\/lt\/wp-json\/wp\/v2\/product_cat?post=21032"},{"taxonomy":"product_tag","embeddable":true,"href":"https:\/\/www.kartes.lv\/lt\/wp-json\/wp\/v2\/product_tag?post=21032"}],"curies":[{"name":"wp","href":"https:\/\/api.w.org\/{rel}","templated":true}]}}