{"id":21520,"date":"2025-12-10T09:44:51","date_gmt":"2025-12-10T07:44:51","guid":{"rendered":"https:\/\/www.kartes.lv\/?post_type=product&#038;p=21520"},"modified":"2025-12-15T10:30:00","modified_gmt":"2025-12-15T08:30:00","slug":"zvaigznota-debess-karte-puzle-anglu-valoda","status":"publish","type":"product","link":"https:\/\/www.kartes.lv\/lt\/product\/zvaigznota-debess-karte-puzle-anglu-valoda\/","title":{"rendered":"Map of the sky. Puzzle (in English)"},"content":{"rendered":"<p class=\"qtranxs-available-languages-message qtranxs-available-languages-message-lt\">Atsipra\u0161ome, \u0161is puslapis galimas tik <a href=\"https:\/\/www.kartes.lv\/lv\/wp-json\/wp\/v2\/product\/21520\" class=\"qtranxs-available-language-link qtranxs-available-language-link-lv\" title=\"Latvie\u0161u\">Latvie\u0161u<\/a>.<\/p><p>Saliec zvaig\u017e\u0146oto debesu karti no 1000 gabali\u0146iem!<\/p>\n<p>Liekot \u0161o puzli, piln\u012bgi noteikti var\u0113siet izbaud\u012bt t\u0101s augsto kvalit\u0101ti un g\u016bt v\u0113rt\u012bgu, izgl\u012btojo\u0161u pieredzi.<\/p>\n<p>&nbsp;<\/p>","protected":false},"excerpt":{"rendered":"<p><strong>In English<\/strong><\/p>\n<p>1000 pieces<br \/>\nPuzzle size: 33 x 48.9 cm<br \/>\nBox size: 36 x 26 x 6 cm<br \/>\nProducer: Eurographics Canada<br \/>\nSuitable for ages 12 and up<\/p>\n<p>EAN: 628136610100<\/p>\n","protected":false},"featured_media":21584,"comment_status":"closed","ping_status":"closed","template":"","meta":[],"product_brand":[],"product_cat":[15,86],"product_tag":[],"class_list":{"0":"post-21520","1":"product","2":"type-product","3":"status-publish","4":"has-post-thumbnail","6":"product_cat-puzles-speles","7":"product_cat-davanas","9":"first","10":"instock","11":"taxable","12":"shipping-taxable","13":"purchasable","14":"product-type-simple"},"_links":{"self":[{"href":"https:\/\/www.kartes.lv\/lt\/wp-json\/wp\/v2\/product\/21520","targetHints":{"allow":["GET"]}}],"collection":[{"href":"https:\/\/www.kartes.lv\/lt\/wp-json\/wp\/v2\/product"}],"about":[{"href":"https:\/\/www.kartes.lv\/lt\/wp-json\/wp\/v2\/types\/product"}],"replies":[{"embeddable":true,"href":"https:\/\/www.kartes.lv\/lt\/wp-json\/wp\/v2\/comments?post=21520"}],"wp:featuredmedia":[{"embeddable":true,"href":"https:\/\/www.kartes.lv\/lt\/wp-json\/wp\/v2\/media\/21584"}],"wp:attachment":[{"href":"https:\/\/www.kartes.lv\/lt\/wp-json\/wp\/v2\/media?parent=21520"}],"wp:term":[{"taxonomy":"product_brand","embeddable":true,"href":"https:\/\/www.kartes.lv\/lt\/wp-json\/wp\/v2\/product_brand?post=21520"},{"taxonomy":"product_cat","embeddable":true,"href":"https:\/\/www.kartes.lv\/lt\/wp-json\/wp\/v2\/product_cat?post=21520"},{"taxonomy":"product_tag","embeddable":true,"href":"https:\/\/www.kartes.lv\/lt\/wp-json\/wp\/v2\/product_tag?post=21520"}],"curies":[{"name":"wp","href":"https:\/\/api.w.org\/{rel}","templated":true}]}}