{"id":30278,"date":"2026-02-27T11:45:58","date_gmt":"2026-02-27T09:45:58","guid":{"rendered":"https:\/\/www.kartes.lv\/?post_type=product&#038;p=30278"},"modified":"2026-02-27T11:47:07","modified_gmt":"2026-02-27T09:47:07","slug":"neparastas-kartes-atlants-zinatkariem-pratiem-nocenots","status":"publish","type":"product","link":"https:\/\/www.kartes.lv\/lt\/product\/neparastas-kartes-atlants-zinatkariem-pratiem-nocenots\/","title":{"rendered":"Brilliant Maps: An Atlas for Curious Minds (Latvian language) (outlet)"},"content":{"rendered":"<p>Revelatory, thought-provoking and fun <em>Brilliant Maps<\/em> is a unique atlas of culture, history, politics, and geography, compiled by the editor of the iconic <em>Brilliant Maps<\/em> website. As visually arresting as <em>Information is Beautiful<\/em> and as full of surprising facts and figures as any encyclopedia, <em>Brilliant Maps<\/em> is a stunning piece of cartography that explores our curious and varied planet.<\/p>\n<p>The book\u2019s author, Ian Wright, runs <em>Brilliant Maps &#8211;<\/em>\u00a0one of the most popular and frequently visited online cartographic sites. In addition to being a cartophile, he&#8217;s also an avid walker. In 2015, he combined these two passions to become the first person to walk all of the newly expanded London Tube Map.<\/p>","protected":false},"excerpt":{"rendered":"<p>Originally published in English by Granta Books under the title Brilliant Maps<br \/>\nSize: 24.5 x 19 cm<br \/>\n201 pages<br \/>\npaperback<\/p>\n<p>Author: Ian Wright<br \/>\nIllustration: Infographic.ly<br \/>\nPublisher in Latvia: J\u0101\u0146a s\u0113ta<br \/>\nTranslation into Latvian: Morics Roberts M\u016brnieks, Lauma Jagare<br \/>\nEditor: J\u0101nis Barbans<br \/>\nArtist: L\u012bga Dubrovska<br \/>\nCartography: Ing\u016bna P\u016bkaine<br \/>\nProofreader: Ilze Ant\u0113na<\/p>\n","protected":false},"featured_media":19054,"comment_status":"closed","ping_status":"closed","template":"","meta":[],"product_brand":[],"product_cat":[111],"product_tag":[],"class_list":{"0":"post-30278","1":"product","2":"type-product","3":"status-publish","4":"has-post-thumbnail","6":"product_cat-nocenots","8":"first","9":"instock","10":"sale","11":"taxable","12":"shipping-taxable","13":"purchasable","14":"product-type-simple"},"_links":{"self":[{"href":"https:\/\/www.kartes.lv\/lt\/wp-json\/wp\/v2\/product\/30278","targetHints":{"allow":["GET"]}}],"collection":[{"href":"https:\/\/www.kartes.lv\/lt\/wp-json\/wp\/v2\/product"}],"about":[{"href":"https:\/\/www.kartes.lv\/lt\/wp-json\/wp\/v2\/types\/product"}],"replies":[{"embeddable":true,"href":"https:\/\/www.kartes.lv\/lt\/wp-json\/wp\/v2\/comments?post=30278"}],"wp:featuredmedia":[{"embeddable":true,"href":"https:\/\/www.kartes.lv\/lt\/wp-json\/wp\/v2\/media\/19054"}],"wp:attachment":[{"href":"https:\/\/www.kartes.lv\/lt\/wp-json\/wp\/v2\/media?parent=30278"}],"wp:term":[{"taxonomy":"product_brand","embeddable":true,"href":"https:\/\/www.kartes.lv\/lt\/wp-json\/wp\/v2\/product_brand?post=30278"},{"taxonomy":"product_cat","embeddable":true,"href":"https:\/\/www.kartes.lv\/lt\/wp-json\/wp\/v2\/product_cat?post=30278"},{"taxonomy":"product_tag","embeddable":true,"href":"https:\/\/www.kartes.lv\/lt\/wp-json\/wp\/v2\/product_tag?post=30278"}],"curies":[{"name":"wp","href":"https:\/\/api.w.org\/{rel}","templated":true}]}}