{"id":30299,"date":"2026-03-02T11:02:53","date_gmt":"2026-03-02T09:02:53","guid":{"rendered":"https:\/\/www.kartes.lv\/?post_type=product&#038;p=30299"},"modified":"2026-03-05T10:24:56","modified_gmt":"2026-03-05T08:24:56","slug":"pazisti-latvijas-zivis-2","status":"publish","type":"product","link":"https:\/\/www.kartes.lv\/lt\/product\/pazisti-latvijas-zivis-2\/","title":{"rendered":"Get to know Latvian fish (latvian language)"},"content":{"rendered":"<p class=\"qtranxs-available-languages-message qtranxs-available-languages-message-lt\">Atsipra\u0161ome, \u0161is puslapis galimas tik <a href=\"https:\/\/www.kartes.lv\/lv\/wp-json\/wp\/v2\/product\/30299\" class=\"qtranxs-available-language-link qtranxs-available-language-link-lv\" title=\"Latvie\u0161u\">Latvie\u0161u<\/a>.<\/p><p>Zivis ir noteico\u0161\u0101 un skaitliski liel\u0101k\u0101 mugurkaulnieku grupa, kura apdz\u012bvo \u016bde\u0146us. Latvij\u0101 t\u0101 vienm\u0113r ir bijusi popul\u0101r\u0101ko dz\u012bvnieku skait\u0101, jo \u012bpa\u0161i t\u0101d\u0113\u013c, ka valst\u012b ir liels \u016bde\u0146u \u012bpastvars gan p\u0113c plat\u012bbas, gan skaitliski. Da\u017e\u0101dus sald\u016bde\u0146us papildina ap 500 km gar\u0101 Baltijas j\u016bras un R\u012bgas j\u016bras l\u012b\u010da piekraste. Tas viss sekm\u0113 daudzveid\u012bgas zivju faunas &#8211; gan ezeru un upju, gan s\u0101\u013c\u016bdens, gan caurce\u013cot\u0101ju sugu &#8211; kl\u0101tb\u016btni \u0123eogr\u0101fiski neliel\u0101 teritorij\u0101.<br \/>\nApskat\u0101 ir iek\u013cautas 62 zivju sugas 23 dzimt\u0101s &#8211; faktiski visas, ar kur\u0101m iesp\u0113jama regul\u0101ra saskarsme Latvijas dab\u0101: gan iek\u0161zemes \u016bde\u0146os, gan j\u016bras piekrast\u0113.<br \/>\nDots katras dzimtas un sugas raksturojums, sugu nosaukumi se\u0161\u0101s sve\u0161valod\u0101s, dz\u012bvesveida, izplat\u012bbas, l\u012bdz\u012bgo sugu un noz\u012bmes skaidrojums.<br \/>\nKatra suga ilustr\u0113ta ar vienu vai da\u017e\u0101diem kr\u0101sainiem att\u0113liem.<br \/>\nGr\u0101mata &#8220;Paz\u012bsti Latvijas zivis&#8221; dom\u0101ta vispla\u0161\u0101kajam interesentu lokam.<\/p>","protected":false},"excerpt":{"rendered":"<p>Edition of the year 2017<br \/>\nPublisher: Gandrs<br \/>\nHard cover<br \/>\n167 pages<\/p>\n<p>EAN: 9789934801549<\/p>\n","protected":false},"featured_media":30320,"comment_status":"closed","ping_status":"closed","template":"","meta":[],"product_brand":[],"product_cat":[12,14,86],"product_tag":[],"class_list":{"0":"post-30299","1":"product","2":"type-product","3":"status-publish","4":"has-post-thumbnail","6":"product_cat-gramatas","7":"product_cat-izglitojosie-izdevumi","8":"product_cat-davanas","10":"first","11":"instock","12":"taxable","13":"shipping-taxable","14":"purchasable","15":"product-type-simple"},"_links":{"self":[{"href":"https:\/\/www.kartes.lv\/lt\/wp-json\/wp\/v2\/product\/30299","targetHints":{"allow":["GET"]}}],"collection":[{"href":"https:\/\/www.kartes.lv\/lt\/wp-json\/wp\/v2\/product"}],"about":[{"href":"https:\/\/www.kartes.lv\/lt\/wp-json\/wp\/v2\/types\/product"}],"replies":[{"embeddable":true,"href":"https:\/\/www.kartes.lv\/lt\/wp-json\/wp\/v2\/comments?post=30299"}],"wp:featuredmedia":[{"embeddable":true,"href":"https:\/\/www.kartes.lv\/lt\/wp-json\/wp\/v2\/media\/30320"}],"wp:attachment":[{"href":"https:\/\/www.kartes.lv\/lt\/wp-json\/wp\/v2\/media?parent=30299"}],"wp:term":[{"taxonomy":"product_brand","embeddable":true,"href":"https:\/\/www.kartes.lv\/lt\/wp-json\/wp\/v2\/product_brand?post=30299"},{"taxonomy":"product_cat","embeddable":true,"href":"https:\/\/www.kartes.lv\/lt\/wp-json\/wp\/v2\/product_cat?post=30299"},{"taxonomy":"product_tag","embeddable":true,"href":"https:\/\/www.kartes.lv\/lt\/wp-json\/wp\/v2\/product_tag?post=30299"}],"curies":[{"name":"wp","href":"https:\/\/api.w.org\/{rel}","templated":true}]}}