{"id":3309,"date":"2016-10-28T11:15:41","date_gmt":"2016-10-28T09:15:41","guid":{"rendered":"http:\/\/wp4.kartes.lv\/lv\/product\/lietuvas-dzivnieki-un-augi-pasaules-dzivnieki-a3-formats\/"},"modified":"2026-03-02T10:40:02","modified_gmt":"2026-03-02T08:40:02","slug":"lietuvas-dzivnieki-un-augi-pasaules-dzivnieki-a3-formats","status":"publish","type":"product","link":"https:\/\/www.kartes.lv\/lt\/product\/lietuvas-dzivnieki-un-augi-pasaules-dzivnieki-a3-formats\/","title":{"rendered":"Lietuvos gyv\u016bnai ir augalai. Pasaulio gyv\u016bnai. A3"},"content":{"rendered":"<p>Dvipusis laminuotas pasaulio gyv\u016bn\u0173 ir Lietuvos augal\u0173 bei gyv\u016bn\u0173 \u017eem\u0117lapis.<\/p>","protected":false},"excerpt":{"rendered":"<p>First edition<br \/>\nLaminated from both sides<br \/>\nIn Lithuanian language<\/p>\n","protected":false},"featured_media":18908,"comment_status":"closed","ping_status":"closed","template":"","meta":[],"product_brand":[],"product_cat":[113],"product_tag":[],"class_list":{"0":"post-3309","1":"product","2":"type-product","3":"status-publish","4":"has-post-thumbnail","6":"product_cat-skoleniem","8":"first","9":"instock","10":"taxable","11":"shipping-taxable","12":"purchasable","13":"product-type-simple"},"_links":{"self":[{"href":"https:\/\/www.kartes.lv\/lt\/wp-json\/wp\/v2\/product\/3309","targetHints":{"allow":["GET"]}}],"collection":[{"href":"https:\/\/www.kartes.lv\/lt\/wp-json\/wp\/v2\/product"}],"about":[{"href":"https:\/\/www.kartes.lv\/lt\/wp-json\/wp\/v2\/types\/product"}],"replies":[{"embeddable":true,"href":"https:\/\/www.kartes.lv\/lt\/wp-json\/wp\/v2\/comments?post=3309"}],"wp:featuredmedia":[{"embeddable":true,"href":"https:\/\/www.kartes.lv\/lt\/wp-json\/wp\/v2\/media\/18908"}],"wp:attachment":[{"href":"https:\/\/www.kartes.lv\/lt\/wp-json\/wp\/v2\/media?parent=3309"}],"wp:term":[{"taxonomy":"product_brand","embeddable":true,"href":"https:\/\/www.kartes.lv\/lt\/wp-json\/wp\/v2\/product_brand?post=3309"},{"taxonomy":"product_cat","embeddable":true,"href":"https:\/\/www.kartes.lv\/lt\/wp-json\/wp\/v2\/product_cat?post=3309"},{"taxonomy":"product_tag","embeddable":true,"href":"https:\/\/www.kartes.lv\/lt\/wp-json\/wp\/v2\/product_tag?post=3309"}],"curies":[{"name":"wp","href":"https:\/\/api.w.org\/{rel}","templated":true}]}}