{"id":3383,"date":"2016-10-28T11:15:59","date_gmt":"2016-10-28T09:15:59","guid":{"rendered":"http:\/\/wp4.kartes.lv\/lv\/product\/kasamkarte-lietuva\/"},"modified":"2026-01-08T09:01:26","modified_gmt":"2026-01-08T07:01:26","slug":"nutrinamas-zemelapis-lietuva","status":"publish","type":"product","link":"https:\/\/www.kartes.lv\/lt\/product\/nutrinamas-zemelapis-lietuva\/","title":{"rendered":"Nutrinamas \u017eem\u0117lapis &#8220;Lietuva&#8221;"},"content":{"rendered":"<p>Nutrinamas \u017eem\u0117lapis \u201eLietuva\u201c.<br \/>\nPirmas nutrinamas Lietuva administracinis \u017eem\u0117lapis, lietuvi\u0173 kalba! Taip norime keliauti \u012f atokiausius pasaulio kampelius ir da\u017enai neaplank\u0117me pa\u010di\u0173 nuostabiausi\u0173 gimtin\u0117s viet\u0173: miest\u0173, upi\u0173, e\u017eer\u0173, piliakalni\u0173&#8230; \u0160is \u017eem\u0117lapis kvie\u010dia mesti i\u0161\u0161\u016bk\u012f keliauti VISUS. vir\u0161 Lietuvos!<\/p>\n<p>Nutrink auksin\u0117s spalvos sluoksn\u012f, ant kurio pa\u017eym\u0117tos Lietuvos savivaldybi\u0173 ribos ir did\u017eiausi miestai, ir po juo pasimatys atitinkamos vietos: miestai ir kaimai, up\u0117s ir e\u017eerai, keliai ir nacionaliniai parkai. \u0160alia \u017eem\u0117lapio pavaizduoti vis\u0173 savivaldybi\u0173 herbai, susipa\u017eink ir su jais! \u0160iame \u017eem\u0117lapyje gali pa\u017eym\u0117ti miestus ar savivaldybes, kuriose esi buv\u0119s, arba, pavyzd\u017eiui, kuriose gyvena tavo artimieji ir draugai.<\/p>\n<p>\u017dem\u0117lapis supakuotas \u012f kartonin\u0119 ypatingo dizaino t\u016btel\u0119, tod\u0117l puikiai tiks dovanai!<\/p>\n<p>&nbsp;<\/p>\n<p>&nbsp;<\/p>","protected":false},"excerpt":{"rendered":"<p>Detalus administracinis skirstymas \u2013 pateikiamos seni\u016bnij\u0173 teritorijos;<br \/>\nPateikiamas keli\u0173 tinklas;<br \/>\nVaizduojama hidrografija: up\u0117s, e\u017eerai;<br \/>\nPateikiama 60 herb\u0173, Lietuvos v\u0117liava;<\/p>\n<p>\u017dem\u0117lapio dydis: 63 x 49 cm<br \/>\nT\u016btel\u0117s dydis: 54,5 cm, x 7 cm\/dm<\/p>\n<p>EAN: 9789984076942<\/p>\n","protected":false},"featured_media":20471,"comment_status":"closed","ping_status":"closed","template":"","meta":[],"product_brand":[],"product_cat":[17],"product_tag":[],"class_list":{"0":"post-3383","1":"product","2":"type-product","3":"status-publish","4":"has-post-thumbnail","6":"product_cat-kasamkartes-un-kasamplakati","8":"first","9":"instock","10":"taxable","11":"shipping-taxable","12":"purchasable","13":"product-type-simple"},"_links":{"self":[{"href":"https:\/\/www.kartes.lv\/lt\/wp-json\/wp\/v2\/product\/3383","targetHints":{"allow":["GET"]}}],"collection":[{"href":"https:\/\/www.kartes.lv\/lt\/wp-json\/wp\/v2\/product"}],"about":[{"href":"https:\/\/www.kartes.lv\/lt\/wp-json\/wp\/v2\/types\/product"}],"replies":[{"embeddable":true,"href":"https:\/\/www.kartes.lv\/lt\/wp-json\/wp\/v2\/comments?post=3383"}],"wp:featuredmedia":[{"embeddable":true,"href":"https:\/\/www.kartes.lv\/lt\/wp-json\/wp\/v2\/media\/20471"}],"wp:attachment":[{"href":"https:\/\/www.kartes.lv\/lt\/wp-json\/wp\/v2\/media?parent=3383"}],"wp:term":[{"taxonomy":"product_brand","embeddable":true,"href":"https:\/\/www.kartes.lv\/lt\/wp-json\/wp\/v2\/product_brand?post=3383"},{"taxonomy":"product_cat","embeddable":true,"href":"https:\/\/www.kartes.lv\/lt\/wp-json\/wp\/v2\/product_cat?post=3383"},{"taxonomy":"product_tag","embeddable":true,"href":"https:\/\/www.kartes.lv\/lt\/wp-json\/wp\/v2\/product_tag?post=3383"}],"curies":[{"name":"wp","href":"https:\/\/api.w.org\/{rel}","templated":true}]}}