{"id":3855,"date":"2016-10-28T11:18:30","date_gmt":"2016-10-28T08:18:30","guid":{"rendered":"http:\/\/wp4.kartes.lv\/lv\/product\/puzle-lietuvas-daba\/"},"modified":"2025-12-04T10:39:07","modified_gmt":"2025-12-04T08:39:07","slug":"puzle-lietuvas-daba","status":"publish","type":"product","link":"https:\/\/www.kartes.lv\/lt\/product\/puzle-lietuvas-daba\/","title":{"rendered":"D\u0117lion\u0117. Lietuvos gamta 100"},"content":{"rendered":"<p><\/p>\n<p data-start=\"35\" data-end=\"138\">The map illustrated by artist Agija Staka-Jansone introduces the animals and plants of Lithuania.<\/p>\n<p data-start=\"140\" data-end=\"334\" data-is-last-node=\"\" data-is-only-node=\"\">The puzzle depicts all regions of Lithuania, as well as its largest cities, rivers, and lakes. It provides information about the diversity of wildlife and notable extremes in the animal kingdom.<\/p>\n<p><\/p>","protected":false},"excerpt":{"rendered":"<p>Lietuvos kalba<\/p>\n<p>100 detali\u0173<\/p>\n<p>D\u0117lion\u0117s dydis: 41\u00d727,5 cm<\/p>\n<p>D\u0117\u017e\u0117s dydis: 28,5\u00d719\u00d74 cm<\/p>\n<p>EAN: 9789984076539<\/p>\n","protected":false},"featured_media":20378,"comment_status":"closed","ping_status":"closed","template":"","meta":[],"product_brand":[],"product_cat":[15],"product_tag":[],"class_list":{"0":"post-3855","1":"product","2":"type-product","3":"status-publish","4":"has-post-thumbnail","6":"product_cat-puzles-speles","8":"first","9":"instock","10":"taxable","11":"shipping-taxable","12":"purchasable","13":"product-type-simple"},"_links":{"self":[{"href":"https:\/\/www.kartes.lv\/lt\/wp-json\/wp\/v2\/product\/3855","targetHints":{"allow":["GET"]}}],"collection":[{"href":"https:\/\/www.kartes.lv\/lt\/wp-json\/wp\/v2\/product"}],"about":[{"href":"https:\/\/www.kartes.lv\/lt\/wp-json\/wp\/v2\/types\/product"}],"replies":[{"embeddable":true,"href":"https:\/\/www.kartes.lv\/lt\/wp-json\/wp\/v2\/comments?post=3855"}],"wp:featuredmedia":[{"embeddable":true,"href":"https:\/\/www.kartes.lv\/lt\/wp-json\/wp\/v2\/media\/20378"}],"wp:attachment":[{"href":"https:\/\/www.kartes.lv\/lt\/wp-json\/wp\/v2\/media?parent=3855"}],"wp:term":[{"taxonomy":"product_brand","embeddable":true,"href":"https:\/\/www.kartes.lv\/lt\/wp-json\/wp\/v2\/product_brand?post=3855"},{"taxonomy":"product_cat","embeddable":true,"href":"https:\/\/www.kartes.lv\/lt\/wp-json\/wp\/v2\/product_cat?post=3855"},{"taxonomy":"product_tag","embeddable":true,"href":"https:\/\/www.kartes.lv\/lt\/wp-json\/wp\/v2\/product_tag?post=3855"}],"curies":[{"name":"wp","href":"https:\/\/api.w.org\/{rel}","templated":true}]}}