{"id":3910,"date":"2016-10-28T11:18:53","date_gmt":"2016-10-28T09:18:53","guid":{"rendered":"http:\/\/wp4.kartes.lv\/lv\/product\/preilu-novads-aglonas-livanu-riebinu-varkavas-novads\/"},"modified":"2026-03-02T13:22:01","modified_gmt":"2026-03-02T11:22:01","slug":"preilu-novads-aglonas-livanu-riebinu-varkavas-novads","status":"publish","type":"product","link":"https:\/\/www.kartes.lv\/lt\/product\/preilu-novads-aglonas-livanu-riebinu-varkavas-novads\/","title":{"rendered":"Prei\u013ci apskritis. Aglona, L\u012bv\u0101ni, Riebi\u0146i, V\u0101rkava apskritis"},"content":{"rendered":"<p><!--StartFragment --><\/p>\n<p class=\"pf0\"><span class=\"cf0\">One of the key features of this map edition is the inclusion of several important information layers. Enhancements such as detailed relief, forest trails, and major power lines significantly improve the map\u2019s usability and value for navigation in the area. <\/span><\/p>\n<p><!--EndFragment --><\/p>","protected":false},"excerpt":{"rendered":"<p>First edition<br \/>\nSize 1:75 000<br \/>\nSize of Prei\u013ci, L\u012bv\u0101ni and Aglona plans 1:20 000<br \/>\nSize 87,5 x 57 cm \/ 12,5 x 23 cm folded<\/p>\n<p>EAN: 9789984076645<\/p>\n","protected":false},"featured_media":5694,"comment_status":"closed","ping_status":"closed","template":"","meta":[],"product_brand":[],"product_cat":[7,10,129],"product_tag":[],"class_list":{"0":"post-3910","1":"product","2":"type-product","3":"status-publish","4":"has-post-thumbnail","6":"product_cat-kartes-atlanti-celvezi","7":"product_cat-celu-kartes-atlanti","8":"product_cat-akcija","10":"first","11":"instock","12":"sale","13":"taxable","14":"shipping-taxable","15":"purchasable","16":"product-type-simple"},"_links":{"self":[{"href":"https:\/\/www.kartes.lv\/lt\/wp-json\/wp\/v2\/product\/3910","targetHints":{"allow":["GET"]}}],"collection":[{"href":"https:\/\/www.kartes.lv\/lt\/wp-json\/wp\/v2\/product"}],"about":[{"href":"https:\/\/www.kartes.lv\/lt\/wp-json\/wp\/v2\/types\/product"}],"replies":[{"embeddable":true,"href":"https:\/\/www.kartes.lv\/lt\/wp-json\/wp\/v2\/comments?post=3910"}],"wp:featuredmedia":[{"embeddable":true,"href":"https:\/\/www.kartes.lv\/lt\/wp-json\/wp\/v2\/media\/5694"}],"wp:attachment":[{"href":"https:\/\/www.kartes.lv\/lt\/wp-json\/wp\/v2\/media?parent=3910"}],"wp:term":[{"taxonomy":"product_brand","embeddable":true,"href":"https:\/\/www.kartes.lv\/lt\/wp-json\/wp\/v2\/product_brand?post=3910"},{"taxonomy":"product_cat","embeddable":true,"href":"https:\/\/www.kartes.lv\/lt\/wp-json\/wp\/v2\/product_cat?post=3910"},{"taxonomy":"product_tag","embeddable":true,"href":"https:\/\/www.kartes.lv\/lt\/wp-json\/wp\/v2\/product_tag?post=3910"}],"curies":[{"name":"wp","href":"https:\/\/api.w.org\/{rel}","templated":true}]}}