{"id":3940,"date":"2016-10-28T11:19:03","date_gmt":"2016-10-28T09:19:03","guid":{"rendered":"http:\/\/wp4.kartes.lv\/lv\/product\/madonas-novads-cesvaines-erglu-lubanas-varaklanu-novads\/"},"modified":"2026-03-02T13:20:47","modified_gmt":"2026-03-02T11:20:47","slug":"madonas-novads-cesvaines-erglu-lubanas-varaklanu-novads","status":"publish","type":"product","link":"https:\/\/www.kartes.lv\/lt\/product\/madonas-novads-cesvaines-erglu-lubanas-varaklanu-novads\/","title":{"rendered":"Madona apskritis. Cesvaine, \u0112rg\u013ci, Lub\u0101na, Varak\u013c\u0101ni apskritis"},"content":{"rendered":"<p><!--StartFragment --><\/p>\n<p class=\"pf0\"><span class=\"cf0\">One of the key features of this map edition is the inclusion of several important information layers. Enhancements such as detailed relief, forest trails, and major power lines significantly improve the map\u2019s usability and value for navigation in the area. <\/span><\/p>\n<p><!--EndFragment --><\/p>","protected":false},"excerpt":{"rendered":"<p>First edition<br \/>\nScale 1:75 000<br \/>\nScale of Madona, Cesvaine, \u0112rg\u013ci, Lub\u0101na and Varak\u013c\u0101ni plans 1:20 000<br \/>\nSize 87,5 x 57 cm \/ 12,5 x 23 cm folded<\/p>\n<p>EAN: 9789984076829<\/p>\n","protected":false},"featured_media":5688,"comment_status":"closed","ping_status":"closed","template":"","meta":[],"product_brand":[],"product_cat":[7,10,129],"product_tag":[],"class_list":{"0":"post-3940","1":"product","2":"type-product","3":"status-publish","4":"has-post-thumbnail","6":"product_cat-kartes-atlanti-celvezi","7":"product_cat-celu-kartes-atlanti","8":"product_cat-akcija","10":"first","11":"instock","12":"sale","13":"taxable","14":"shipping-taxable","15":"purchasable","16":"product-type-simple"},"_links":{"self":[{"href":"https:\/\/www.kartes.lv\/lt\/wp-json\/wp\/v2\/product\/3940","targetHints":{"allow":["GET"]}}],"collection":[{"href":"https:\/\/www.kartes.lv\/lt\/wp-json\/wp\/v2\/product"}],"about":[{"href":"https:\/\/www.kartes.lv\/lt\/wp-json\/wp\/v2\/types\/product"}],"replies":[{"embeddable":true,"href":"https:\/\/www.kartes.lv\/lt\/wp-json\/wp\/v2\/comments?post=3940"}],"wp:featuredmedia":[{"embeddable":true,"href":"https:\/\/www.kartes.lv\/lt\/wp-json\/wp\/v2\/media\/5688"}],"wp:attachment":[{"href":"https:\/\/www.kartes.lv\/lt\/wp-json\/wp\/v2\/media?parent=3940"}],"wp:term":[{"taxonomy":"product_brand","embeddable":true,"href":"https:\/\/www.kartes.lv\/lt\/wp-json\/wp\/v2\/product_brand?post=3940"},{"taxonomy":"product_cat","embeddable":true,"href":"https:\/\/www.kartes.lv\/lt\/wp-json\/wp\/v2\/product_cat?post=3940"},{"taxonomy":"product_tag","embeddable":true,"href":"https:\/\/www.kartes.lv\/lt\/wp-json\/wp\/v2\/product_tag?post=3940"}],"curies":[{"name":"wp","href":"https:\/\/api.w.org\/{rel}","templated":true}]}}