{"id":6265,"date":"2018-02-02T10:27:12","date_gmt":"2018-02-02T08:27:12","guid":{"rendered":"https:\/\/www.kartes.lv\/?post_type=product&#038;p=6265"},"modified":"2025-08-04T10:52:15","modified_gmt":"2025-08-04T07:52:15","slug":"rigas-karte-sienas-kartes","status":"publish","type":"product","link":"https:\/\/www.kartes.lv\/lt\/product\/rigas-karte-sienas-kartes\/","title":{"rendered":"Wall Map of Riga (in Latvian)"},"content":{"rendered":"<p>Wall map of Riga city and its nearest surroundings shown on the map, additionally including such populated places as Ber\u0123i, R\u0101mava, M\u0101rupe, Bab\u012bte, etc.<\/p>\n<p><em><span class=\"cf0\">If you would like this map in a different size or printed on another type of material (double-sided laminated, printed on plastic, or framed), please call <\/span><span class=\"cf1\"><strong>+371<\/strong> <strong>67317540<\/strong><\/span><span class=\"cf0\"> or email <\/span><strong><span class=\"cf1\">kartes@kartes.lv<\/span><\/strong><span class=\"cf0\"> for more information.<\/span><\/em><\/p>","protected":false},"excerpt":{"rendered":"<p>Scale: 1:20,000<br \/>\nEdition: 2024<br \/>\n<strong>Available by order<\/strong>, production time: 2\u20133 business days.<\/p>\n<p>Free shipping in Latvia.<\/p>\n","protected":false},"featured_media":19004,"comment_status":"closed","ping_status":"closed","template":"","meta":[],"product_brand":[],"product_cat":[13],"product_tag":[],"class_list":{"0":"post-6265","1":"product","2":"type-product","3":"status-publish","4":"has-post-thumbnail","6":"product_cat-sienas-kartes","8":"first","9":"instock","10":"taxable","11":"shipping-taxable","12":"purchasable","13":"product-type-variable"},"_links":{"self":[{"href":"https:\/\/www.kartes.lv\/lt\/wp-json\/wp\/v2\/product\/6265","targetHints":{"allow":["GET"]}}],"collection":[{"href":"https:\/\/www.kartes.lv\/lt\/wp-json\/wp\/v2\/product"}],"about":[{"href":"https:\/\/www.kartes.lv\/lt\/wp-json\/wp\/v2\/types\/product"}],"replies":[{"embeddable":true,"href":"https:\/\/www.kartes.lv\/lt\/wp-json\/wp\/v2\/comments?post=6265"}],"wp:featuredmedia":[{"embeddable":true,"href":"https:\/\/www.kartes.lv\/lt\/wp-json\/wp\/v2\/media\/19004"}],"wp:attachment":[{"href":"https:\/\/www.kartes.lv\/lt\/wp-json\/wp\/v2\/media?parent=6265"}],"wp:term":[{"taxonomy":"product_brand","embeddable":true,"href":"https:\/\/www.kartes.lv\/lt\/wp-json\/wp\/v2\/product_brand?post=6265"},{"taxonomy":"product_cat","embeddable":true,"href":"https:\/\/www.kartes.lv\/lt\/wp-json\/wp\/v2\/product_cat?post=6265"},{"taxonomy":"product_tag","embeddable":true,"href":"https:\/\/www.kartes.lv\/lt\/wp-json\/wp\/v2\/product_tag?post=6265"}],"curies":[{"name":"wp","href":"https:\/\/api.w.org\/{rel}","templated":true}]}}