{"id":78,"date":"2016-08-25T09:55:52","date_gmt":"2016-08-25T07:55:52","guid":{"rendered":"http:\/\/wp4.kartes.lv\/?post_type=product&#038;p=78"},"modified":"2025-08-26T19:03:31","modified_gmt":"2025-08-26T16:03:31","slug":"latvijas-karte-garmin-navigacijai","status":"publish","type":"product","link":"https:\/\/www.kartes.lv\/lt\/product\/latvijas-karte-garmin-navigacijai\/","title":{"rendered":"Map of Latvia for Garmin devices"},"content":{"rendered":"<p><\/p>\n<h3 data-start=\"103\" data-end=\"134\"><strong data-start=\"103\" data-end=\"132\">Using this data, you can:<\/strong><\/h3>\n<ul data-start=\"135\" data-end=\"709\">\n<li data-start=\"135\" data-end=\"187\">\n<p data-start=\"137\" data-end=\"187\">Search for objects by name, address, or location<\/p>\n<\/li>\n<li data-start=\"188\" data-end=\"276\">\n<p data-start=\"190\" data-end=\"276\">Plan routes to a selected destination, following directions on the navigation device<\/p>\n<\/li>\n<li data-start=\"277\" data-end=\"430\">\n<p data-start=\"279\" data-end=\"430\">Search for points of interest (restaurants, accommodation, shopping, entertainment, tourist attractions, fuel stations, and other useful information)<\/p>\n<\/li>\n<li data-start=\"431\" data-end=\"563\">\n<p data-start=\"433\" data-end=\"563\">Enjoy high map detail across Latvia: scale 1:100,000 in rural areas (down to individual homesteads) and scale 1:10,000 in cities<\/p>\n<\/li>\n<li data-start=\"564\" data-end=\"661\">\n<p data-start=\"566\" data-end=\"661\">View a detailed hydrographic network with rivers, water bodies, and names of rivers and lakes<\/p>\n<\/li>\n<li data-start=\"662\" data-end=\"709\">\n<p data-start=\"664\" data-end=\"709\">Access depth markings for the largest lakes<\/p>\n<\/li>\n<\/ul>\n<h3 data-start=\"711\" data-end=\"834\"><strong data-start=\"711\" data-end=\"728\">Compatibility<\/strong><\/h3>\n<p data-start=\"711\" data-end=\"834\">The map can be used with all Garmin navigation devices that support microSD\u2122 memory cards, including:<\/p>\n<ul data-start=\"835\" data-end=\"1264\">\n<li data-start=\"835\" data-end=\"856\">\n<p data-start=\"837\" data-end=\"856\">N\u00fcvi (all series)<\/p>\n<\/li>\n<li data-start=\"857\" data-end=\"879\">\n<p data-start=\"859\" data-end=\"879\">Drive (all series)<\/p>\n<\/li>\n<li data-start=\"880\" data-end=\"912\">\n<p data-start=\"882\" data-end=\"912\">z\u00fcmo 210, 220, 400, 5\u00d7\u00d7, 660<\/p>\n<\/li>\n<li data-start=\"913\" data-end=\"929\">\n<p data-start=\"915\" data-end=\"929\">Colorado 300<\/p>\n<\/li>\n<li data-start=\"930\" data-end=\"943\">\n<p data-start=\"932\" data-end=\"943\">Dakota 20<\/p>\n<\/li>\n<li data-start=\"944\" data-end=\"977\">\n<p data-start=\"946\" data-end=\"977\">Edge 605, 705, 800, 810, 1030<\/p>\n<\/li>\n<li data-start=\"978\" data-end=\"994\">\n<p data-start=\"980\" data-end=\"994\">eTrex 20, 30<\/p>\n<\/li>\n<li data-start=\"995\" data-end=\"1056\">\n<p data-start=\"997\" data-end=\"1056\">GPSMAP 60s, 62s, 62st, 78s, 62sc, 62stc, 76Cx, 76CSx, 78s<\/p>\n<\/li>\n<li data-start=\"1057\" data-end=\"1093\">\n<p data-start=\"1059\" data-end=\"1093\">Montana 500, 600, 650, 650t, 700<\/p>\n<\/li>\n<li data-start=\"1094\" data-end=\"1183\">\n<p data-start=\"1096\" data-end=\"1183\">Oregon 200, 300, 400, 450, 450t, 455, 550, 550t, 600, 600t, 650, 650t, 700, 750, 750t<\/p>\n<\/li>\n<li data-start=\"1184\" data-end=\"1196\">\n<p data-start=\"1186\" data-end=\"1196\">Monterra<\/p>\n<\/li>\n<li data-start=\"1197\" data-end=\"1215\">\n<p data-start=\"1199\" data-end=\"1215\">Astro 220, 320<\/p>\n<\/li>\n<li data-start=\"1216\" data-end=\"1233\">\n<p data-start=\"1218\" data-end=\"1233\">Alpha 50, 100<\/p>\n<\/li>\n<li data-start=\"1234\" data-end=\"1264\">\n<p data-start=\"1236\" data-end=\"1264\">Other Garmin device models<\/p>\n<\/li>\n<\/ul>\n<h3 data-start=\"1266\" data-end=\"1336\"><strong data-start=\"1266\" data-end=\"1277\">Updates<\/strong><\/h3>\n<p data-start=\"1266\" data-end=\"1336\"><a href=\"https:\/\/www.kartes.lv\/lv\/product\/atjauninajums-latvijas-kartei-garmin-navigacijai\/\">Garmin map updates are available in the store section.<\/a><\/p>\n<p><\/p>","protected":false},"excerpt":{"rendered":"<p data-start=\"49\" data-end=\"124\"><strong data-start=\"49\" data-end=\"122\">The map includes the latest information from the J\u0101\u0146a s\u0113ta databases:<\/strong><\/p>\n<ul data-start=\"126\" data-end=\"617\">\n<li data-start=\"126\" data-end=\"171\">\n<p data-start=\"128\" data-end=\"171\">More than 130,000 km of roads and streets<\/p>\n<\/li>\n<li data-start=\"172\" data-end=\"220\">\n<p data-start=\"174\" data-end=\"220\">Plans of all Latvian cities and larger towns<\/p>\n<\/li>\n<li data-start=\"221\" data-end=\"256\">\n<p data-start=\"223\" data-end=\"256\">Over 275,000 numbered addresses<\/p>\n<\/li>\n<li data-start=\"257\" data-end=\"307\">\n<p data-start=\"259\" data-end=\"307\">10,000 populated places and 220,000 homesteads<\/p>\n<\/li>\n<li data-start=\"308\" data-end=\"336\">\n<p data-start=\"310\" data-end=\"336\">Administrative divisions<\/p>\n<\/li>\n<li data-start=\"337\" data-end=\"416\">\n<p data-start=\"339\" data-end=\"416\">Land use (forests, swamps, water bodies, built-up areas, allotments, parks)<\/p>\n<\/li>\n<li data-start=\"417\" data-end=\"494\">\n<p data-start=\"419\" data-end=\"494\">Hydrographic network (more than 110,000 km of rivers and 6,200 hydronyms)<\/p>\n<\/li>\n<li data-start=\"495\" data-end=\"518\">\n<p data-start=\"497\" data-end=\"518\">Lake depth contours<\/p>\n<\/li>\n<li data-start=\"519\" data-end=\"529\">\n<p data-start=\"521\" data-end=\"529\">Relief<\/p>\n<\/li>\n<li data-start=\"530\" data-end=\"570\">\n<p data-start=\"532\" data-end=\"570\">All specially protected nature areas<\/p>\n<\/li>\n<li data-start=\"571\" data-end=\"594\">\n<p data-start=\"573\" data-end=\"594\">Tourist attractions<\/p>\n<\/li>\n<li data-start=\"595\" data-end=\"617\">\n<p data-start=\"597\" data-end=\"617\">Points of interest<\/p>\n<\/li>\n<\/ul>\n","protected":false},"featured_media":20750,"comment_status":"closed","ping_status":"closed","template":"","meta":[],"product_brand":[],"product_cat":[16,86],"product_tag":[],"class_list":{"0":"post-78","1":"product","2":"type-product","3":"status-publish","4":"has-post-thumbnail","6":"product_cat-it-produkti","7":"product_cat-davanas","9":"first","10":"instock","11":"taxable","12":"shipping-taxable","13":"purchasable","14":"product-type-simple"},"_links":{"self":[{"href":"https:\/\/www.kartes.lv\/lt\/wp-json\/wp\/v2\/product\/78","targetHints":{"allow":["GET"]}}],"collection":[{"href":"https:\/\/www.kartes.lv\/lt\/wp-json\/wp\/v2\/product"}],"about":[{"href":"https:\/\/www.kartes.lv\/lt\/wp-json\/wp\/v2\/types\/product"}],"replies":[{"embeddable":true,"href":"https:\/\/www.kartes.lv\/lt\/wp-json\/wp\/v2\/comments?post=78"}],"wp:featuredmedia":[{"embeddable":true,"href":"https:\/\/www.kartes.lv\/lt\/wp-json\/wp\/v2\/media\/20750"}],"wp:attachment":[{"href":"https:\/\/www.kartes.lv\/lt\/wp-json\/wp\/v2\/media?parent=78"}],"wp:term":[{"taxonomy":"product_brand","embeddable":true,"href":"https:\/\/www.kartes.lv\/lt\/wp-json\/wp\/v2\/product_brand?post=78"},{"taxonomy":"product_cat","embeddable":true,"href":"https:\/\/www.kartes.lv\/lt\/wp-json\/wp\/v2\/product_cat?post=78"},{"taxonomy":"product_tag","embeddable":true,"href":"https:\/\/www.kartes.lv\/lt\/wp-json\/wp\/v2\/product_tag?post=78"}],"curies":[{"name":"wp","href":"https:\/\/api.w.org\/{rel}","templated":true}]}}