{"id":9271,"date":"2019-10-23T14:54:59","date_gmt":"2019-10-23T11:54:59","guid":{"rendered":"https:\/\/www.kartes.lv\/?post_type=product&#038;p=9271"},"modified":"2026-02-27T12:27:37","modified_gmt":"2026-02-27T10:27:37","slug":"kasamplakats-pasaules-valstis","status":"publish","type":"product","link":"https:\/\/www.kartes.lv\/lt\/product\/kasamplakats-pasaules-valstis\/","title":{"rendered":"Scratch-off poster &#8220;Countries of the World&#8221; (outlet)"},"content":{"rendered":"<p>Nutrinamas plakatas \u201ePasaulio valstyb\u0117s\u201c<\/p>\n<p>Pa\u017eink pasaul\u012f ir pakeisk savo po\u017ei\u016br\u012f \u2013 pasi\u017ei\u016br\u0117k \u012f pasaulio \u0161alis kitu kampu!<br \/>\nNutrinamame plakate \u201ePasaulio \u0161alys\u201c yra 200 \u0161ali\u0173, vaizduojam\u0173 nuo did\u017eiausios iki ma\u017eiausios. Prie kiekvienos \u0161alies nurodytas jos pavadinimas originalo ir angl\u0173 kalbomis, taip pat teritorijos dydis.<br \/>\nKokiose \u0161alyse esi buv\u0119s?\u00a0Kokio dyd\u017eio tavo kaimynin\u0117s \u0161alys? Kokia yra ma\u017eiausia \u0161alis, kurioje esi buv\u0119s? Nutryn\u0119s sidabrin\u0117s spalvos sluoksn\u012f, pamatysi aplankytas \u0161alis. Dabar gal\u0117si lengvai palyginti \u0161alis pagal j\u0173 dyd\u012f.<\/p>\n<p>Gali su\u017einoti apie \u0161alis kok\u012f nors nauj\u0105 fakt\u0105 ir nutrinti sidabrin\u012f sluoksn\u012f, kad ir nuo ma\u017eiausios \u0161alies iki did\u017eiausios. Arba gali pa\u017eindintis su valstyb\u0117mis ir atidengti tik tas \u0161alis, kuriose esi buv\u0119s. Taip susikursi individual\u0173 nutrinam\u0105 plakat\u0105, nes valstybi\u0173 spalvos skiriasi.<\/p>\n<p>Nutrinamas plakatas supakuotas \u012f kartonin\u0119 ypatingo dizaino t\u016btel\u0119, tod\u0117l puikiai tiks dovanai.<\/p>","protected":false},"excerpt":{"rendered":"<p><strong>Country names in the original language and in English<\/strong><\/p>\n<p>Poster size: 90 x 63 cm<br \/>\nTube size: 68 cm x 7 cm\/dm<\/p>\n<p>EAN: 9789984077499<\/p>\n","protected":false},"featured_media":9272,"comment_status":"closed","ping_status":"closed","template":"","meta":[],"product_brand":[],"product_cat":[132],"product_tag":[],"class_list":{"0":"post-9271","1":"product","2":"type-product","3":"status-publish","4":"has-post-thumbnail","6":"product_cat-pedejie-eksemplari","7":"product_shipping_class-2000g-slug","9":"first","10":"instock","11":"sale","12":"taxable","13":"shipping-taxable","14":"purchasable","15":"product-type-simple"},"_links":{"self":[{"href":"https:\/\/www.kartes.lv\/lt\/wp-json\/wp\/v2\/product\/9271","targetHints":{"allow":["GET"]}}],"collection":[{"href":"https:\/\/www.kartes.lv\/lt\/wp-json\/wp\/v2\/product"}],"about":[{"href":"https:\/\/www.kartes.lv\/lt\/wp-json\/wp\/v2\/types\/product"}],"replies":[{"embeddable":true,"href":"https:\/\/www.kartes.lv\/lt\/wp-json\/wp\/v2\/comments?post=9271"}],"wp:featuredmedia":[{"embeddable":true,"href":"https:\/\/www.kartes.lv\/lt\/wp-json\/wp\/v2\/media\/9272"}],"wp:attachment":[{"href":"https:\/\/www.kartes.lv\/lt\/wp-json\/wp\/v2\/media?parent=9271"}],"wp:term":[{"taxonomy":"product_brand","embeddable":true,"href":"https:\/\/www.kartes.lv\/lt\/wp-json\/wp\/v2\/product_brand?post=9271"},{"taxonomy":"product_cat","embeddable":true,"href":"https:\/\/www.kartes.lv\/lt\/wp-json\/wp\/v2\/product_cat?post=9271"},{"taxonomy":"product_tag","embeddable":true,"href":"https:\/\/www.kartes.lv\/lt\/wp-json\/wp\/v2\/product_tag?post=9271"}],"curies":[{"name":"wp","href":"https:\/\/api.w.org\/{rel}","templated":true}]}}