{"id":9799,"date":"2020-03-26T14:07:45","date_gmt":"2020-03-26T12:07:45","guid":{"rendered":"https:\/\/www.kartes.lv\/?post_type=product&#038;p=9799"},"modified":"2026-02-02T11:28:38","modified_gmt":"2026-02-02T09:28:38","slug":"gramata-liela-latvijas-senu-gramata","status":"publish","type":"product","link":"https:\/\/www.kartes.lv\/lt\/product\/gramata-liela-latvijas-senu-gramata\/","title":{"rendered":"The Great Latvian Mushroom Book (in Latvian)"},"content":{"rendered":"<p>\u201cThe Great Latvian Mushroom Book&#8221;\u00a0 is the most comprehensive publication about fungi of Latvia. The book includes more than 730 species of fungus illustrated with more than 1120 photographs.<\/p>\n<p>It is intended for nature enthusiasts, mushroom pickers and mushroom photographers to aid identifying species and learning about the diversity of them.<\/p>\n<p>Authors Inita D\u0101niele and Di\u0101na Meiere are mycologists currently working at the Latvian Museum of Natural History.<\/p>\n<p>Publishers of the book are the Latvian Museum of Natural History and SIA J\u0101\u0146a s\u0113ta.<\/p>","protected":false},"excerpt":{"rendered":"<p>Edition of the year 2020<br \/>\nSize 17,2 x 24 cm<br \/>\n528 pages<br \/>\nEditors and authors: Inita D\u0101niele, Di\u0101na Meiere<br \/>\nEditor: Ilze Ant\u0113na<br \/>\nDesigner L\u012bga Dubrovska<\/p>\n","protected":false},"featured_media":9807,"comment_status":"closed","ping_status":"closed","template":"","meta":[],"product_brand":[],"product_cat":[12,14,86],"product_tag":[],"class_list":{"0":"post-9799","1":"product","2":"type-product","3":"status-publish","4":"has-post-thumbnail","6":"product_cat-gramatas","7":"product_cat-izglitojosie-izdevumi","8":"product_cat-davanas","10":"first","11":"instock","12":"featured","13":"taxable","14":"shipping-taxable","15":"purchasable","16":"product-type-simple"},"_links":{"self":[{"href":"https:\/\/www.kartes.lv\/lt\/wp-json\/wp\/v2\/product\/9799","targetHints":{"allow":["GET"]}}],"collection":[{"href":"https:\/\/www.kartes.lv\/lt\/wp-json\/wp\/v2\/product"}],"about":[{"href":"https:\/\/www.kartes.lv\/lt\/wp-json\/wp\/v2\/types\/product"}],"replies":[{"embeddable":true,"href":"https:\/\/www.kartes.lv\/lt\/wp-json\/wp\/v2\/comments?post=9799"}],"wp:featuredmedia":[{"embeddable":true,"href":"https:\/\/www.kartes.lv\/lt\/wp-json\/wp\/v2\/media\/9807"}],"wp:attachment":[{"href":"https:\/\/www.kartes.lv\/lt\/wp-json\/wp\/v2\/media?parent=9799"}],"wp:term":[{"taxonomy":"product_brand","embeddable":true,"href":"https:\/\/www.kartes.lv\/lt\/wp-json\/wp\/v2\/product_brand?post=9799"},{"taxonomy":"product_cat","embeddable":true,"href":"https:\/\/www.kartes.lv\/lt\/wp-json\/wp\/v2\/product_cat?post=9799"},{"taxonomy":"product_tag","embeddable":true,"href":"https:\/\/www.kartes.lv\/lt\/wp-json\/wp\/v2\/product_tag?post=9799"}],"curies":[{"name":"wp","href":"https:\/\/api.w.org\/{rel}","templated":true}]}}