{"id":10,"date":"2016-08-19T14:20:54","date_gmt":"2016-08-19T12:20:54","guid":{"rendered":"http:\/\/wp4.kartes.lv\/?page_id=10"},"modified":"2024-07-10T17:17:16","modified_gmt":"2024-07-10T14:17:16","slug":"contacts","status":"publish","type":"page","link":"https:\/\/www.kartes.lv\/lv\/contacts\/","title":{"rendered":"Kontakti"},"content":{"rendered":"<p><\/p>\n<div class=\"row\">\n<div class=\"col-md-5 col-sm-12 col-xs-12\" style=\"overflow: hidden;\">\n<div class=\"address-box\">\n<h3>SIA &#8220;J\u0101\u0146a s\u0113ta&#8221;<\/h3>\n<div class=\"address-contact\">\n<div class=\"address-content\">Krasta iela 105a, R\u012bga, Latvija, LV-1019<\/div>\n<div class=\"address-content\">T\u0101lr. +371 67317540<\/div>\n<div class=\"address-content\">E-pasts\u00a0<a href=\"mailto:kartes@kartes.lv\">kartes@kartes.lv<\/a><\/div>\n<div class=\"address-contact\">Interneta veikals\u00a0<a href=\"mailto:shop@kartes.lv\">shop@kartes.lv<\/a><\/div>\n<\/div>\n<\/div>\n<div class=\"contact-form wow\" style=\"visibility: visible;\">\n<div class=\"screen-reader-response\">Vienotais re\u0123istr\u0101cijas nr. 40003426448<\/div>\n<div class=\"screen-reader-response\">PVN re\u0123istr\u0101cijas nr. LV40003426448<\/div>\n<div class=\"screen-reader-response\">Swedbank, HABALV22, konta nr. LV98HABA0551002174933<\/div>\n<div class=\"screen-reader-response\">SEB banka, UNLALV2X, konta nr. LV59UNLA0034108263100<\/div>\n<h3 style=\"margin-top: 40px;\">Sazinieties ar mums<\/h3>\n\n<div class=\"wpcf7 no-js\" id=\"wpcf7-f14-o1\" lang=\"en-US\" dir=\"ltr\" data-wpcf7-id=\"14\">\n<div class=\"screen-reader-response\"><p role=\"status\" aria-live=\"polite\" aria-atomic=\"true\"><\/p> <ul><\/ul><\/div>\n<form action=\"\/lv\/wp-json\/wp\/v2\/pages\/10#wpcf7-f14-o1\" method=\"post\" class=\"wpcf7-form init\" aria-label=\"Contact form\" novalidate=\"novalidate\" data-status=\"init\">\n<fieldset class=\"hidden-fields-container\"><input type=\"hidden\" name=\"_wpcf7\" value=\"14\" \/><input type=\"hidden\" name=\"_wpcf7_version\" value=\"6.1.5\" \/><input type=\"hidden\" name=\"_wpcf7_locale\" value=\"en_US\" \/><input type=\"hidden\" name=\"_wpcf7_unit_tag\" value=\"wpcf7-f14-o1\" \/><input type=\"hidden\" name=\"_wpcf7_container_post\" value=\"0\" \/><input type=\"hidden\" name=\"_wpcf7_posted_data_hash\" value=\"\" \/><input type=\"hidden\" name=\"_cf7a__timestamp\" value=\"wFF6eEgHAhBgZ\/bC0A6WKw==\" \/><input type=\"hidden\" name=\"_cf7a_version\" value=\"1.0\" \/><input type=\"hidden\" name=\"_cf7a_address\" value=\"\" \/><input type=\"hidden\" name=\"_cf7a_referer\" value=\"\" \/><input type=\"hidden\" name=\"_cf7a_protocol\" value=\"\" \/><input type=\"hidden\" name=\"_cf7a_bot_fingerprint\" value=\"wFF6eEgHAhBgZ\/bC0A6WKw==\" \/><input type=\"hidden\" name=\"_cf7a_bot_fingerprint_extras\" \/><input type=\"hidden\" name=\"_cf7a_append_on_submit\" \/>\n<\/fieldset>\n<p><label> J\u016bsu e-pasts (Oblig\u0101ts)<br \/>\n<\/label><br \/>\n<span class=\"wpcf7-form-control-wrap\" data-name=\"your-email\"><input size=\"40\" maxlength=\"400\" class=\"wpcf7-form-control wpcf7-email wpcf7-validates-as-required wpcf7-text wpcf7-validates-as-email\" aria-required=\"true\" aria-invalid=\"false\" value=\"\" type=\"email\" name=\"your-email\" \/><\/span>\n<\/p>\n<p><label> T\u0113ma<br \/>\n<\/label><br \/>\n<span class=\"wpcf7-form-control-wrap\" data-name=\"your-subject\"><input size=\"40\" maxlength=\"400\" class=\"wpcf7-form-control wpcf7-text\" aria-invalid=\"false\" value=\"\" type=\"text\" name=\"your-subject\" \/><input type=\"text\" name=\"email\" value=\"\" autocomplete=\"fill\" class=\"fit-the-fullspace\" aria-hidden=\"true\" tabindex=\"-1\" \/><\/span>\n<\/p>\n<p><label> J\u016bsu zi\u0146a mums<br \/>\n<\/label><br \/>\n<span class=\"wpcf7-form-control-wrap\" data-name=\"your-message\"><textarea cols=\"40\" rows=\"10\" maxlength=\"2000\" class=\"wpcf7-form-control wpcf7-textarea\" aria-invalid=\"false\" name=\"your-message\"><\/textarea><\/span><br \/>\n<input class=\"wpcf7-form-control wpcf7-submit has-spinner\" type=\"submit\" value=\"S\u016bt\u012bt\" \/>\n<\/p><div class=\"wpcf7-response-output\" aria-hidden=\"true\"><\/div>\n<\/form>\n<\/div>\n\n<\/div>\n<\/div>\n<div class=\"col-md-7 col-sm-12 col-xs-12\"><iframe loading=\"lazy\" src=\"https:\/\/projects.kartes.lv\/location\/?lv&amp;zoom=15\" width=\"100%\" height=\"705\" frameborder=\"0\"><\/iframe><\/div>\n<\/div>\n<p><\/p>","protected":false},"excerpt":{"rendered":"<p>SIA &#8220;J\u0101\u0146a s\u0113ta&#8221; Krasta iela 105a, R\u012bga, Latvija, LV-1019 T\u0101lr. +371 67317540 E-pasts\u00a0kartes@kartes.lv Interneta veikals\u00a0shop@kartes.lv Vienotais re\u0123istr\u0101cijas nr. 40003426448 PVN re\u0123istr\u0101cijas nr. LV40003426448 Swedbank, HABALV22, konta nr. LV98HABA0551002174933 SEB banka, &#8230;<\/p>\n","protected":false},"author":4,"featured_media":0,"parent":0,"menu_order":0,"comment_status":"closed","ping_status":"closed","template":"","meta":{"footnotes":""},"class_list":["post-10","page","type-page","status-publish","hentry"],"_links":{"self":[{"href":"https:\/\/www.kartes.lv\/lv\/wp-json\/wp\/v2\/pages\/10","targetHints":{"allow":["GET"]}}],"collection":[{"href":"https:\/\/www.kartes.lv\/lv\/wp-json\/wp\/v2\/pages"}],"about":[{"href":"https:\/\/www.kartes.lv\/lv\/wp-json\/wp\/v2\/types\/page"}],"author":[{"embeddable":true,"href":"https:\/\/www.kartes.lv\/lv\/wp-json\/wp\/v2\/users\/4"}],"replies":[{"embeddable":true,"href":"https:\/\/www.kartes.lv\/lv\/wp-json\/wp\/v2\/comments?post=10"}],"version-history":[{"count":123,"href":"https:\/\/www.kartes.lv\/lv\/wp-json\/wp\/v2\/pages\/10\/revisions"}],"predecessor-version":[{"id":18794,"href":"https:\/\/www.kartes.lv\/lv\/wp-json\/wp\/v2\/pages\/10\/revisions\/18794"}],"wp:attachment":[{"href":"https:\/\/www.kartes.lv\/lv\/wp-json\/wp\/v2\/media?parent=10"}],"curies":[{"name":"wp","href":"https:\/\/api.w.org\/{rel}","templated":true}]}}