{"id":10844,"date":"2020-05-07T11:39:39","date_gmt":"2020-05-07T08:39:39","guid":{"rendered":"https:\/\/www.kartes.lv\/?page_id=10844"},"modified":"2021-10-27T10:23:40","modified_gmt":"2021-10-27T07:23:40","slug":"karsu-automats","status":"publish","type":"page","link":"https:\/\/www.kartes.lv\/lv\/karsu-automats\/","title":{"rendered":"Kar\u0161u autom\u0101ts"},"content":{"rendered":"<p><\/p>\n<h2><\/h2>\n<div class=\"section-title-area\" style=\"text-align: left;\">\n<h2 class=\"section-title\" style=\"font-size: 24px;\">kAr\u0161u autom\u0101ts \u2013 T\u016brisma inform\u0101cijas punkts 24\/7<\/h2>\n<\/div>\n<div class=\"row\">\n<div class=\"col-lg-12 col-sm-12 wow slideInUp\" style=\"visibility: visible; animation-name: slideInUp;\">\n<div class=\"col-lg-4 col-sm-4\" style=\"text-align: center;\"><img loading=\"lazy\" decoding=\"async\" class=\"alignnone wp-image-10890 size-medium\" src=\"https:\/\/www.kartes.lv\/wp-content\/uploads\/2020\/05\/map-machine-1-300x150.png\" alt=\"\" width=\"300\" height=\"150\" srcset=\"https:\/\/www.kartes.lv\/wp-content\/uploads\/2020\/05\/map-machine-1-300x150.png 300w, https:\/\/www.kartes.lv\/wp-content\/uploads\/2020\/05\/map-machine-1.png 400w\" sizes=\"auto, (max-width: 300px) 100vw, 300px\" \/><\/div>\n<div class=\"col-lg-8 col-sm-8\">\n<p>\u00b7 Dodoties apce\u013cot apkaimi, kur tuvum\u0101 neatrodas T\u016brisma inform\u0101cijas centrs, ce\u013cot\u0101js var sa\u0146emt aktu\u0101lo un noder\u012bgo inform\u0101ciju vienuviet \u2013 kart\u0113.<br \/>\n\u00b7 Karte pieejama 24\/7 kar\u0161u autom\u0101t\u0101<br \/>\n\u00b7 Ce\u013cot\u0101jiem bez maksas<br \/>\n\u00b7 Inform\u0101cijas aktualiz\u0113\u0161anu kart\u0113s izv\u0113las T\u016brisma inform\u0101cijas centrs<\/p>\n<\/div>\n<\/div>\n<\/div>\n<section id=\"sec2\" class=\"section-padding onepage-section\">\n<div class=\"container\">\n<div class=\"section-title-area\" style=\"text-align: left;\">\n<h2 class=\"section-title\" style=\"font-size: 24px;\">lOc\u012bt\u0101 karte<\/h2>\n<\/div>\n<div class=\"row\">\n<div class=\"col-lg-12 col-sm-12 wow slideInUp\" style=\"visibility: visible; animation-name: slideInUp;\">\n<div class=\"col-lg-4 col-sm-4\" style=\"text-align: center;\"><img loading=\"lazy\" decoding=\"async\" class=\"alignnone wp-image-10889 size-medium\" src=\"https:\/\/www.kartes.lv\/wp-content\/uploads\/2020\/05\/map-machine-3-300x150.png\" alt=\"\" width=\"300\" height=\"150\" srcset=\"https:\/\/www.kartes.lv\/wp-content\/uploads\/2020\/05\/map-machine-3-300x150.png 300w, https:\/\/www.kartes.lv\/wp-content\/uploads\/2020\/05\/map-machine-3.png 400w\" sizes=\"auto, (max-width: 300px) 100vw, 300px\" \/><\/div>\n<div class=\"col-lg-8 col-sm-8\">\u00b7 Augstas kvalit\u0101tes pap\u012brs<br \/>\n\u00b7 Paroc\u012bgs kartes izm\u0113rs saloc\u012bt\u0101 veid\u0101<br \/>\n\u00b7 Tr\u012bs standartiz\u0113ti kartes izm\u0113ri (612\u00d7420 mm, 700\u00d7500 mm, 840\u00d7550 mm)<br \/>\n\u00b7 Standartiz\u0113ts makets \u0113rtai un \u0101trai inform\u0101cijas aktualiz\u0113\u0161anai<\/div>\n<\/div>\n<\/div>\n<\/div>\n<\/section>\n<section id=\"sec3\" class=\"section-padding onepage-section\">\n<div class=\"container\">\n<div class=\"section-title-area\" style=\"text-align: left;\">\n<h2 class=\"section-title\" style=\"font-size: 24px;\">Par kar\u0161u autom\u0101tiem<\/h2>\n<\/div>\n<div class=\"row\">\n<div class=\"col-lg-12 col-sm-12 wow slideInUp\" style=\"visibility: visible; animation-name: slideInUp;\">\n<div class=\"col-lg-4 col-sm-4\" style=\"text-align: center;\"><img loading=\"lazy\" decoding=\"async\" class=\"alignnone wp-image-10888 size-medium\" src=\"https:\/\/www.kartes.lv\/wp-content\/uploads\/2020\/05\/map-machine-2-300x150.png\" alt=\"\" width=\"300\" height=\"150\" srcset=\"https:\/\/www.kartes.lv\/wp-content\/uploads\/2020\/05\/map-machine-2-300x150.png 300w, https:\/\/www.kartes.lv\/wp-content\/uploads\/2020\/05\/map-machine-2.png 400w\" sizes=\"auto, (max-width: 300px) 100vw, 300px\" \/><\/div>\n<div class=\"col-lg-8 col-sm-8\">\n<p>\u00b7 Kar\u0161u autom\u0101ti izvietojami gan telp\u0101s, gan \u0101r\u0101<br \/>\n\u00b7 Iesp\u0113jami divi novieto\u0161anas veidi \u2013 br\u012bvi st\u0101vo\u0161s vai stiprin\u0101ms pie vertik\u0101las plaknes, piem\u0113ram, pie sienas<br \/>\n\u00b7 Nav nepiecie\u0161ama elektr\u012bba, tie darbojas ar akumulatoru<br \/>\n\u00b7 Iztur\u012bga t\u0113rauda konstrukcija<br \/>\n\u00b7 Iesp\u0113ja personaliz\u0113t dizainu<\/p>\n<\/div>\n<\/div>\n<\/div>\n<\/div>\n<\/section>\n<section id=\"sec3\" class=\"section-padding onepage-section\">\n<div class=\"container\"><\/div>\n<\/section>\n<p>Kar\u0161u autom\u0101ti ir izplat\u012bti Somij\u0101, kur sadarb\u012bb\u0101 ar viet\u0113j\u0101m pa\u0161vald\u012bb\u0101m kar\u0161u autom\u0101ti uzst\u0101d\u012bti un nodro\u0161ina bezmaksas kartes pieejam\u012bbu t\u016bristiem visu cauru diennakti vair\u0101k nek\u0101 110 pa\u0161vald\u012bb\u0101s. Kartes ar aktu\u0101lo t\u016brisma inform\u0101ciju vienm\u0113r pieejamas viet\u0101s, kur tuvum\u0101 nav T\u016brisma inform\u0101cijas centrs vai p\u0113c T\u016brisma inform\u0101cijas centra darba laika beig\u0101m. T\u0101 sadarb\u012bb\u0101 ar viet\u0113j\u0101m pa\u0161vald\u012bb\u0101m nodro\u0161in\u0101m prec\u012bzas kartes un pieejamu inform\u0101ciju t\u016bristiem.<\/p>\n<p><video controls=\"controls\" width=\"445\" height=\"445\"><source src=\"\/\/kartes.lv\/video\/Kartes_Map_Machine.mp4\" type=\"video\/mp4\" \/><\/video><\/p>\n<p>NB! SIA &#8220;Kar\u0161u izdevniec\u012bba J\u0101\u0146a s\u0113ta&#8221; nodro\u0161ina kar\u0161u lieto\u0161anas ties\u012bbas.<\/p>\n<p>&nbsp;<\/p>\n<div class=\"section-title-area\" style=\"text-align: left;\">\n<h2 class=\"section-title\" style=\"font-size: 24px;\">SAZINIES AR MUMS<\/h2>\n<\/div>\n<div class=\"row\">\n<div class=\"col-lg-12 col-sm-12 wow slideInUp\" style=\"visibility: visible; animation-name: slideInUp;\">\n<div class=\"col-lg-5 col-sm-5\">\n<p><img loading=\"lazy\" decoding=\"async\" class=\"alignnone wp-image-4969 size-medium\" src=\"https:\/\/www.kartes.lv\/wp-content\/uploads\/2016\/08\/ValdisS_labots_800x400-300x150.jpg\" alt=\"\" width=\"300\" height=\"150\" srcset=\"https:\/\/www.kartes.lv\/wp-content\/uploads\/2016\/08\/ValdisS_labots_800x400-300x150.jpg 300w, https:\/\/www.kartes.lv\/wp-content\/uploads\/2016\/08\/ValdisS_labots_800x400-400x200.jpg 400w, https:\/\/www.kartes.lv\/wp-content\/uploads\/2016\/08\/ValdisS_labots_800x400-600x300.jpg 600w, https:\/\/www.kartes.lv\/wp-content\/uploads\/2016\/08\/ValdisS_labots_800x400-768x384.jpg 768w, https:\/\/www.kartes.lv\/wp-content\/uploads\/2016\/08\/ValdisS_labots_800x400.jpg 800w\" sizes=\"auto, (max-width: 300px) 100vw, 300px\" \/><\/p>\n<h5 style=\"font-weight: 800;\">VALDIS \u0160MITS<\/h5>\n<hr \/>\n<p><strong>P\u0101rdo\u0161anas\u00a0vad\u012bt\u0101js<\/strong><\/p>\n<hr \/>\n<p><strong>T\u0101lrunis:<\/strong>\u00a0+371 22019364<br \/>\n<strong>E-pasts:<\/strong>\u00a0<a href=\"mailto:valdis.smits@kartes.lv\">valdis.smits@kartes.lv<\/a><\/p>\n<\/div>\n<div class=\"col-lg-7 col-sm-7\">\n<div class=\"contact-form wow\" style=\"visibility: visible;\">\n<div id=\"wpcf7-f14-o1\" class=\"wpcf7\" dir=\"ltr\" lang=\"en-US\">\n<div class=\"screen-reader-response\"><\/div>\n<p style=\"text-align: left;\">Sazinieties ar mums, lai sa\u0146emtu pied\u0101v\u0101jumu savu ieceru realiz\u0113\u0161anai!<\/p>\n<form class=\"wpcf7-form\" action=\"https:\/\/www.kartes.lv\/lv\/#wpcf7-f14-o1\" method=\"post\" novalidate=\"novalidate\"><label>J\u016bsu e-pasts (Oblig\u0101ts)<br \/>\n<span class=\"wpcf7-form-control-wrap your-email\"><input class=\"wpcf7-form-control wpcf7-text wpcf7-email wpcf7-validates-as-required wpcf7-validates-as-email\" name=\"your-email\" size=\"40\" type=\"email\" value=\"\" \/><\/span><\/label><label>T\u0113ma<br \/>\n<span class=\"wpcf7-form-control-wrap your-subject\"><input class=\"wpcf7-form-control wpcf7-text\" name=\"your-subject\" size=\"40\" type=\"text\" value=\"\" \/><\/span><\/label><label>J\u016bsu zi\u0146a mums<br \/>\n<span class=\"wpcf7-form-control-wrap your-message\"><textarea class=\"wpcf7-form-control wpcf7-textarea\" cols=\"40\" name=\"your-message\" rows=\"10\"><\/textarea><\/span><\/label><input class=\"wpcf7-form-control wpcf7-submit\" type=\"submit\" value=\"S\u016bt\u012bt\" \/><img decoding=\"async\" class=\"ajax-loader\" style=\"visibility: hidden;\" src=\"https:\/\/www.kartes.lv\/wp-content\/plugins\/contact-form-7\/images\/ajax-loader.gif\" alt=\"Sending ...\" \/><\/p>\n<div class=\"wpcf7-response-output wpcf7-display-none\"><\/div>\n<\/form>\n<\/div>\n<\/div>\n<\/div>\n<\/div>\n<\/div>\n<div class=\"section-title-area\" style=\"text-align: left;\">\n<h2 class=\"section-title\" style=\"font-size: 24px;\"><img decoding=\"async\" class=\"ajax-loader\" style=\"visibility: hidden;\" src=\"https:\/\/www.kartes.lv\/wp-content\/plugins\/contact-form-7\/images\/ajax-loader.gif\" alt=\"Sending ...\" \/><\/h2>\n<\/div>\n<p><\/p>","protected":false},"excerpt":{"rendered":"<p>kAr\u0161u autom\u0101ts \u2013 T\u016brisma inform\u0101cijas punkts 24\/7 \u00b7 Dodoties apce\u013cot apkaimi, kur tuvum\u0101 neatrodas T\u016brisma inform\u0101cijas centrs, ce\u013cot\u0101js var sa\u0146emt aktu\u0101lo un noder\u012bgo inform\u0101ciju vienuviet \u2013 kart\u0113. \u00b7 Karte pieejama &#8230;<\/p>\n","protected":false},"author":45,"featured_media":0,"parent":0,"menu_order":0,"comment_status":"closed","ping_status":"closed","template":"","meta":{"footnotes":""},"class_list":["post-10844","page","type-page","status-publish","hentry"],"_links":{"self":[{"href":"https:\/\/www.kartes.lv\/lv\/wp-json\/wp\/v2\/pages\/10844","targetHints":{"allow":["GET"]}}],"collection":[{"href":"https:\/\/www.kartes.lv\/lv\/wp-json\/wp\/v2\/pages"}],"about":[{"href":"https:\/\/www.kartes.lv\/lv\/wp-json\/wp\/v2\/types\/page"}],"author":[{"embeddable":true,"href":"https:\/\/www.kartes.lv\/lv\/wp-json\/wp\/v2\/users\/45"}],"replies":[{"embeddable":true,"href":"https:\/\/www.kartes.lv\/lv\/wp-json\/wp\/v2\/comments?post=10844"}],"version-history":[{"count":51,"href":"https:\/\/www.kartes.lv\/lv\/wp-json\/wp\/v2\/pages\/10844\/revisions"}],"predecessor-version":[{"id":12525,"href":"https:\/\/www.kartes.lv\/lv\/wp-json\/wp\/v2\/pages\/10844\/revisions\/12525"}],"wp:attachment":[{"href":"https:\/\/www.kartes.lv\/lv\/wp-json\/wp\/v2\/media?parent=10844"}],"curies":[{"name":"wp","href":"https:\/\/api.w.org\/{rel}","templated":true}]}}