{"id":11403,"date":"2020-08-04T13:36:48","date_gmt":"2020-08-04T10:36:48","guid":{"rendered":"https:\/\/www.kartes.lv\/?page_id=11403"},"modified":"2025-11-13T13:31:18","modified_gmt":"2025-11-13T11:31:18","slug":"geodatu-servisi","status":"publish","type":"page","link":"https:\/\/www.kartes.lv\/lv\/geodatu-servisi\/","title":{"rendered":"\u0122eodatu servisi"},"content":{"rendered":"<p>\u201cJ\u0101\u0146a s\u0113ta\u201d ir rad\u012bjusi pla\u0161u \u0123eotelpisko servisu API kl\u0101stu, kas paredz\u0113ts da\u017e\u0101d\u0101m biznesa vajadz\u012bb\u0101m, s\u0101kot no t\u016brisma jomas, beidzot ar lauka darbu pl\u0101no\u0161anu un lo\u0123istiku. \u201cJ\u0101\u0146a s\u0113ta\u201d, pamatojoties uz saviem un citu pieg\u0101d\u0101t\u0101ju datiem par Baltiju, pied\u0101v\u0101 da\u017e\u0101dus kar\u0161u servisus, mar\u0161rut\u0113\u0161anu, adre\u0161u mekl\u0113\u0161anu, koordin\u0101tu atgrie\u0161anu un citus specifiskus API.<br \/>\nJa v\u0113laties s\u0101kt lietot vai izm\u0113\u0123in\u0101t m\u016bsu servisus, rakstiet <a href=\"mailto:kartes@kartes.lv\">kartes@kartes.lv<\/a>. Ja Jums ir aktu\u0101la vajadz\u012bba p\u0113c citiem specifiskiem API vai to modifik\u0101cijas, sazinieties ar mums\u00a0\u2013\u00a0esam atv\u0113rti individu\u0101liem risin\u0101jumiem!<\/p>\n<p>Visu servisu dokument\u0101cija ir pieejama \u0161eit:\u00a0<strong><a href=\"https:\/\/developers.kartes.lv\/\" target=\"_blank\" rel=\"noopener noreferrer\">developers.kartes.lv<\/a><\/strong>.<\/p>\n<p><strong>PAMATKARTES<\/strong><br \/>\nDigit\u0101l\u0101s kartes ir lielisks inform\u0101cijas avots par Baltiju un var b\u016bt r\u012bks ikdienas darbam (piem\u0113ram, kart\u0113\u0161anai, objektu atra\u0161anai, pl\u0101no\u0161anai) vai fons datu att\u0113lo\u0161anai gan t\u012bmek\u013ca risin\u0101jumos, gan \u0122IS programm\u0101s. Kartes pieejamas vektoru un rastra form\u0101t\u0101.<\/p>\n<ul>\n<li><a href=\"https:\/\/developers.kartes.lv\/lv\/wms\/\" target=\"_blank\" rel=\"noopener noreferrer\">Rastra karte<\/a> \u2013 \u201cJ\u0101\u0146a s\u0113tas\u201d rastra pamatkarte WMS un WMTS form\u0101t\u0101. Pieejama gan kr\u0101sain\u0101 (tradicion\u0101l\u0101), gan melnbalt\u0101 (<em>grayscale<\/em>) versija k\u0101 WGS, t\u0101 ar\u012b LKS-92 projekcij\u0101s.<\/li>\n<li>Vektorkarte \u2013 vektoru pamatkarte, kas atbilst <em>Mapbox <\/em>specifik\u0101cijai un ir izmantojama t\u012bmek\u013ca risin\u0101jumos. Pieejamas vair\u0101kas vektorkar\u0161u papildfunkcionalit\u0101tes: kartes rot\u0101cija, 3D skats un stilu mai\u0146a.<\/li>\n<li>Intere\u0161u punkti \u2013 intere\u0161u punktu (<em>POI<\/em>) vektoru sl\u0101nis, veidots atbilsto\u0161i <em>Mapbox<\/em> specifik\u0101cijai. Izmantojams kop\u0101 ar vektorkarti vai atsevi\u0161\u0137i.<\/li>\n<li>Hibr\u012bdkarte \u2013 nosaukumu (adreses, apdz\u012bvotas vietas, hidrogr\u0101fija, ielu nosaukumi u.c.) un line\u0101ru objektu (ielu, robe\u017eu, dzelzce\u013cu) sl\u0101nis uz ortofoto pamatnes, veidots atbilsto\u0161i <em>Mapbox<\/em> specifik\u0101cijai.<\/li>\n<\/ul>\n<p><strong>ADRE\u0160U SERVISI<\/strong><br \/>\nAdre\u0161u servisiem ir visliel\u0101k\u0101 saist\u012bba ar atra\u0161an\u0101s vietu. \u201cJ\u0101\u0146a s\u0113tas\u201d adre\u0161u dati aptver visu Latviju, Igauniju un Lietuvu un balst\u0101s ofici\u0101lo datu sniedz\u0113ju re\u0123istros.<\/p>\n<ul>\n<li><a href=\"https:\/\/developers.kartes.lv\/lv\/geocoding\/\" target=\"_blank\" rel=\"noopener noreferrer\">\u0122eokod\u0113\u0161ana<\/a> \u2013 mekl\u0113 adreses p\u0113c teksta rindas, kas atgrie\u017e \u0123eogr\u0101fisk\u0101s koordin\u0101tas un normaliz\u0113tu adresi. Piem\u0113rota koordin\u0101tu ieg\u016b\u0161anai no adre\u0161u sarakstiem, adreses atra\u0161anai un vizualiz\u0113\u0161anai uz kartes.<\/li>\n<li><a href=\"https:\/\/developers.kartes.lv\/lv\/reverse-geocoding\/\" target=\"_blank\" rel=\"noopener noreferrer\">Revers\u0101 \u0123eokod\u0113\u0161ana<\/a> \u2013 par\u0101da tuv\u0101ko adresi p\u0113c koordin\u0101t\u0101m (da\u017e\u0101d\u0101s koordin\u0101tu sist\u0113m\u0101s). Svar\u012bga nozar\u0113m, kas izmanto konkr\u0113to atra\u0161an\u0101s vietu, autotransporta seko\u0161anas servisam, \u0101rk\u0101rtas dienestiem, p\u0101rtikas un s\u016bt\u012bjumu pieg\u0101d\u0113m.<\/li>\n<li><a href=\"https:\/\/developers.kartes.lv\/lv\/search\/\" target=\"_blank\" rel=\"noopener noreferrer\">Mekl\u0113\u0161ana<\/a> \u2013 <em>autocomplete<\/em> mekl\u0113t\u0101js, kas mekl\u0113 da\u017e\u0101dos \u201cJ\u0101\u0146a s\u0113tas\u201d datu sl\u0101\u0146os: adreses, apdz\u012bvot\u0101s vietas, administrat\u012bvi teritori\u0101l\u0101s vien\u012bbas, intere\u0161u punkti, ielas, upes un ezeri. L\u012bnijas un laukuma veida objektiem atgrie\u017e ar\u012b \u0123eometriju.<\/li>\n<li><a href=\"https:\/\/developers.kartes.lv\/lv\/apartments\/\" target=\"_blank\" rel=\"noopener noreferrer\">Dz\u012bvok\u013cu serviss<\/a> \u2013 par\u0101da visus dz\u012bvok\u013cus vaic\u0101tajai adresei.<\/li>\n<li><a href=\"https:\/\/developers.kartes.lv\/lv\/districts\/\" target=\"_blank\" rel=\"noopener noreferrer\">R\u012bgas apkaimes<\/a> \u2013 pasaka, kur\u0101 apkaim\u0113 atrodas pras\u012bt\u0101s koordin\u0101tas.<\/li>\n<li><a href=\"https:\/\/developers.kartes.lv\/lv\/postal_codes\/\" target=\"_blank\" rel=\"noopener noreferrer\">Pasta poligoni<\/a> \u2013 par\u0101da vaic\u0101t\u0101 pasta indeksa vai indeksu poligonu.<\/li>\n<\/ul>\n<p><strong>MAR\u0160RUT\u0112\u0160ANA<\/strong><br \/>\n\u201cJ\u0101\u0146a s\u0113ta\u201d uztur kvalitat\u012bv\u0101kos un visaptvero\u0161\u0101kos ce\u013cu datus par Latviju, k\u0101 ar\u012b izmanto \u201cOpenStreetMap\u201d datus par Igauniju un Lietuvu. Tas nodro\u0161ina visprec\u012bz\u0101ko mar\u0161rut\u0113\u0161anu Baltij\u0101, \u0146emot v\u0113r\u0101 ce\u013cu kategorijas, seguma veidu, at\u013cauto brauk\u0161anas \u0101trumu un aizliegtos pagriezienus.<\/p>\n<ul>\n<li><a href=\"https:\/\/developers.kartes.lv\/lv\/routing\/\" target=\"_blank\" rel=\"noopener noreferrer\">Mar\u0161rutu izveide<\/a> \u2013 \u013cauj izveidot autotransporta mar\u0161rutu starp diviem vai vair\u0101k punktiem. Pieejama ar\u012b modifik\u0101cija operat\u012bv\u0101 transporta mar\u0161rut\u0113\u0161anai.<\/li>\n<li><a href=\"https:\/\/developers.kartes.lv\/lv\/routing\/#marrutuoptimizcijasserviss\" target=\"_blank\" rel=\"noopener noreferrer\">Mar\u0161rutu optimiz\u0101cija<\/a> \u2013 \u013cauj sak\u0101rtot punktus visoptim\u0101l\u0101kaj\u0101 sec\u012bb\u0101 gan ap\u013cveida, gan line\u0101riem mar\u0161rutiem vair\u0101ku apmekl\u0113jamo punktu gad\u012bjum\u0101.<\/li>\n<li><a href=\"https:\/\/developers.kartes.lv\/lv\/routing\/#attlumutabulasdistancematrixserviss\" target=\"_blank\" rel=\"noopener noreferrer\">Att\u0101lumu matrica<\/a> \u2013 dod att\u0101lumu matricu (att\u0101lumu un laiku) starp vair\u0101kiem punktiem.<\/li>\n<\/ul>\n<p><strong>CITI SERVISI<\/strong><br \/>\n\u201cJ\u0101\u0146a s\u0113ta\u201d pied\u0101v\u0101 ar\u012b da\u017e\u0101dus specifiskus \u0123eodatu API. Ja v\u0113laties kaut ko papildus \u0161eit pied\u0101v\u0101tajam, l\u016bdzu, rakstiet <a href=\"mailto:kartes@kartes.lv\">kartes@kartes.lv<\/a>.<\/p>\n<ul>\n<li><a href=\"https:\/\/developers.kartes.lv\/lv\/speed_limits\/\" target=\"_blank\" rel=\"noopener noreferrer\">\u0100truma ierobe\u017eojumi<\/a> \u2013 par\u0101da noteiktaj\u0101 viet\u0101 eso\u0161o autotransporta brauk\u0161anas \u0101truma ierobe\u017eojumu.<\/li>\n<li><a href=\"https:\/\/developers.kartes.lv\/lv\/trafficjam\/\" target=\"_blank\" rel=\"noopener noreferrer\">Sastr\u0113gumi<\/a> \u2013 pied\u0101v\u0101 tie\u0161saistes inform\u0101ciju par satiksmes pl\u016bsmu R\u012bg\u0101 un Pier\u012bg\u0101.<\/li>\n<li><a href=\"https:\/\/developers.kartes.lv\/lv\/speedcameras\/\" target=\"_blank\" rel=\"noopener noreferrer\">Fotoradari<\/a> \u2013 par\u0101da sarakstu ar fotoradaru atra\u0161an\u0101s viet\u0101m un aprakstu par tiem.<\/li>\n<li><a href=\"https:\/\/developers.kartes.lv\/lv\/intersections\/\" target=\"_blank\" rel=\"noopener noreferrer\">Ielu krustojumi<\/a> \u2013 dod koordin\u0101tas un \u0123eometriju konkr\u0113tiem divu ielu krustojumiem.<\/li>\n<li><a href=\"https:\/\/developers.kartes.lv\/lv\/km-signs\/\" target=\"_blank\" rel=\"noopener noreferrer\">Kilometru z\u012bmes<\/a> \u2013 dod koordin\u0101tas dab\u0101 eso\u0161am valsts autoce\u013ca kilometra stabi\u0146am (piem\u0113ram, autoce\u013ca A3 15. km).<\/li>\n<li><a href=\"https:\/\/developers.kartes.lv\/lv\/roadkm\/\" target=\"_blank\" rel=\"noopener noreferrer\">Ce\u013ca kilometri<\/a> \u2013 dod koordin\u0101tas konkr\u0113ta valsts autoce\u013ca att\u0101luma atz\u012bmei (piem\u0113ram, autoce\u013ca V300 9,4 km) vai att\u0101luma atz\u012bmi pras\u012btaj\u0101m koordin\u0101t\u0101m.<\/li>\n<li><a href=\"https:\/\/developers.kartes.lv\/lv\/roaddetail\/\" target=\"_blank\" rel=\"noopener noreferrer\">Ce\u013ca inform\u0101cija<\/a> \u2013 pied\u0101v\u0101 ce\u013ca inform\u0101ciju par doto ce\u013ca posmu (koordin\u0101t\u0101m).<\/li>\n<li><a href=\"https:\/\/developers.kartes.lv\/lv\/cadastre\/\" target=\"_blank\" rel=\"noopener noreferrer\">Kadastra inform\u0101cija<\/a> \u2013 \u013cauj atrast kadastra vien\u012bbu p\u0113c kadastra apz\u012bm\u0113juma; atgrie\u017e dotaj\u0101m koordin\u0101t\u0101m (vai atra\u0161an\u0101s vietai) atbilsto\u0161o kadastra apz\u012bm\u0113jumu un papildinform\u0101ciju par to.<\/li>\n<\/ul>\n<section id=\"sec5\" class=\" section-padding onepage-section\">\n<div class=\"container\">\n<div class=\"section-title-area\" style=\"text-align: left;\">\n<h2 class=\"section-title\" style=\"font-size: 24px;\">Paveiktie darbi\/Klientu atsauksmes<\/h2>\n<\/div>\n<div class=\"section-content\">\n<div class=\"row\">\n<div class=\"feature-item col-lg-4 col-sm-6 wow slideInUp\" style=\"visibility: visible; animation-name: slideInUp;\">\n<div class=\"feature-media\" style=\"text-align: initial;\"><img decoding=\"async\" class=\"size-medium wp-image-4626 alignnone\" src=\"https:\/\/www.kartes.lv\/wp-content\/uploads\/2020\/08\/karte.png\" alt=\"\" width=\"300\" \/><\/div>\n<h4 style=\"text-align: left;\">Pamatkartes<\/h4>\n<div>\n<p style=\"text-align: left;\">&#8220;&#8221;J\u0101\u0146a s\u0113tas&#8221; pamatkarti WMS form\u0101t\u0101 izmantojam darbvirsmas programm\u0101s ikdienas darbam. Kartes detaliz\u0101cija un kvalitat\u012bvais saturs vis\u0101 Latvijas teritorij\u0101 \u013cauj skaidri nov\u0113rt\u0113t gan m\u016bsu resursu izvietojumu, gan pl\u0101not darbus (piek\u013cuvi objektiem, t\u0101s apst\u0101k\u013cus) da\u017e\u0101d\u0101 telpiskaj\u0101 \u0123eneraliz\u0101cij\u0101 \u2013 gan valsts m\u0113rog\u0101, gan visliel\u0101kaj\u0101 pietuvin\u0101jum\u0101.&#8221;<\/p>\n<p style=\"text-align: left;\"><strong>Edijs Erdmanis<\/strong>, AS \u201cAugstsprieguma t\u012bkls\u201d IT projektu vad\u012bt\u0101js<\/p>\n<\/div>\n<\/div>\n<div class=\"feature-item col-lg-4 col-sm-6 wow slideInUp\" style=\"visibility: visible; animation-name: slideInUp;\">\n<p><img decoding=\"async\" class=\"wp-image-11187 size-medium alignleft\" src=\"https:\/\/www.kartes.lv\/wp-content\/uploads\/2020\/08\/adrese.png\" alt=\"\" width=\"300\" \/><\/p>\n<h4 style=\"text-align: left;\"><\/h4>\n<h4 style=\"text-align: left;\"><\/h4>\n<h4 style=\"text-align: left;\">Adreses<\/h4>\n<div>\n<p style=\"text-align: left;\">&#8220;Mazumtirdzniec\u012bbas e-komercija m\u016bsdien\u0101s pa\u013caujas uz korektu inform\u0101ciju par klienta atra\u0161an\u0101s vietu. Kad uzs\u0101k\u0101m darbu \u0161aj\u0101 virzien\u0101, konstat\u0113j\u0101m, ka t\u0101di glob\u0101lie datu pieg\u0101d\u0101t\u0101ji k\u0101 <em>Google<\/em> nesp\u0113j nodro\u0161in\u0101t prec\u012bzus datus. &#8220;J\u0101\u0146a s\u0113tas&#8221; adre\u0161u servisi, kas balst\u0101s uz Latvijas, Igaunijas un Lietuvas ofici\u0101laj\u0101m adres\u0113m, ne\u013cauj k\u013c\u016bd\u012bties ar adreses ievadi, kas ietaupa m\u016bsu un klientu laiku un izmaksas. Sekojot l\u012bdzi m\u016bsu vajadz\u012bb\u0101m, &#8220;J\u0101\u0146a s\u0113ta&#8221; sp\u0113ja papildin\u0101t savus servisus ar nepiecie\u0161amo funkcionalit\u0101ti, lai pan\u0101ktu optim\u0101lu rezult\u0101tu m\u016bsu m\u0113r\u0137u sasnieg\u0161anai.&#8221;<\/p>\n<p style=\"text-align: left;\"><strong>J\u0101nis Jakaitis<\/strong>, SIA \u201cRimi Baltic\u201d tie\u0161saistes risin\u0101jumu izstr\u0101des grupas vad\u012bt\u0101js<\/p>\n<\/div>\n<\/div>\n<div class=\"feature-item col-lg-4 col-sm-6 wow slideInUp\" style=\"visibility: visible; animation-name: slideInUp;\">\n<div class=\"feature-media\" style=\"text-align: left;\"><img decoding=\"async\" class=\"alignnone wp-image-11271 size-medium\" src=\"https:\/\/www.kartes.lv\/wp-content\/uploads\/2020\/08\/routing.png\" alt=\"\" width=\"300\" \/><\/div>\n<h4 style=\"text-align: left;\">Mar\u0161rutu izveide<\/h4>\n<div style=\"text-align: left;\">\n<p style=\"text-align: left;\">&#8220;<em>Mappost<\/em> ikdiena ir saist\u012bta ar mar\u0161rutu optimiz\u0101ciju specifisku klientu interes\u0113m (atkritumu apsaimnieko\u0161ana, p\u0101rtikas un s\u016bt\u012bjumu pieg\u0101de, me\u017esaimniec\u012bba u.c.), kuras b\u016btu sare\u017e\u0123\u012bti apmierin\u0101t bez &#8220;J\u0101\u0146a s\u0113tas&#8221; kvalitat\u012bvajiem Latvijas ce\u013cu datiem. &#8220;J\u0101\u0146a s\u0113ta&#8221; ir gatavi rad\u012bt piel\u0101gotus mar\u0161rut\u0113\u0161anas servisus, kas \u0146em v\u0113r\u0101 da\u017e\u0101dus ierobe\u017eojumus, \u012bpa\u0161u \u0101trumu matricu un citus papildin\u0101jumus. Ce\u013cu dati p\u0113c klienta specifiskaj\u0101m biznesa pras\u012bb\u0101m var tikt piel\u0101goti un papildin\u0101ti, rea\u0123\u0113jot \u0101tri un datus preciz\u0113jot. Turkl\u0101t &#8220;J\u0101\u0146a s\u0113tas&#8221; datu speci\u0101listi sp\u0113j rad\u012bt mar\u0161rut\u0113\u0161anas servisus no gandr\u012bz jebkuriem datiem gandr\u012bz jebkurai vietai.&#8221;<\/p>\n<p style=\"text-align: left;\"><strong>M\u0101rti\u0146\u0161 Vimba<\/strong>, SIA \u201cMappost\u201d valdes loceklis<\/p>\n<\/div>\n<\/div>\n<\/div>\n<\/div>\n<\/div>\n<\/section>\n<p><\/p>","protected":false},"excerpt":{"rendered":"<p>\u201cJ\u0101\u0146a s\u0113ta\u201d ir rad\u012bjusi pla\u0161u \u0123eotelpisko servisu API kl\u0101stu, kas paredz\u0113ts da\u017e\u0101d\u0101m biznesa vajadz\u012bb\u0101m, s\u0101kot no t\u016brisma jomas, beidzot ar lauka darbu pl\u0101no\u0161anu un lo\u0123istiku. \u201cJ\u0101\u0146a s\u0113ta\u201d, pamatojoties uz saviem &#8230;<\/p>\n","protected":false},"author":4,"featured_media":0,"parent":0,"menu_order":0,"comment_status":"closed","ping_status":"closed","template":"","meta":{"footnotes":""},"class_list":["post-11403","page","type-page","status-publish","hentry"],"_links":{"self":[{"href":"https:\/\/www.kartes.lv\/lv\/wp-json\/wp\/v2\/pages\/11403","targetHints":{"allow":["GET"]}}],"collection":[{"href":"https:\/\/www.kartes.lv\/lv\/wp-json\/wp\/v2\/pages"}],"about":[{"href":"https:\/\/www.kartes.lv\/lv\/wp-json\/wp\/v2\/types\/page"}],"author":[{"embeddable":true,"href":"https:\/\/www.kartes.lv\/lv\/wp-json\/wp\/v2\/users\/4"}],"replies":[{"embeddable":true,"href":"https:\/\/www.kartes.lv\/lv\/wp-json\/wp\/v2\/comments?post=11403"}],"version-history":[{"count":32,"href":"https:\/\/www.kartes.lv\/lv\/wp-json\/wp\/v2\/pages\/11403\/revisions"}],"predecessor-version":[{"id":21300,"href":"https:\/\/www.kartes.lv\/lv\/wp-json\/wp\/v2\/pages\/11403\/revisions\/21300"}],"wp:attachment":[{"href":"https:\/\/www.kartes.lv\/lv\/wp-json\/wp\/v2\/media?parent=11403"}],"curies":[{"name":"wp","href":"https:\/\/api.w.org\/{rel}","templated":true}]}}